{"id":5152,"date":"2021-12-10T10:17:25","date_gmt":"2021-12-10T09:17:25","guid":{"rendered":"https:\/\/www.hoteltermebologna.com\/abano-terme\/"},"modified":"2022-03-18T12:59:25","modified_gmt":"2022-03-18T11:59:25","slug":"abano-terme","status":"publish","type":"page","link":"https:\/\/www.hoteltermebologna.com\/de\/abano-terme\/","title":{"rendered":"Abano Terme"},"content":{"rendered":"<div  class=\"grids-section grids-is-advanced alignfull\" style=\"--_gs-gap-desktop:0px 0px;--_gs-m-desktop:0 0 0 0;--_gs-p-desktop:0 0 0 0;--_gs-bg-desktop:transparent none;--_gs-bg-xp-desktop:0px;--_gs-zi-desktop:auto;--_gs-d-desktop:block;--_gs-mw-desktop:calc(100% - 0 - 0);--_gs-gap-tablet:0px 0px;--_gs-m-tablet:0 0 0 0;--_gs-p-tablet:0 0 0 0;--_gs-bg-tablet:transparent none;--_gs-bg-xp-tablet:0px;--_gs-zi-tablet:auto;--_gs-d-tablet:block;--_gs-mw-tablet:calc(100% - 0 - 0);--_gs-gap-mobile:0px 0px;--_gs-m-mobile:0 0 0 0;--_gs-p-mobile:0 0 0 0;--_gs-bg-mobile:transparent none;--_gs-bg-xp-mobile:0px;--_gs-zi-mobile:auto;--_gs-d-mobile:block;--_gs-mw-mobile:calc(100% - 0 - 0);--_gs-columns:12;--_gs-rows:6\"><div class=\"grids-s-w_i\">\n<div class=\"grids-area\" style=\"--_ga-column:2\/12;--_ga-row:1\/7;--_ga-m-desktop:0 0 0 0;--_ga-p-desktop:0 0 0 0;--_ga-bg-desktop:transparent none;--_ga-zi-desktop:auto;--_ga-d-desktop:flex;--_ga-mw-desktop:calc(100% - 0 - 0);--_ga-m-tablet:0 0 0 0;--_ga-p-tablet:0 0 0 0;--_ga-bg-tablet:transparent none;--_ga-zi-tablet:auto;--_ga-d-tablet:flex;--_ga-mw-tablet:calc(100% - 0 - 0);--_ga-m-mobile:0 0 0 0;--_ga-p-mobile:0 0 0 0;--_ga-bg-mobile:transparent none;--_ga-zi-mobile:auto;--_ga-d-mobile:flex;--_ga-mw-mobile:calc(100% - 0 - 0)\">\n\n<h3 class=\"wp-block-heading\">Was k\u00f6nnen Sie in Ihrer Freizeit in <strong>Abano Terme <\/strong>unternehmen?<\/h3>\n\n\n\n<p>Wir erinnern Sie daran, da\u00df der <strong>WOCHENMARKT <\/strong>in Abano am <strong>MITTWOCH<\/strong> auf dem Marktplatz stattfindet. In Montegrotto donnerstags; in Padua, in Prato della valle, samstags.<\/p>\n\n\n\n<p>Wir befinden uns nur wenige Schritte vom Stadtzentrum entfernt, wo Sie einige Sehensw\u03cbrdigkeiten besichtigen k\u00f6nnen, die in wenigen Minuten erreichbar sind, wie zum Beispiel:<\/p>\n\n\n\n<ul class=\"wp-block-list\"><li>die <strong>Kathedrale von San Lorenzo<\/strong>, aus dem Jahr 1200 d.C,mit dem Glockenturm und einer sch\u00f6nen Orgel im Inneren;<\/li><li><strong>Piazza della Meridiana<\/strong>, ein sch\u00f6nes Kunstwerk mit Marmor in verschiedenen Farben;<\/li><li>der <strong>Montirone H\u00fcgel<\/strong>, wo einst das Thermalwasser ausstr\u00f6mte und wo sich jetzt ein sch\u00f6ner Garten mit Statuen und dorischen Elementen befindet;<\/li><li>der <strong>Thermal Urban Park<\/strong>, eine gro\u00dfe Gr\u00fcnfl\u00e4che mit Radwegen, Spielen, B\u00e4nken, B\u00e4umen und Gesch\u00e4ften aller Art. Zu Weihnachten findet der traditionelle Markt statt und im Fr\u00fchling gibt es Veranstaltungen im Zusammenhang mit Gesundheit, Kr\u00e4utern und aromatischen Pflanzen, Sport.<\/li><\/ul>\n\n\n\n<p>Abano Terme gibt es im Laufe des Jahres mehrere Veranstaltungen, die von Sport (wie das internationale Jugendfu\u00dfballturnier), Kultur (wie die Fiera delle Parole), Gastronomie bis zu Musik (wie das Oster- und Weihnachtskonzert) und Kino (wie das Euganea Film Festival).<\/p>\n\n\n\r\n    <div class=\"custom-gallery-wrapper custom-gallery-wrapper-column-1\">\r\n                <span class=\"enable-fullscreen\" onclick=\"showHideFotorama('custom-gallery_1', 0);\">\r\n            <i class=\"far fa-expand\"><\/i>\r\n        <\/span>\r\n                                        <figure class=\"full-width gallery-wrapper-image gallery-wrapper-image-0\" onclick=\"showHideFotorama('custom-gallery_1', 0);\">\r\n                <img decoding=\"async\" class=\"gallery-wrapper-image-small\" src=\"https:\/\/www.hoteltermebologna.com\/wp-content\/uploads\/2021\/12\/abano.jpg\">\r\n            <\/figure>\r\n                        <\/div>\r\n\r\n    <div style=\"width:1px;height:1px;position:absolute;\" name=\"fotorama\" id=\"custom-gallery_1\" class=\"fotorama\" data-width=\"100%\"  data-nav=\"thumbs\"  data-allowfullscreen=\"true\" >\r\n                    <img decoding=\"async\" src=\"https:\/\/www.hoteltermebologna.com\/wp-content\/uploads\/2021\/12\/abano.jpg\" class=\"attachment-full skip-lazy\" \/>\r\n            <\/div>\r\n\r\n\n\n<\/div>\n<\/div><\/div>\n\n<div  class=\"grids-section grids-is-advanced alignfull\" style=\"--_gs-gap-desktop:0px 0px;--_gs-m-desktop:0 0 0 0;--_gs-p-desktop:0 0 0 0;--_gs-bg-desktop:transparent none;--_gs-bg-xp-desktop:0px;--_gs-zi-desktop:auto;--_gs-d-desktop:block;--_gs-mw-desktop:calc(100% - 0 - 0);--_gs-gap-tablet:0px 0px;--_gs-m-tablet:0 0 0 0;--_gs-p-tablet:0 0 0 0;--_gs-bg-tablet:transparent none;--_gs-bg-xp-tablet:0px;--_gs-zi-tablet:auto;--_gs-d-tablet:block;--_gs-mw-tablet:calc(100% - 0 - 0);--_gs-gap-mobile:0px 0px;--_gs-m-mobile:0 0 0 0;--_gs-p-mobile:0 0 0 0;--_gs-bg-mobile:transparent none;--_gs-bg-xp-mobile:0px;--_gs-zi-mobile:auto;--_gs-d-mobile:block;--_gs-mw-mobile:calc(100% - 0 - 0);--_gs-columns:12;--_gs-rows:6\"><div class=\"grids-s-w_i\">\n<div class=\"grids-area\" style=\"--_ga-column:2\/12;--_ga-row:1\/7;--_ga-m-desktop:0 0 0 0;--_ga-p-desktop:0 0 0 0;--_ga-bg-desktop:transparent none;--_ga-zi-desktop:auto;--_ga-d-desktop:flex;--_ga-mw-desktop:calc(100% - 0 - 0);--_ga-m-tablet:0 0 0 0;--_ga-p-tablet:0 0 0 0;--_ga-bg-tablet:transparent none;--_ga-zi-tablet:auto;--_ga-d-tablet:flex;--_ga-mw-tablet:calc(100% - 0 - 0);--_ga-m-mobile:0 0 0 0;--_ga-p-mobile:0 0 0 0;--_ga-bg-mobile:transparent none;--_ga-zi-mobile:auto;--_ga-d-mobile:flex;--_ga-mw-mobile:calc(100% - 0 - 0)\">\n\n<p>Die Hauptstra\u00dfe, <strong>Viale delle Terme<\/strong>, ist eine Fu\u00dfg\u00e4ngerzone, in der Sie:<\/p>\n\n\n\n<ul class=\"wp-block-list\"><li>in absoluter Sicherheit spazieren gehen k\u00f6nnen und eine Pause mit einem ausgezeichneten hausgemachten Eis, einem guten Kaffee oder einem Aperitif genie\u00dfen k\u00f6nnen;<\/li><li>in den vielen Gesch\u00e4ften f\u00fcr Kunsthandwerk, Kleidung und Accessoires, gastronomische Produkte und Juweliere einkaufen k\u00f6nnen;<\/li><li>sich in einer der vielen B\u00e4nken, in den G\u00e4rten und Parks, die sich in der Umgebung befinden ausruhen k\u00f6nnen.<\/li><\/ul>\n\n\n\n<p>Das<strong> Heiligtum von Monteortone<\/strong>, eine 10-min\u00fctige Fahrt von unserem Hotel entfernt, ist auf jeden Fall einen Besuch wert. Ein Ort stiller Religiosit\u00e4t, Ruhe und Frieden, umgeben von Werken au\u00dfergew\u00f6hnlicher K\u00fcnstler wie Jacopo da Montagnana, und umgeben von viel Gr\u03cbn. Im Inneren finden Sie auch einen suggestiven Kreuzgang, in dem Sie unter den Arkaden spazieren gehen und vielleicht anhalten k\u00f6nnen, um einen ausgezeichneten Kaffee und Cappuccino an der Bar zu genie\u00dfen.<\/p>\n\n\n\n<p>Haben wir Sie fasziniert? Wir denken ja, aber um selbst die Sch\u00f6nheiten der Euganeischen H\u00fcgel zu entdecken, laden wir Sie ein, ein paar Tage Urlaub in unserem Hotel in Abano zu verbringen, um auch die Vorteile der Thermalbehandlungen auszuprobieren, die wir in unserem Hotel anbieten.<\/p>\n\n<\/div>\n<\/div><\/div>\n\n<div  class=\"grids-section grids-is-advanced\" style=\"--_gs-gap-desktop:0px 0px;--_gs-m-desktop:0 0 0 0;--_gs-p-desktop:0 0 0 0;--_gs-bg-desktop:transparent none;--_gs-bg-xp-desktop:0px;--_gs-zi-desktop:auto;--_gs-d-desktop:block;--_gs-mw-desktop:calc(100% - 0 - 0);--_gs-gap-tablet:0px 0px;--_gs-m-tablet:0 0 0 0;--_gs-p-tablet:0 0 0 0;--_gs-bg-tablet:transparent none;--_gs-bg-xp-tablet:0px;--_gs-zi-tablet:auto;--_gs-d-tablet:block;--_gs-mw-tablet:calc(100% - 0 - 0);--_gs-gap-mobile:0px 0px;--_gs-m-mobile:0 0 0 0;--_gs-p-mobile:0 0 0 0;--_gs-bg-mobile:transparent none;--_gs-bg-xp-mobile:0px;--_gs-zi-mobile:auto;--_gs-d-mobile:block;--_gs-mw-mobile:calc(100% - 0 - 0);--_gs-columns:12;--_gs-rows:6\"><div class=\"grids-s-w_i\">\n<div class=\"grids-area\" style=\"--_ga-column:2\/12;--_ga-row:1\/7;--_ga-m-desktop:0 0 0 0;--_ga-p-desktop:0 0 0 0;--_ga-bg-desktop:transparent none;--_ga-zi-desktop:auto;--_ga-d-desktop:flex;--_ga-mw-desktop:calc(100% - 0 - 0);--_ga-m-tablet:0 0 0 0;--_ga-p-tablet:0 0 0 0;--_ga-bg-tablet:transparent none;--_ga-zi-tablet:auto;--_ga-d-tablet:flex;--_ga-mw-tablet:calc(100% - 0 - 0);--_ga-m-mobile:0 0 0 0;--_ga-p-mobile:0 0 0 0;--_ga-bg-mobile:transparent none;--_ga-zi-mobile:auto;--_ga-d-mobile:flex;--_ga-mw-mobile:calc(100% - 0 - 0)\">\n<div  class=\"grids-section grids-is-advanced\" style=\"--_gs-gap-desktop:0px 0px;--_gs-m-desktop:0 0 0 0;--_gs-p-desktop:0 0 0 0;--_gs-bg-desktop:transparent none;--_gs-bg-xp-desktop:0px;--_gs-zi-desktop:auto;--_gs-d-desktop:block;--_gs-mw-desktop:calc(100% - 0 - 0);--_gs-gap-tablet:0px 0px;--_gs-m-tablet:0 0 0 0;--_gs-p-tablet:0 0 0 0;--_gs-bg-tablet:transparent none;--_gs-bg-xp-tablet:0px;--_gs-zi-tablet:auto;--_gs-d-tablet:block;--_gs-mw-tablet:calc(100% - 0 - 0);--_gs-gap-mobile:0px 0px;--_gs-m-mobile:0 0 0 0;--_gs-p-mobile:0 0 0 0;--_gs-bg-mobile:transparent none;--_gs-bg-xp-mobile:0px;--_gs-zi-mobile:auto;--_gs-d-mobile:block;--_gs-mw-mobile:calc(100% - 0 - 0);--_gs-columns:12;--_gs-rows:6\"><div class=\"grids-s-w_i\">\n<div class=\"grids-area\" style=\"--_ga-column:1\/14;--_ga-row:1\/8;--_ga-m-desktop:0 0 0 0;--_ga-p-desktop:0 0 0 0;--_ga-bg-desktop:transparent none;--_ga-zi-desktop:auto;--_ga-d-desktop:flex;--_ga-mw-desktop:calc(100% - 0 - 0);--_ga-m-tablet:0 0 0 0;--_ga-p-tablet:0 0 0 0;--_ga-bg-tablet:transparent none;--_ga-zi-tablet:auto;--_ga-d-tablet:flex;--_ga-mw-tablet:calc(100% - 0 - 0);--_ga-m-mobile:0 0 0 0;--_ga-p-mobile:0 0 0 0;--_ga-bg-mobile:transparent none;--_ga-zi-mobile:auto;--_ga-d-mobile:flex;--_ga-mw-mobile:calc(100% - 0 - 0)\"><\/div>\n<\/div><\/div>\n\n\n<h2 class=\"wp-block-heading\">Sie k\u00f6nnten auch interessiert sein an\u2026<\/h2>\n\n\n\r\n    <div class=\"related-pages-container\">\r\n                                 <div class=\"single-related-page-container\">\r\n                <a href=\"https:\/\/www.hoteltermebologna.com\/de\/wellness\/\">\r\n                    <figure class=\"full-width\">\r\n                        <img decoding=\"async\" src=\"https:\/\/www.hoteltermebologna.com\/wp-content\/uploads\/2021\/12\/piscina-scoperta-idromassaggio-3.jpg\" \/>\r\n                    <\/figure>\r\n                <\/a>\r\n                <a href=\"https:\/\/www.hoteltermebologna.com\/de\/wellness\/\">\r\n                    <h3 class=\"related-page-title\">\r\n                        Wellness                    <\/h3>\r\n                <\/a>\r\n                <a href=\"https:\/\/www.hoteltermebologna.com\/de\/wellness\/\" class=\"btn btn-center\">\r\n                    Entdecke Sie mehr                <\/a>\r\n            <\/div>\r\n                                 <div class=\"single-related-page-container\">\r\n                <a href=\"https:\/\/www.hoteltermebologna.com\/de\/fotogalerie\/\">\r\n                    <figure class=\"full-width\">\r\n                        <img decoding=\"async\" src=\"https:\/\/www.hoteltermebologna.com\/wp-content\/uploads\/2021\/12\/hotel-terme-bologna-colazione-3.jpg\" \/>\r\n                    <\/figure>\r\n                <\/a>\r\n                <a href=\"https:\/\/www.hoteltermebologna.com\/de\/fotogalerie\/\">\r\n                    <h3 class=\"related-page-title\">\r\n                        Fotogalerie                    <\/h3>\r\n                <\/a>\r\n                <a href=\"https:\/\/www.hoteltermebologna.com\/de\/fotogalerie\/\" class=\"btn btn-center\">\r\n                    Entdecke Sie mehr                <\/a>\r\n            <\/div>\r\n                                 <div class=\"single-related-page-container\">\r\n                <a href=\"https:\/\/www.hoteltermebologna.com\/de\/angebote\/\">\r\n                    <figure class=\"full-width\">\r\n                        <img decoding=\"async\" src=\"https:\/\/www.hoteltermebologna.com\/wp-content\/uploads\/2021\/12\/hotel-terme-bologna-ristorante-facciata_e.jpg\" \/>\r\n                    <\/figure>\r\n                <\/a>\r\n                <a href=\"https:\/\/www.hoteltermebologna.com\/de\/angebote\/\">\r\n                    <h3 class=\"related-page-title\">\r\n                        Angebote                    <\/h3>\r\n                <\/a>\r\n                <a href=\"https:\/\/www.hoteltermebologna.com\/de\/angebote\/\" class=\"btn btn-center\">\r\n                    Entdecke Sie mehr                <\/a>\r\n            <\/div>\r\n            <\/div>\r\n\n\n<\/div>\n<\/div><\/div>\n\n<div  class=\"grids-section logos-list-container grids-is-advanced alignfull\" style=\"--_gs-gap-desktop:0px 0px;--_gs-m-desktop:0 0 0 0;--_gs-p-desktop:0 0 0 0;--_gs-bg-desktop:transparent none;--_gs-bg-xp-desktop:0px;--_gs-zi-desktop:auto;--_gs-d-desktop:block;--_gs-mw-desktop:calc(100% - 0 - 0);--_gs-gap-tablet:0px 0px;--_gs-m-tablet:0 0 0 0;--_gs-p-tablet:0 0 0 0;--_gs-bg-tablet:transparent none;--_gs-bg-xp-tablet:0px;--_gs-zi-tablet:auto;--_gs-d-tablet:block;--_gs-mw-tablet:calc(100% - 0 - 0);--_gs-gap-mobile:0px 0px;--_gs-m-mobile:0 0 0 0;--_gs-p-mobile:0 0 0 0;--_gs-bg-mobile:transparent none;--_gs-bg-xp-mobile:0px;--_gs-zi-mobile:auto;--_gs-d-mobile:block;--_gs-mw-mobile:calc(100% - 0 - 0);--_gs-columns:12;--_gs-rows:6\"><div class=\"grids-s-w_i\">\n<div class=\"grids-area\" style=\"--_ga-column:2\/12;--_ga-row:1\/7;--_ga-m-desktop:0 0 0 0;--_ga-p-desktop:0 0 0 0;--_ga-bg-desktop:transparent none;--_ga-zi-desktop:auto;--_ga-d-desktop:flex;--_ga-mw-desktop:calc(100% - 0 - 0);--_ga-m-tablet:0 0 0 0;--_ga-p-tablet:0 0 0 0;--_ga-bg-tablet:transparent none;--_ga-zi-tablet:auto;--_ga-d-tablet:flex;--_ga-mw-tablet:calc(100% - 0 - 0);--_ga-m-mobile:0 0 0 0;--_ga-p-mobile:0 0 0 0;--_ga-bg-mobile:transparent none;--_ga-zi-mobile:auto;--_ga-d-mobile:flex;--_ga-mw-mobile:calc(100% - 0 - 0)\">\n\n<figure class=\"wp-block-image size-full\"><a href=\"https:\/\/www.hoteltermemilano.com\/\" target=\"_blank\" rel=\"noopener\"><img loading=\"lazy\" decoding=\"async\" width=\"85\" height=\"50\" src=\"https:\/\/www.hoteltermebologna.com\/wp-content\/uploads\/2021\/12\/logo-milano.png\" alt=\"\" class=\"wp-image-3190\"\/><\/a><\/figure>\n\n\n\n<figure class=\"wp-block-image size-full\"><a href=\"https:\/\/www.hotelveniceresort.com\/\" target=\"_blank\" rel=\"noopener\"><img loading=\"lazy\" decoding=\"async\" width=\"76\" height=\"49\" src=\"https:\/\/www.hoteltermebologna.com\/wp-content\/uploads\/2021\/10\/veniceresort.png\" alt=\"\" class=\"wp-image-795\"\/><\/a><\/figure>\n\n\n\n<figure class=\"wp-block-image size-full\"><img loading=\"lazy\" decoding=\"async\" width=\"70\" height=\"51\" src=\"https:\/\/www.hoteltermebologna.com\/wp-content\/uploads\/2021\/12\/ospitalita-lnk.jpg\" alt=\"\" class=\"wp-image-3193\"\/><\/figure>\n\n\n\n<figure class=\"wp-block-image size-full\"><img loading=\"lazy\" decoding=\"async\" width=\"73\" height=\"61\" src=\"https:\/\/www.hoteltermebologna.com\/wp-content\/uploads\/2021\/10\/teatro-lnk-1.jpg\" alt=\"\" class=\"wp-image-809\"\/><\/figure>\n\n\n\n<figure class=\"wp-block-image size-full\"><img loading=\"lazy\" decoding=\"async\" width=\"130\" height=\"60\" src=\"https:\/\/www.hoteltermebologna.com\/wp-content\/uploads\/2021\/10\/veneto-golf-hill-1.png\" alt=\"\" class=\"wp-image-808\"\/><\/figure>\n\n<\/div>\n<\/div><\/div>","protected":false},"excerpt":{"rendered":"","protected":false},"author":1,"featured_media":3747,"parent":0,"menu_order":0,"comment_status":"closed","ping_status":"closed","template":"","meta":{"_acf_changed":false,"advgb_blocks_editor_width":"","advgb_blocks_columns_visual_guide":"","footnotes":""},"class_list":["post-5152","page","type-page","status-publish","has-post-thumbnail","hentry","entry"],"acf":[],"yoast_head":"<!-- This site is optimized with the Yoast SEO plugin v25.7 - https:\/\/yoast.com\/wordpress\/plugins\/seo\/ -->\n<title>Abano Terme - Hotel Terme Bologna<\/title>\n<meta name=\"description\" content=\"In Abano Terme finden das ganze Jahr \u00fcber verschiedene Veranstaltungen statt, von Sport \u00fcber Kultur und Gastronomie bis hin zu Musik und Kino.\" \/>\n<meta name=\"robots\" content=\"index, follow, max-snippet:-1, max-image-preview:large, max-video-preview:-1\" \/>\n<link rel=\"canonical\" href=\"https:\/\/www.hoteltermebologna.com\/de\/abano-terme\/\" \/>\n<meta property=\"og:locale\" content=\"de_DE\" \/>\n<meta property=\"og:type\" content=\"article\" \/>\n<meta property=\"og:title\" content=\"Abano Terme - Hotel Terme Bologna\" \/>\n<meta property=\"og:description\" content=\"In Abano Terme finden das ganze Jahr \u00fcber verschiedene Veranstaltungen statt, von Sport \u00fcber Kultur und Gastronomie bis hin zu Musik und Kino.\" \/>\n<meta property=\"og:url\" content=\"https:\/\/www.hoteltermebologna.com\/de\/abano-terme\/\" \/>\n<meta property=\"og:site_name\" content=\"Hotel Terme Bologna\" \/>\n<meta property=\"article:modified_time\" content=\"2022-03-18T11:59:25+00:00\" \/>\n<meta property=\"og:image\" content=\"https:\/\/www.hoteltermebologna.com\/wp-content\/uploads\/2021\/12\/abano-parco.jpg\" \/>\n\t<meta property=\"og:image:width\" content=\"1200\" \/>\n\t<meta property=\"og:image:height\" content=\"800\" \/>\n\t<meta property=\"og:image:type\" content=\"image\/jpeg\" \/>\n<meta name=\"twitter:card\" content=\"summary_large_image\" \/>\n<meta name=\"twitter:label1\" content=\"Gesch\u00e4tzte Lesezeit\" \/>\n\t<meta name=\"twitter:data1\" content=\"4\u00a0Minuten\" \/>\n<script type=\"application\/ld+json\" class=\"yoast-schema-graph\">{\"@context\":\"https:\/\/schema.org\",\"@graph\":[{\"@type\":\"WebPage\",\"@id\":\"https:\/\/www.hoteltermebologna.com\/de\/abano-terme\/\",\"url\":\"https:\/\/www.hoteltermebologna.com\/de\/abano-terme\/\",\"name\":\"Abano Terme - Hotel Terme Bologna\",\"isPartOf\":{\"@id\":\"https:\/\/www.hoteltermebologna.com\/de\/#website\"},\"primaryImageOfPage\":{\"@id\":\"https:\/\/www.hoteltermebologna.com\/de\/abano-terme\/#primaryimage\"},\"image\":{\"@id\":\"https:\/\/www.hoteltermebologna.com\/de\/abano-terme\/#primaryimage\"},\"thumbnailUrl\":\"https:\/\/www.hoteltermebologna.com\/wp-content\/uploads\/2021\/12\/abano-parco.jpg\",\"datePublished\":\"2021-12-10T09:17:25+00:00\",\"dateModified\":\"2022-03-18T11:59:25+00:00\",\"description\":\"In Abano Terme finden das ganze Jahr \u00fcber verschiedene Veranstaltungen statt, von Sport \u00fcber Kultur und Gastronomie bis hin zu Musik und Kino.\",\"breadcrumb\":{\"@id\":\"https:\/\/www.hoteltermebologna.com\/de\/abano-terme\/#breadcrumb\"},\"inLanguage\":\"de\",\"potentialAction\":[{\"@type\":\"ReadAction\",\"target\":[\"https:\/\/www.hoteltermebologna.com\/de\/abano-terme\/\"]}]},{\"@type\":\"ImageObject\",\"inLanguage\":\"de\",\"@id\":\"https:\/\/www.hoteltermebologna.com\/de\/abano-terme\/#primaryimage\",\"url\":\"https:\/\/www.hoteltermebologna.com\/wp-content\/uploads\/2021\/12\/abano-parco.jpg\",\"contentUrl\":\"https:\/\/www.hoteltermebologna.com\/wp-content\/uploads\/2021\/12\/abano-parco.jpg\",\"width\":1200,\"height\":800},{\"@type\":\"BreadcrumbList\",\"@id\":\"https:\/\/www.hoteltermebologna.com\/de\/abano-terme\/#breadcrumb\",\"itemListElement\":[{\"@type\":\"ListItem\",\"position\":1,\"name\":\"Home\",\"item\":\"https:\/\/www.hoteltermebologna.com\/de\/\"},{\"@type\":\"ListItem\",\"position\":2,\"name\":\"Abano Terme\"}]},{\"@type\":\"WebSite\",\"@id\":\"https:\/\/www.hoteltermebologna.com\/de\/#website\",\"url\":\"https:\/\/www.hoteltermebologna.com\/de\/\",\"name\":\"Hotel Terme Bologna\",\"description\":\"Abano Terme\",\"publisher\":{\"@id\":\"https:\/\/www.hoteltermebologna.com\/de\/#organization\"},\"potentialAction\":[{\"@type\":\"SearchAction\",\"target\":{\"@type\":\"EntryPoint\",\"urlTemplate\":\"https:\/\/www.hoteltermebologna.com\/de\/?s={search_term_string}\"},\"query-input\":{\"@type\":\"PropertyValueSpecification\",\"valueRequired\":true,\"valueName\":\"search_term_string\"}}],\"inLanguage\":\"de\"},{\"@type\":\"Organization\",\"@id\":\"https:\/\/www.hoteltermebologna.com\/de\/#organization\",\"name\":\"Hotel Terme Bologna\",\"url\":\"https:\/\/www.hoteltermebologna.com\/de\/\",\"logo\":{\"@type\":\"ImageObject\",\"inLanguage\":\"de\",\"@id\":\"https:\/\/www.hoteltermebologna.com\/de\/#\/schema\/logo\/image\/\",\"url\":\"https:\/\/www.hoteltermebologna.com\/wp-content\/uploads\/2021\/12\/logo-terme-bologna.png\",\"contentUrl\":\"https:\/\/www.hoteltermebologna.com\/wp-content\/uploads\/2021\/12\/logo-terme-bologna.png\",\"width\":205,\"height\":147,\"caption\":\"Hotel Terme Bologna\"},\"image\":{\"@id\":\"https:\/\/www.hoteltermebologna.com\/de\/#\/schema\/logo\/image\/\"}}]}<\/script>\n<!-- \/ Yoast SEO plugin. -->","yoast_head_json":{"title":"Abano Terme - Hotel Terme Bologna","description":"In Abano Terme finden das ganze Jahr \u00fcber verschiedene Veranstaltungen statt, von Sport \u00fcber Kultur und Gastronomie bis hin zu Musik und Kino.","robots":{"index":"index","follow":"follow","max-snippet":"max-snippet:-1","max-image-preview":"max-image-preview:large","max-video-preview":"max-video-preview:-1"},"canonical":"https:\/\/www.hoteltermebologna.com\/de\/abano-terme\/","og_locale":"de_DE","og_type":"article","og_title":"Abano Terme - Hotel Terme Bologna","og_description":"In Abano Terme finden das ganze Jahr \u00fcber verschiedene Veranstaltungen statt, von Sport \u00fcber Kultur und Gastronomie bis hin zu Musik und Kino.","og_url":"https:\/\/www.hoteltermebologna.com\/de\/abano-terme\/","og_site_name":"Hotel Terme Bologna","article_modified_time":"2022-03-18T11:59:25+00:00","og_image":[{"width":1200,"height":800,"url":"https:\/\/www.hoteltermebologna.com\/wp-content\/uploads\/2021\/12\/abano-parco.jpg","type":"image\/jpeg"}],"twitter_card":"summary_large_image","twitter_misc":{"Gesch\u00e4tzte Lesezeit":"4\u00a0Minuten"},"schema":{"@context":"https:\/\/schema.org","@graph":[{"@type":"WebPage","@id":"https:\/\/www.hoteltermebologna.com\/de\/abano-terme\/","url":"https:\/\/www.hoteltermebologna.com\/de\/abano-terme\/","name":"Abano Terme - Hotel Terme Bologna","isPartOf":{"@id":"https:\/\/www.hoteltermebologna.com\/de\/#website"},"primaryImageOfPage":{"@id":"https:\/\/www.hoteltermebologna.com\/de\/abano-terme\/#primaryimage"},"image":{"@id":"https:\/\/www.hoteltermebologna.com\/de\/abano-terme\/#primaryimage"},"thumbnailUrl":"https:\/\/www.hoteltermebologna.com\/wp-content\/uploads\/2021\/12\/abano-parco.jpg","datePublished":"2021-12-10T09:17:25+00:00","dateModified":"2022-03-18T11:59:25+00:00","description":"In Abano Terme finden das ganze Jahr \u00fcber verschiedene Veranstaltungen statt, von Sport \u00fcber Kultur und Gastronomie bis hin zu Musik und Kino.","breadcrumb":{"@id":"https:\/\/www.hoteltermebologna.com\/de\/abano-terme\/#breadcrumb"},"inLanguage":"de","potentialAction":[{"@type":"ReadAction","target":["https:\/\/www.hoteltermebologna.com\/de\/abano-terme\/"]}]},{"@type":"ImageObject","inLanguage":"de","@id":"https:\/\/www.hoteltermebologna.com\/de\/abano-terme\/#primaryimage","url":"https:\/\/www.hoteltermebologna.com\/wp-content\/uploads\/2021\/12\/abano-parco.jpg","contentUrl":"https:\/\/www.hoteltermebologna.com\/wp-content\/uploads\/2021\/12\/abano-parco.jpg","width":1200,"height":800},{"@type":"BreadcrumbList","@id":"https:\/\/www.hoteltermebologna.com\/de\/abano-terme\/#breadcrumb","itemListElement":[{"@type":"ListItem","position":1,"name":"Home","item":"https:\/\/www.hoteltermebologna.com\/de\/"},{"@type":"ListItem","position":2,"name":"Abano Terme"}]},{"@type":"WebSite","@id":"https:\/\/www.hoteltermebologna.com\/de\/#website","url":"https:\/\/www.hoteltermebologna.com\/de\/","name":"Hotel Terme Bologna","description":"Abano Terme","publisher":{"@id":"https:\/\/www.hoteltermebologna.com\/de\/#organization"},"potentialAction":[{"@type":"SearchAction","target":{"@type":"EntryPoint","urlTemplate":"https:\/\/www.hoteltermebologna.com\/de\/?s={search_term_string}"},"query-input":{"@type":"PropertyValueSpecification","valueRequired":true,"valueName":"search_term_string"}}],"inLanguage":"de"},{"@type":"Organization","@id":"https:\/\/www.hoteltermebologna.com\/de\/#organization","name":"Hotel Terme Bologna","url":"https:\/\/www.hoteltermebologna.com\/de\/","logo":{"@type":"ImageObject","inLanguage":"de","@id":"https:\/\/www.hoteltermebologna.com\/de\/#\/schema\/logo\/image\/","url":"https:\/\/www.hoteltermebologna.com\/wp-content\/uploads\/2021\/12\/logo-terme-bologna.png","contentUrl":"https:\/\/www.hoteltermebologna.com\/wp-content\/uploads\/2021\/12\/logo-terme-bologna.png","width":205,"height":147,"caption":"Hotel Terme Bologna"},"image":{"@id":"https:\/\/www.hoteltermebologna.com\/de\/#\/schema\/logo\/image\/"}}]}},"coauthors":[],"author_meta":{"author_link":"https:\/\/www.hoteltermebologna.com\/de\/author\/h0t3-m1l\/","display_name":"h0t3-m1l"},"relative_dates":{"created":"Posted 4\u00a0Jahren ago","modified":"Updated 4\u00a0Jahren ago"},"absolute_dates":{"created":"Posted on Dezember 10, 2021","modified":"Updated on M\u00e4rz 18, 2022"},"absolute_dates_time":{"created":"Posted on Dezember 10, 2021 10:17 a.m.","modified":"Updated on M\u00e4rz 18, 2022 12:59 p.m."},"featured_img_caption":"","featured_img":"https:\/\/www.hoteltermebologna.com\/wp-content\/uploads\/2021\/12\/abano-parco.jpg","series_order":"","_links":{"self":[{"href":"https:\/\/www.hoteltermebologna.com\/de\/wp-json\/wp\/v2\/pages\/5152","targetHints":{"allow":["GET"]}}],"collection":[{"href":"https:\/\/www.hoteltermebologna.com\/de\/wp-json\/wp\/v2\/pages"}],"about":[{"href":"https:\/\/www.hoteltermebologna.com\/de\/wp-json\/wp\/v2\/types\/page"}],"author":[{"embeddable":true,"href":"https:\/\/www.hoteltermebologna.com\/de\/wp-json\/wp\/v2\/users\/1"}],"replies":[{"embeddable":true,"href":"https:\/\/www.hoteltermebologna.com\/de\/wp-json\/wp\/v2\/comments?post=5152"}],"version-history":[{"count":2,"href":"https:\/\/www.hoteltermebologna.com\/de\/wp-json\/wp\/v2\/pages\/5152\/revisions"}],"predecessor-version":[{"id":5610,"href":"https:\/\/www.hoteltermebologna.com\/de\/wp-json\/wp\/v2\/pages\/5152\/revisions\/5610"}],"wp:featuredmedia":[{"embeddable":true,"href":"https:\/\/www.hoteltermebologna.com\/de\/wp-json\/wp\/v2\/media\/3747"}],"wp:attachment":[{"href":"https:\/\/www.hoteltermebologna.com\/de\/wp-json\/wp\/v2\/media?parent=5152"}],"curies":[{"name":"wp","href":"https:\/\/api.w.org\/{rel}","templated":true}]}}