{"id":5171,"date":"2021-12-10T10:20:40","date_gmt":"2021-12-10T09:20:40","guid":{"rendered":"https:\/\/www.hoteltermebologna.com\/colli-euganei\/"},"modified":"2022-03-18T13:03:14","modified_gmt":"2022-03-18T12:03:14","slug":"euganeischen-huegel","status":"publish","type":"page","link":"https:\/\/www.hoteltermebologna.com\/de\/euganeischen-huegel\/","title":{"rendered":"Euganeische H\u00fcgel"},"content":{"rendered":"<div  class=\"grids-section grids-is-advanced alignfull\" style=\"--_gs-gap-desktop:0px 0px;--_gs-m-desktop:0 0 0 0;--_gs-p-desktop:0 0 0 0;--_gs-bg-desktop:transparent none;--_gs-bg-xp-desktop:0px;--_gs-zi-desktop:auto;--_gs-d-desktop:block;--_gs-mw-desktop:calc(100% - 0 - 0);--_gs-gap-tablet:0px 0px;--_gs-m-tablet:0 0 0 0;--_gs-p-tablet:0 0 0 0;--_gs-bg-tablet:transparent none;--_gs-bg-xp-tablet:0px;--_gs-zi-tablet:auto;--_gs-d-tablet:block;--_gs-mw-tablet:calc(100% - 0 - 0);--_gs-gap-mobile:0px 0px;--_gs-m-mobile:0 0 0 0;--_gs-p-mobile:0 0 0 0;--_gs-bg-mobile:transparent none;--_gs-bg-xp-mobile:0px;--_gs-zi-mobile:auto;--_gs-d-mobile:block;--_gs-mw-mobile:calc(100% - 0 - 0);--_gs-columns:12;--_gs-rows:6\"><div class=\"grids-s-w_i\">\n<div class=\"grids-area\" style=\"--_ga-column:2\/12;--_ga-row:1\/7;--_ga-m-desktop:0 0 0 0;--_ga-p-desktop:0 0 0 0;--_ga-bg-desktop:transparent none;--_ga-zi-desktop:auto;--_ga-d-desktop:flex;--_ga-mw-desktop:calc(100% - 0 - 0);--_ga-m-tablet:0 0 0 0;--_ga-p-tablet:0 0 0 0;--_ga-bg-tablet:transparent none;--_ga-zi-tablet:auto;--_ga-d-tablet:flex;--_ga-mw-tablet:calc(100% - 0 - 0);--_ga-m-mobile:0 0 0 0;--_ga-p-mobile:0 0 0 0;--_ga-bg-mobile:transparent none;--_ga-zi-mobile:auto;--_ga-d-mobile:flex;--_ga-mw-mobile:calc(100% - 0 - 0)\">\n\n<h3 class=\"wp-block-heading\">Abano Terme in der N\u00e4he der Euganeischen H\u00fcgel<\/h3>\n\n\n\n<p>Das Hotel Terme Bologna befindet sich in <strong>Abano Terme<\/strong>, das gemeinsam mit Montegrotto Terme einer der ber\u00fchmtesten und wichtigsten <strong>Kurorte in Europa ist<\/strong>.<\/p>\n\n\n\n<ul class=\"wp-block-list\"><li>die <strong>au\u00dfergew\u00f6hnlichen Eigenschaften von Thermalwasser und Schlamm <\/strong>(patentiert und zertifiziert als Nat\u00fcrliches Medikament);<\/li><li>die in der Fangotherapie und Inhalationstherapien verwendet werden;<\/li><li>f\u00fcr die<strong> vielen Erholungsm\u00f6glichkeiten<\/strong>, die die Euganeischen H\u00fcgel italienischen und ausl\u00e4ndischen Touristen jeden Alters bieten.<\/li><\/ul>\n\n\n\r\n    <div class=\"custom-gallery-wrapper custom-gallery-wrapper-column-1\">\r\n                <span class=\"enable-fullscreen\" onclick=\"showHideFotorama('custom-gallery_1', 0);\">\r\n            <i class=\"far fa-expand\"><\/i>\r\n        <\/span>\r\n                                        <figure class=\"full-width gallery-wrapper-image gallery-wrapper-image-0\" onclick=\"showHideFotorama('custom-gallery_1', 0);\">\r\n                <img decoding=\"async\" class=\"gallery-wrapper-image-small\" src=\"https:\/\/www.hoteltermebologna.com\/wp-content\/uploads\/2021\/12\/colli-euganei.jpg\">\r\n            <\/figure>\r\n                        <\/div>\r\n\r\n    <div style=\"width:1px;height:1px;position:absolute;\" name=\"fotorama\" id=\"custom-gallery_1\" class=\"fotorama\" data-width=\"100%\"  data-nav=\"thumbs\"  data-allowfullscreen=\"true\" >\r\n                    <img decoding=\"async\" src=\"https:\/\/www.hoteltermebologna.com\/wp-content\/uploads\/2021\/12\/colli-euganei.jpg\" class=\"attachment-full skip-lazy\" \/>\r\n            <\/div>\r\n\r\n\n\n<\/div>\n<\/div><\/div>\n\n<div  class=\"grids-section grids-is-advanced alignfull\" style=\"--_gs-gap-desktop:0px 0px;--_gs-m-desktop:0 0 0 0;--_gs-p-desktop:0 0 0 0;--_gs-bg-desktop:transparent none;--_gs-bg-xp-desktop:0px;--_gs-zi-desktop:auto;--_gs-d-desktop:block;--_gs-mw-desktop:calc(100% - 0 - 0);--_gs-gap-tablet:0px 0px;--_gs-m-tablet:0 0 0 0;--_gs-p-tablet:0 0 0 0;--_gs-bg-tablet:transparent none;--_gs-bg-xp-tablet:0px;--_gs-zi-tablet:auto;--_gs-d-tablet:block;--_gs-mw-tablet:calc(100% - 0 - 0);--_gs-gap-mobile:0px 0px;--_gs-m-mobile:0 0 0 0;--_gs-p-mobile:0 0 0 0;--_gs-bg-mobile:transparent none;--_gs-bg-xp-mobile:0px;--_gs-zi-mobile:auto;--_gs-d-mobile:block;--_gs-mw-mobile:calc(100% - 0 - 0);--_gs-columns:12;--_gs-rows:6\"><div class=\"grids-s-w_i\">\n<div class=\"grids-area\" style=\"--_ga-column:2\/12;--_ga-row:1\/7;--_ga-m-desktop:0 0 0 0;--_ga-p-desktop:0 0 0 0;--_ga-bg-desktop:transparent none;--_ga-zi-desktop:auto;--_ga-d-desktop:flex;--_ga-mw-desktop:calc(100% - 0 - 0);--_ga-m-tablet:0 0 0 0;--_ga-p-tablet:0 0 0 0;--_ga-bg-tablet:transparent none;--_ga-zi-tablet:auto;--_ga-d-tablet:flex;--_ga-mw-tablet:calc(100% - 0 - 0);--_ga-m-mobile:0 0 0 0;--_ga-p-mobile:0 0 0 0;--_ga-bg-mobile:transparent none;--_ga-zi-mobile:auto;--_ga-d-mobile:flex;--_ga-mw-mobile:calc(100% - 0 - 0)\">\n\n<p>Die <strong>Euganeischen H\u00fcgel<\/strong> sind vulkanischen Ursprungs und werden vom Regionalpark Euganeische H\u00fcgel wegen ihres <strong>Naturerbes<\/strong>, wegen der vorhandenen Fauna und Flora, wegen der zu Fu\u00df und mit dem Fahrrad zur\u00fcckgelegten Wege und wegen der historischen und architektonischen Bedeutung der 15 Gemeinden, die Teil davon sind, gesch\u00fctzt.<\/p>\n\n\n\n<p>Jede dieser Gemeinden enth\u00e4lt etwas Sch\u00f6nes zu sehen, wie zum Beispiel:<\/p>\n\n\n\n<ul class=\"wp-block-list\"><li><strong>Arqu\u00e0 Petrarca<\/strong> mit dem Grab des Dichters Francesco Petrarca; 2017 als zweitsch\u00f6nstes Dorf Italiens ausgezeichnet;<\/li><li><strong>Battaglia Terme<\/strong> und das Schloss Catajo, das vor allem im Sommer auf der sch\u00f6nen Terrasse f\u00fcr Besichtigungen und Verkostungen f\u00fcr die \u00d6ffentlichkeit zug\u00e4nglich ist;<\/li><li><strong>Valsanzibio di Galzignano Terme<\/strong>, mit der Villa Barbarigo und seinem italienischen Garten der &#8218;600, einer der letzten in Italien;<\/li><li>die mittelalterlichen St\u00e4dte Este, Monselice, Montagnana, die noch sehr mit ihren Volkstraditionen verbunden sind. In Montagnana zum Beispiel findet das Schinkenfest statt, in Monselice die Giostra della Rocca und in Este wird mit dem Festival &#8222;Este Medievale&#8220; an das Mittelalter erinnert.<\/li><\/ul>\n\n\n\n<p>Wenn Sie mit <strong>Kindern<\/strong> reisen, auch mit kleinen, gibt es keinen Mangel an Attraktionen:<\/p>\n\n\n\n<ul class=\"wp-block-list\"><li>der<strong> Abenteuerpark Le Fiorine und der Valcorba Park<\/strong>, wo Sie Tiere wie die Giraffe, das Nilpferd und den L\u00f6wen bewundern k\u00f6nnen;<\/li><li>im S<strong>chmetterlingshaus und im Bosco delle Fate <\/strong>kann man seltene Exemplare von Schmetterlingen und Insekten aus n\u00e4chster N\u00e4he bewundern;<\/li><li>das <strong>Schloss von San Pelagio <\/strong>mit dem Museum des Fluges;<\/li><li><strong>Esapolis<\/strong>, eine der gr\u00f6\u00dften Insektensammlung Italiens, wo Sie Spinnen, Skorpione, Bienen und viele andere Insekten hautnah sehen und kennenlernen k\u00f6nnen (auch durch p\u00e4dagogische Workshops).<\/li><\/ul>\n\n\n\n<p>Und wenn Sie ein wirklich <strong>suggestives Panorama<\/strong> genie\u00dfen m\u00f6chten, erreichen Sie einfach einen der vielen Orte auf den Euganeischen H\u00fcgeln, zum Beispiel vom Mottolone-Plateau,vom Monte Venda oder vom Buso dei Briganti, um sich vor einem einzigartigen Spektakel wiederzufinden. Das Panorama ver\u00e4ndert sich mit den Jahreszeiten und bei Sonnenuntergang wird es au\u00dfergew\u00f6hnlich!<\/p>\n\n<\/div>\n<\/div><\/div>\n\n<div  class=\"grids-section grids-is-advanced\" style=\"--_gs-gap-desktop:0px 0px;--_gs-m-desktop:0 0 0 0;--_gs-p-desktop:0 0 0 0;--_gs-bg-desktop:transparent none;--_gs-bg-xp-desktop:0px;--_gs-zi-desktop:auto;--_gs-d-desktop:block;--_gs-mw-desktop:calc(100% - 0 - 0);--_gs-gap-tablet:0px 0px;--_gs-m-tablet:0 0 0 0;--_gs-p-tablet:0 0 0 0;--_gs-bg-tablet:transparent none;--_gs-bg-xp-tablet:0px;--_gs-zi-tablet:auto;--_gs-d-tablet:block;--_gs-mw-tablet:calc(100% - 0 - 0);--_gs-gap-mobile:0px 0px;--_gs-m-mobile:0 0 0 0;--_gs-p-mobile:0 0 0 0;--_gs-bg-mobile:transparent none;--_gs-bg-xp-mobile:0px;--_gs-zi-mobile:auto;--_gs-d-mobile:block;--_gs-mw-mobile:calc(100% - 0 - 0);--_gs-columns:12;--_gs-rows:6\"><div class=\"grids-s-w_i\">\n<div class=\"grids-area\" style=\"--_ga-column:2\/12;--_ga-row:1\/7;--_ga-m-desktop:0 0 0 0;--_ga-p-desktop:0 0 0 0;--_ga-bg-desktop:transparent none;--_ga-zi-desktop:auto;--_ga-d-desktop:flex;--_ga-mw-desktop:calc(100% - 0 - 0);--_ga-m-tablet:0 0 0 0;--_ga-p-tablet:0 0 0 0;--_ga-bg-tablet:transparent none;--_ga-zi-tablet:auto;--_ga-d-tablet:flex;--_ga-mw-tablet:calc(100% - 0 - 0);--_ga-m-mobile:0 0 0 0;--_ga-p-mobile:0 0 0 0;--_ga-bg-mobile:transparent none;--_ga-zi-mobile:auto;--_ga-d-mobile:flex;--_ga-mw-mobile:calc(100% - 0 - 0)\">\n<div  class=\"grids-section grids-is-advanced\" style=\"--_gs-gap-desktop:0px 0px;--_gs-m-desktop:0 0 0 0;--_gs-p-desktop:0 0 0 0;--_gs-bg-desktop:transparent none;--_gs-bg-xp-desktop:0px;--_gs-zi-desktop:auto;--_gs-d-desktop:block;--_gs-mw-desktop:calc(100% - 0 - 0);--_gs-gap-tablet:0px 0px;--_gs-m-tablet:0 0 0 0;--_gs-p-tablet:0 0 0 0;--_gs-bg-tablet:transparent none;--_gs-bg-xp-tablet:0px;--_gs-zi-tablet:auto;--_gs-d-tablet:block;--_gs-mw-tablet:calc(100% - 0 - 0);--_gs-gap-mobile:0px 0px;--_gs-m-mobile:0 0 0 0;--_gs-p-mobile:0 0 0 0;--_gs-bg-mobile:transparent none;--_gs-bg-xp-mobile:0px;--_gs-zi-mobile:auto;--_gs-d-mobile:block;--_gs-mw-mobile:calc(100% - 0 - 0);--_gs-columns:12;--_gs-rows:6\"><div class=\"grids-s-w_i\">\n<div class=\"grids-area\" style=\"--_ga-column:1\/14;--_ga-row:1\/8;--_ga-m-desktop:0 0 0 0;--_ga-p-desktop:0 0 0 0;--_ga-bg-desktop:transparent none;--_ga-zi-desktop:auto;--_ga-d-desktop:flex;--_ga-mw-desktop:calc(100% - 0 - 0);--_ga-m-tablet:0 0 0 0;--_ga-p-tablet:0 0 0 0;--_ga-bg-tablet:transparent none;--_ga-zi-tablet:auto;--_ga-d-tablet:flex;--_ga-mw-tablet:calc(100% - 0 - 0);--_ga-m-mobile:0 0 0 0;--_ga-p-mobile:0 0 0 0;--_ga-bg-mobile:transparent none;--_ga-zi-mobile:auto;--_ga-d-mobile:flex;--_ga-mw-mobile:calc(100% - 0 - 0)\"><\/div>\n<\/div><\/div>\n\n\n<h2 class=\"wp-block-heading\">Sie k\u00f6nnten auch interessiert sein an\u2026<\/h2>\n\n\n\r\n    <div class=\"related-pages-container\">\r\n                                 <div class=\"single-related-page-container\">\r\n                <a href=\"https:\/\/www.hoteltermebologna.com\/de\/wellness\/\">\r\n                    <figure class=\"full-width\">\r\n                        <img decoding=\"async\" src=\"https:\/\/www.hoteltermebologna.com\/wp-content\/uploads\/2021\/12\/piscina-scoperta-idromassaggio-3.jpg\" \/>\r\n                    <\/figure>\r\n                <\/a>\r\n                <a href=\"https:\/\/www.hoteltermebologna.com\/de\/wellness\/\">\r\n                    <h3 class=\"related-page-title\">\r\n                        Wellness                    <\/h3>\r\n                <\/a>\r\n                <a href=\"https:\/\/www.hoteltermebologna.com\/de\/wellness\/\" class=\"btn btn-center\">\r\n                    Entdecke Sie mehr                <\/a>\r\n            <\/div>\r\n                                 <div class=\"single-related-page-container\">\r\n                <a href=\"https:\/\/www.hoteltermebologna.com\/de\/fotogalerie\/\">\r\n                    <figure class=\"full-width\">\r\n                        <img decoding=\"async\" src=\"https:\/\/www.hoteltermebologna.com\/wp-content\/uploads\/2021\/12\/hotel-terme-bologna-colazione-3.jpg\" \/>\r\n                    <\/figure>\r\n                <\/a>\r\n                <a href=\"https:\/\/www.hoteltermebologna.com\/de\/fotogalerie\/\">\r\n                    <h3 class=\"related-page-title\">\r\n                        Fotogalerie                    <\/h3>\r\n                <\/a>\r\n                <a href=\"https:\/\/www.hoteltermebologna.com\/de\/fotogalerie\/\" class=\"btn btn-center\">\r\n                    Entdecke Sie mehr                <\/a>\r\n            <\/div>\r\n                                 <div class=\"single-related-page-container\">\r\n                <a href=\"https:\/\/www.hoteltermebologna.com\/de\/angebote\/\">\r\n                    <figure class=\"full-width\">\r\n                        <img decoding=\"async\" src=\"https:\/\/www.hoteltermebologna.com\/wp-content\/uploads\/2021\/12\/hotel-terme-bologna-ristorante-facciata_e.jpg\" \/>\r\n                    <\/figure>\r\n                <\/a>\r\n                <a href=\"https:\/\/www.hoteltermebologna.com\/de\/angebote\/\">\r\n                    <h3 class=\"related-page-title\">\r\n                        Angebote                    <\/h3>\r\n                <\/a>\r\n                <a href=\"https:\/\/www.hoteltermebologna.com\/de\/angebote\/\" class=\"btn btn-center\">\r\n                    Entdecke Sie mehr                <\/a>\r\n            <\/div>\r\n            <\/div>\r\n\n\n<\/div>\n<\/div><\/div>\n\n<div  class=\"grids-section logos-list-container grids-is-advanced alignfull\" style=\"--_gs-gap-desktop:0px 0px;--_gs-m-desktop:0 0 0 0;--_gs-p-desktop:0 0 0 0;--_gs-bg-desktop:transparent none;--_gs-bg-xp-desktop:0px;--_gs-zi-desktop:auto;--_gs-d-desktop:block;--_gs-mw-desktop:calc(100% - 0 - 0);--_gs-gap-tablet:0px 0px;--_gs-m-tablet:0 0 0 0;--_gs-p-tablet:0 0 0 0;--_gs-bg-tablet:transparent none;--_gs-bg-xp-tablet:0px;--_gs-zi-tablet:auto;--_gs-d-tablet:block;--_gs-mw-tablet:calc(100% - 0 - 0);--_gs-gap-mobile:0px 0px;--_gs-m-mobile:0 0 0 0;--_gs-p-mobile:0 0 0 0;--_gs-bg-mobile:transparent none;--_gs-bg-xp-mobile:0px;--_gs-zi-mobile:auto;--_gs-d-mobile:block;--_gs-mw-mobile:calc(100% - 0 - 0);--_gs-columns:12;--_gs-rows:6\"><div class=\"grids-s-w_i\">\n<div class=\"grids-area\" style=\"--_ga-column:2\/12;--_ga-row:1\/7;--_ga-m-desktop:0 0 0 0;--_ga-p-desktop:0 0 0 0;--_ga-bg-desktop:transparent none;--_ga-zi-desktop:auto;--_ga-d-desktop:flex;--_ga-mw-desktop:calc(100% - 0 - 0);--_ga-m-tablet:0 0 0 0;--_ga-p-tablet:0 0 0 0;--_ga-bg-tablet:transparent none;--_ga-zi-tablet:auto;--_ga-d-tablet:flex;--_ga-mw-tablet:calc(100% - 0 - 0);--_ga-m-mobile:0 0 0 0;--_ga-p-mobile:0 0 0 0;--_ga-bg-mobile:transparent none;--_ga-zi-mobile:auto;--_ga-d-mobile:flex;--_ga-mw-mobile:calc(100% - 0 - 0)\">\n\n<figure class=\"wp-block-image size-full\"><a href=\"https:\/\/www.hoteltermemilano.com\/\" target=\"_blank\" rel=\"noopener\"><img loading=\"lazy\" decoding=\"async\" width=\"85\" height=\"50\" src=\"https:\/\/www.hoteltermebologna.com\/wp-content\/uploads\/2021\/12\/logo-milano.png\" alt=\"\" class=\"wp-image-3190\"\/><\/a><\/figure>\n\n\n\n<figure class=\"wp-block-image size-full\"><a href=\"https:\/\/www.hotelveniceresort.com\/\" target=\"_blank\" rel=\"noopener\"><img loading=\"lazy\" decoding=\"async\" width=\"76\" height=\"49\" src=\"https:\/\/www.hoteltermebologna.com\/wp-content\/uploads\/2021\/10\/veniceresort.png\" alt=\"\" class=\"wp-image-795\"\/><\/a><\/figure>\n\n\n\n<figure class=\"wp-block-image size-full\"><img loading=\"lazy\" decoding=\"async\" width=\"70\" height=\"51\" src=\"https:\/\/www.hoteltermebologna.com\/wp-content\/uploads\/2021\/12\/ospitalita-lnk.jpg\" alt=\"\" class=\"wp-image-3193\"\/><\/figure>\n\n\n\n<figure class=\"wp-block-image size-full\"><img loading=\"lazy\" decoding=\"async\" width=\"73\" height=\"61\" src=\"https:\/\/www.hoteltermebologna.com\/wp-content\/uploads\/2021\/10\/teatro-lnk-1.jpg\" alt=\"\" class=\"wp-image-809\"\/><\/figure>\n\n\n\n<figure class=\"wp-block-image size-full\"><img loading=\"lazy\" decoding=\"async\" width=\"130\" height=\"60\" src=\"https:\/\/www.hoteltermebologna.com\/wp-content\/uploads\/2021\/10\/veneto-golf-hill-1.png\" alt=\"\" class=\"wp-image-808\"\/><\/figure>\n\n<\/div>\n<\/div><\/div>","protected":false},"excerpt":{"rendered":"","protected":false},"author":1,"featured_media":3861,"parent":0,"menu_order":0,"comment_status":"closed","ping_status":"closed","template":"","meta":{"_acf_changed":false,"advgb_blocks_editor_width":"","advgb_blocks_columns_visual_guide":"","footnotes":""},"class_list":["post-5171","page","type-page","status-publish","has-post-thumbnail","hentry","entry"],"acf":[],"yoast_head":"<!-- This site is optimized with the Yoast SEO plugin v25.7 - https:\/\/yoast.com\/wordpress\/plugins\/seo\/ -->\n<title>Euganeische H\u00fcgel - Hotel Terme Bologna<\/title>\n<meta name=\"description\" content=\"Entdecken Sie das Gebiet der Euganeischen H\u00fcgel, nur wenige Kilometer vom Hotel Terme Bologna entfernt: Sie werden von der herrlichen Aussicht fasziniert sein!\" \/>\n<meta name=\"robots\" content=\"index, follow, max-snippet:-1, max-image-preview:large, max-video-preview:-1\" \/>\n<link rel=\"canonical\" href=\"https:\/\/www.hoteltermebologna.com\/de\/euganeischen-huegel\/\" \/>\n<meta property=\"og:locale\" content=\"de_DE\" \/>\n<meta property=\"og:type\" content=\"article\" \/>\n<meta property=\"og:title\" content=\"Euganeische H\u00fcgel - Hotel Terme Bologna\" \/>\n<meta property=\"og:description\" content=\"Entdecken Sie das Gebiet der Euganeischen H\u00fcgel, nur wenige Kilometer vom Hotel Terme Bologna entfernt: Sie werden von der herrlichen Aussicht fasziniert sein!\" \/>\n<meta property=\"og:url\" content=\"https:\/\/www.hoteltermebologna.com\/de\/euganeischen-huegel\/\" \/>\n<meta property=\"og:site_name\" content=\"Hotel Terme Bologna\" \/>\n<meta property=\"article:modified_time\" content=\"2022-03-18T12:03:14+00:00\" \/>\n<meta property=\"og:image\" content=\"https:\/\/www.hoteltermebologna.com\/wp-content\/uploads\/2021\/12\/colli-euganei-1.jpg\" \/>\n\t<meta property=\"og:image:width\" content=\"1200\" \/>\n\t<meta property=\"og:image:height\" content=\"675\" \/>\n\t<meta property=\"og:image:type\" content=\"image\/jpeg\" \/>\n<meta name=\"twitter:card\" content=\"summary_large_image\" \/>\n<meta name=\"twitter:label1\" content=\"Gesch\u00e4tzte Lesezeit\" \/>\n\t<meta name=\"twitter:data1\" content=\"3\u00a0Minuten\" \/>\n<script type=\"application\/ld+json\" class=\"yoast-schema-graph\">{\"@context\":\"https:\/\/schema.org\",\"@graph\":[{\"@type\":\"WebPage\",\"@id\":\"https:\/\/www.hoteltermebologna.com\/de\/euganeischen-huegel\/\",\"url\":\"https:\/\/www.hoteltermebologna.com\/de\/euganeischen-huegel\/\",\"name\":\"Euganeische H\u00fcgel - Hotel Terme Bologna\",\"isPartOf\":{\"@id\":\"https:\/\/www.hoteltermebologna.com\/de\/#website\"},\"primaryImageOfPage\":{\"@id\":\"https:\/\/www.hoteltermebologna.com\/de\/euganeischen-huegel\/#primaryimage\"},\"image\":{\"@id\":\"https:\/\/www.hoteltermebologna.com\/de\/euganeischen-huegel\/#primaryimage\"},\"thumbnailUrl\":\"https:\/\/www.hoteltermebologna.com\/wp-content\/uploads\/2021\/12\/colli-euganei-1.jpg\",\"datePublished\":\"2021-12-10T09:20:40+00:00\",\"dateModified\":\"2022-03-18T12:03:14+00:00\",\"description\":\"Entdecken Sie das Gebiet der Euganeischen H\u00fcgel, nur wenige Kilometer vom Hotel Terme Bologna entfernt: Sie werden von der herrlichen Aussicht fasziniert sein!\",\"breadcrumb\":{\"@id\":\"https:\/\/www.hoteltermebologna.com\/de\/euganeischen-huegel\/#breadcrumb\"},\"inLanguage\":\"de\",\"potentialAction\":[{\"@type\":\"ReadAction\",\"target\":[\"https:\/\/www.hoteltermebologna.com\/de\/euganeischen-huegel\/\"]}]},{\"@type\":\"ImageObject\",\"inLanguage\":\"de\",\"@id\":\"https:\/\/www.hoteltermebologna.com\/de\/euganeischen-huegel\/#primaryimage\",\"url\":\"https:\/\/www.hoteltermebologna.com\/wp-content\/uploads\/2021\/12\/colli-euganei-1.jpg\",\"contentUrl\":\"https:\/\/www.hoteltermebologna.com\/wp-content\/uploads\/2021\/12\/colli-euganei-1.jpg\",\"width\":1200,\"height\":675},{\"@type\":\"BreadcrumbList\",\"@id\":\"https:\/\/www.hoteltermebologna.com\/de\/euganeischen-huegel\/#breadcrumb\",\"itemListElement\":[{\"@type\":\"ListItem\",\"position\":1,\"name\":\"Home\",\"item\":\"https:\/\/www.hoteltermebologna.com\/de\/\"},{\"@type\":\"ListItem\",\"position\":2,\"name\":\"Euganeische H\u00fcgel\"}]},{\"@type\":\"WebSite\",\"@id\":\"https:\/\/www.hoteltermebologna.com\/de\/#website\",\"url\":\"https:\/\/www.hoteltermebologna.com\/de\/\",\"name\":\"Hotel Terme Bologna\",\"description\":\"Abano Terme\",\"publisher\":{\"@id\":\"https:\/\/www.hoteltermebologna.com\/de\/#organization\"},\"potentialAction\":[{\"@type\":\"SearchAction\",\"target\":{\"@type\":\"EntryPoint\",\"urlTemplate\":\"https:\/\/www.hoteltermebologna.com\/de\/?s={search_term_string}\"},\"query-input\":{\"@type\":\"PropertyValueSpecification\",\"valueRequired\":true,\"valueName\":\"search_term_string\"}}],\"inLanguage\":\"de\"},{\"@type\":\"Organization\",\"@id\":\"https:\/\/www.hoteltermebologna.com\/de\/#organization\",\"name\":\"Hotel Terme Bologna\",\"url\":\"https:\/\/www.hoteltermebologna.com\/de\/\",\"logo\":{\"@type\":\"ImageObject\",\"inLanguage\":\"de\",\"@id\":\"https:\/\/www.hoteltermebologna.com\/de\/#\/schema\/logo\/image\/\",\"url\":\"https:\/\/www.hoteltermebologna.com\/wp-content\/uploads\/2021\/12\/logo-terme-bologna.png\",\"contentUrl\":\"https:\/\/www.hoteltermebologna.com\/wp-content\/uploads\/2021\/12\/logo-terme-bologna.png\",\"width\":205,\"height\":147,\"caption\":\"Hotel Terme Bologna\"},\"image\":{\"@id\":\"https:\/\/www.hoteltermebologna.com\/de\/#\/schema\/logo\/image\/\"}}]}<\/script>\n<!-- \/ Yoast SEO plugin. -->","yoast_head_json":{"title":"Euganeische H\u00fcgel - Hotel Terme Bologna","description":"Entdecken Sie das Gebiet der Euganeischen H\u00fcgel, nur wenige Kilometer vom Hotel Terme Bologna entfernt: Sie werden von der herrlichen Aussicht fasziniert sein!","robots":{"index":"index","follow":"follow","max-snippet":"max-snippet:-1","max-image-preview":"max-image-preview:large","max-video-preview":"max-video-preview:-1"},"canonical":"https:\/\/www.hoteltermebologna.com\/de\/euganeischen-huegel\/","og_locale":"de_DE","og_type":"article","og_title":"Euganeische H\u00fcgel - Hotel Terme Bologna","og_description":"Entdecken Sie das Gebiet der Euganeischen H\u00fcgel, nur wenige Kilometer vom Hotel Terme Bologna entfernt: Sie werden von der herrlichen Aussicht fasziniert sein!","og_url":"https:\/\/www.hoteltermebologna.com\/de\/euganeischen-huegel\/","og_site_name":"Hotel Terme Bologna","article_modified_time":"2022-03-18T12:03:14+00:00","og_image":[{"width":1200,"height":675,"url":"https:\/\/www.hoteltermebologna.com\/wp-content\/uploads\/2021\/12\/colli-euganei-1.jpg","type":"image\/jpeg"}],"twitter_card":"summary_large_image","twitter_misc":{"Gesch\u00e4tzte Lesezeit":"3\u00a0Minuten"},"schema":{"@context":"https:\/\/schema.org","@graph":[{"@type":"WebPage","@id":"https:\/\/www.hoteltermebologna.com\/de\/euganeischen-huegel\/","url":"https:\/\/www.hoteltermebologna.com\/de\/euganeischen-huegel\/","name":"Euganeische H\u00fcgel - Hotel Terme Bologna","isPartOf":{"@id":"https:\/\/www.hoteltermebologna.com\/de\/#website"},"primaryImageOfPage":{"@id":"https:\/\/www.hoteltermebologna.com\/de\/euganeischen-huegel\/#primaryimage"},"image":{"@id":"https:\/\/www.hoteltermebologna.com\/de\/euganeischen-huegel\/#primaryimage"},"thumbnailUrl":"https:\/\/www.hoteltermebologna.com\/wp-content\/uploads\/2021\/12\/colli-euganei-1.jpg","datePublished":"2021-12-10T09:20:40+00:00","dateModified":"2022-03-18T12:03:14+00:00","description":"Entdecken Sie das Gebiet der Euganeischen H\u00fcgel, nur wenige Kilometer vom Hotel Terme Bologna entfernt: Sie werden von der herrlichen Aussicht fasziniert sein!","breadcrumb":{"@id":"https:\/\/www.hoteltermebologna.com\/de\/euganeischen-huegel\/#breadcrumb"},"inLanguage":"de","potentialAction":[{"@type":"ReadAction","target":["https:\/\/www.hoteltermebologna.com\/de\/euganeischen-huegel\/"]}]},{"@type":"ImageObject","inLanguage":"de","@id":"https:\/\/www.hoteltermebologna.com\/de\/euganeischen-huegel\/#primaryimage","url":"https:\/\/www.hoteltermebologna.com\/wp-content\/uploads\/2021\/12\/colli-euganei-1.jpg","contentUrl":"https:\/\/www.hoteltermebologna.com\/wp-content\/uploads\/2021\/12\/colli-euganei-1.jpg","width":1200,"height":675},{"@type":"BreadcrumbList","@id":"https:\/\/www.hoteltermebologna.com\/de\/euganeischen-huegel\/#breadcrumb","itemListElement":[{"@type":"ListItem","position":1,"name":"Home","item":"https:\/\/www.hoteltermebologna.com\/de\/"},{"@type":"ListItem","position":2,"name":"Euganeische H\u00fcgel"}]},{"@type":"WebSite","@id":"https:\/\/www.hoteltermebologna.com\/de\/#website","url":"https:\/\/www.hoteltermebologna.com\/de\/","name":"Hotel Terme Bologna","description":"Abano Terme","publisher":{"@id":"https:\/\/www.hoteltermebologna.com\/de\/#organization"},"potentialAction":[{"@type":"SearchAction","target":{"@type":"EntryPoint","urlTemplate":"https:\/\/www.hoteltermebologna.com\/de\/?s={search_term_string}"},"query-input":{"@type":"PropertyValueSpecification","valueRequired":true,"valueName":"search_term_string"}}],"inLanguage":"de"},{"@type":"Organization","@id":"https:\/\/www.hoteltermebologna.com\/de\/#organization","name":"Hotel Terme Bologna","url":"https:\/\/www.hoteltermebologna.com\/de\/","logo":{"@type":"ImageObject","inLanguage":"de","@id":"https:\/\/www.hoteltermebologna.com\/de\/#\/schema\/logo\/image\/","url":"https:\/\/www.hoteltermebologna.com\/wp-content\/uploads\/2021\/12\/logo-terme-bologna.png","contentUrl":"https:\/\/www.hoteltermebologna.com\/wp-content\/uploads\/2021\/12\/logo-terme-bologna.png","width":205,"height":147,"caption":"Hotel Terme Bologna"},"image":{"@id":"https:\/\/www.hoteltermebologna.com\/de\/#\/schema\/logo\/image\/"}}]}},"coauthors":[],"author_meta":{"author_link":"https:\/\/www.hoteltermebologna.com\/de\/author\/h0t3-m1l\/","display_name":"h0t3-m1l"},"relative_dates":{"created":"Posted 4\u00a0Jahren ago","modified":"Updated 4\u00a0Jahren ago"},"absolute_dates":{"created":"Posted on Dezember 10, 2021","modified":"Updated on M\u00e4rz 18, 2022"},"absolute_dates_time":{"created":"Posted on Dezember 10, 2021 10:20 a.m.","modified":"Updated on M\u00e4rz 18, 2022 1:03 p.m."},"featured_img_caption":"","featured_img":"https:\/\/www.hoteltermebologna.com\/wp-content\/uploads\/2021\/12\/colli-euganei-1.jpg","series_order":"","_links":{"self":[{"href":"https:\/\/www.hoteltermebologna.com\/de\/wp-json\/wp\/v2\/pages\/5171","targetHints":{"allow":["GET"]}}],"collection":[{"href":"https:\/\/www.hoteltermebologna.com\/de\/wp-json\/wp\/v2\/pages"}],"about":[{"href":"https:\/\/www.hoteltermebologna.com\/de\/wp-json\/wp\/v2\/types\/page"}],"author":[{"embeddable":true,"href":"https:\/\/www.hoteltermebologna.com\/de\/wp-json\/wp\/v2\/users\/1"}],"replies":[{"embeddable":true,"href":"https:\/\/www.hoteltermebologna.com\/de\/wp-json\/wp\/v2\/comments?post=5171"}],"version-history":[{"count":2,"href":"https:\/\/www.hoteltermebologna.com\/de\/wp-json\/wp\/v2\/pages\/5171\/revisions"}],"predecessor-version":[{"id":5614,"href":"https:\/\/www.hoteltermebologna.com\/de\/wp-json\/wp\/v2\/pages\/5171\/revisions\/5614"}],"wp:featuredmedia":[{"embeddable":true,"href":"https:\/\/www.hoteltermebologna.com\/de\/wp-json\/wp\/v2\/media\/3861"}],"wp:attachment":[{"href":"https:\/\/www.hoteltermebologna.com\/de\/wp-json\/wp\/v2\/media?parent=5171"}],"curies":[{"name":"wp","href":"https:\/\/api.w.org\/{rel}","templated":true}]}}