{"id":5183,"date":"2021-12-09T14:45:30","date_gmt":"2021-12-09T13:45:30","guid":{"rendered":"https:\/\/www.hoteltermebologna.com\/dolori-articolari\/"},"modified":"2022-02-28T12:43:38","modified_gmt":"2022-02-28T11:43:38","slug":"gelenksschmerzen","status":"publish","type":"page","link":"https:\/\/www.hoteltermebologna.com\/de\/gelenksschmerzen\/","title":{"rendered":"Gelenksschmerzen"},"content":{"rendered":"<div  class=\"grids-section grids-is-advanced alignfull\" style=\"--_gs-gap-desktop:0px 0px;--_gs-m-desktop:0 0 0 0;--_gs-p-desktop:0 0 0 0;--_gs-bg-desktop:transparent none;--_gs-bg-xp-desktop:0px;--_gs-zi-desktop:auto;--_gs-d-desktop:block;--_gs-mw-desktop:calc(100% - 0 - 0);--_gs-gap-tablet:0px 0px;--_gs-m-tablet:0 0 0 0;--_gs-p-tablet:0 0 0 0;--_gs-bg-tablet:transparent none;--_gs-bg-xp-tablet:0px;--_gs-zi-tablet:auto;--_gs-d-tablet:block;--_gs-mw-tablet:calc(100% - 0 - 0);--_gs-gap-mobile:0px 0px;--_gs-m-mobile:0 0 0 0;--_gs-p-mobile:0 0 0 0;--_gs-bg-mobile:transparent none;--_gs-bg-xp-mobile:0px;--_gs-zi-mobile:auto;--_gs-d-mobile:block;--_gs-mw-mobile:calc(100% - 0 - 0);--_gs-columns:12;--_gs-rows:6\"><div class=\"grids-s-w_i\">\n<div class=\"grids-area\" style=\"--_ga-column:2\/12;--_ga-row:1\/7;--_ga-m-desktop:0 0 0 0;--_ga-p-desktop:0 0 0 0;--_ga-bg-desktop:transparent none;--_ga-zi-desktop:auto;--_ga-d-desktop:flex;--_ga-mw-desktop:calc(100% - 0 - 0);--_ga-m-tablet:0 0 0 0;--_ga-p-tablet:0 0 0 0;--_ga-bg-tablet:transparent none;--_ga-zi-tablet:auto;--_ga-d-tablet:flex;--_ga-mw-tablet:calc(100% - 0 - 0);--_ga-m-mobile:0 0 0 0;--_ga-p-mobile:0 0 0 0;--_ga-bg-mobile:transparent none;--_ga-zi-mobile:auto;--_ga-d-mobile:flex;--_ga-mw-mobile:calc(100% - 0 - 0)\">\n\n<h2 class=\"wp-block-heading\">Ein paar Schritte vom Stadtzentrum und der Fu\u00dfg\u00e4ngerzone liegt unser Hotel und hat ein Zentrum f\u03cbr Behandlungen folgender Probleme:<\/h2>\n\n\n\n<ul class=\"wp-block-list\"><li><strong>Osteoporose<\/strong>, <strong>Arthritis<\/strong> und <strong>Arthrose<\/strong>;<\/li><li><strong>Rheuma<\/strong>, <strong>Gelenk<\/strong> &#8211; und <strong>Muskelschmerzen<\/strong>;<\/li><li><strong>Schmerzen nach Trauma oder Operationen<\/strong>;<\/li><li><strong>Spondylitis<\/strong>, <strong>Tendinitis<\/strong>, <strong>Zervikalprobleme<\/strong>.<\/li><\/ul>\n\n\n\n<p>Das Vergn\u00fcgen eines Urlaubs und die<strong> Vorteile von Thermal-Behandlungen: <\/strong>Unser Hotel ist die beste Antwort.<br><br>Das Hotel Terme Bologna ist mit einer<strong> internen Kurabteilung <\/strong>ausgestattet (Sie k\u00f6nnen direkt von Ihrem Zimmer aus, im Bademantel, in die Kurabteilung gehen), die der <strong>Schlammtherapie und der Inhalationstherapien<\/strong> gewidmet ist. Wir haben auch zwei Thermalbecken, von denen einer im Freien in einem riesigen, schattigen Park eingebettet ist, wo Sie sich zwischen den Behandlungen in der hei\u00dfesten Jahreszeit regenerieren k\u00f6nnen.<\/p>\n\n\n\r\n    <div class=\"custom-gallery-wrapper custom-gallery-wrapper-column-1\">\r\n                <span class=\"enable-fullscreen\" onclick=\"showHideFotorama('custom-gallery_1', 0);\">\r\n            <i class=\"far fa-expand\"><\/i>\r\n        <\/span>\r\n                                        <figure class=\"full-width gallery-wrapper-image gallery-wrapper-image-0\" onclick=\"showHideFotorama('custom-gallery_1', 0);\">\r\n                <img decoding=\"async\" class=\"gallery-wrapper-image-small\" src=\"https:\/\/www.hoteltermebologna.com\/wp-content\/uploads\/2021\/12\/inalazione-uomo.jpg\">\r\n            <\/figure>\r\n                        <\/div>\r\n\r\n    <div style=\"width:1px;height:1px;position:absolute;\" name=\"fotorama\" id=\"custom-gallery_1\" class=\"fotorama\" data-width=\"100%\"  data-nav=\"thumbs\"  data-allowfullscreen=\"true\" >\r\n                    <img decoding=\"async\" src=\"https:\/\/www.hoteltermebologna.com\/wp-content\/uploads\/2021\/12\/inalazione-uomo.jpg\" class=\"attachment-full skip-lazy\" \/>\r\n            <\/div>\r\n\r\n\n\n<\/div>\n<\/div><\/div>\n\n<div  class=\"grids-section grids-is-advanced alignfull\" style=\"--_gs-gap-desktop:0px 0px;--_gs-m-desktop:0 0 0 0;--_gs-p-desktop:0 0 0 0;--_gs-bg-desktop:transparent none;--_gs-bg-xp-desktop:0px;--_gs-zi-desktop:auto;--_gs-d-desktop:block;--_gs-mw-desktop:calc(100% - 0 - 0);--_gs-gap-tablet:0px 0px;--_gs-m-tablet:0 0 0 0;--_gs-p-tablet:0 0 0 0;--_gs-bg-tablet:transparent none;--_gs-bg-xp-tablet:0px;--_gs-zi-tablet:auto;--_gs-d-tablet:block;--_gs-mw-tablet:calc(100% - 0 - 0);--_gs-gap-mobile:0px 0px;--_gs-m-mobile:0 0 0 0;--_gs-p-mobile:0 0 0 0;--_gs-bg-mobile:transparent none;--_gs-bg-xp-mobile:0px;--_gs-zi-mobile:auto;--_gs-d-mobile:block;--_gs-mw-mobile:calc(100% - 0 - 0);--_gs-columns:12;--_gs-rows:6\"><div class=\"grids-s-w_i\">\n<div class=\"grids-area\" style=\"--_ga-column:2\/12;--_ga-row:1\/7;--_ga-m-desktop:0 0 0 0;--_ga-p-desktop:0 0 0 0;--_ga-bg-desktop:transparent none;--_ga-zi-desktop:auto;--_ga-d-desktop:flex;--_ga-mw-desktop:calc(100% - 0 - 0);--_ga-m-tablet:0 0 0 0;--_ga-p-tablet:0 0 0 0;--_ga-bg-tablet:transparent none;--_ga-zi-tablet:auto;--_ga-d-tablet:flex;--_ga-mw-tablet:calc(100% - 0 - 0);--_ga-m-mobile:0 0 0 0;--_ga-p-mobile:0 0 0 0;--_ga-bg-mobile:transparent none;--_ga-zi-mobile:auto;--_ga-d-mobile:flex;--_ga-mw-mobile:calc(100% - 0 - 0)\">\n\n<p><strong>Die entspannte Atmosph\u00e4re, die einladende Umgebung, der Komfort und die ausgezeichnete K\u00fcche werden die Vorteile der Thermal-Behandlungen verst\u00e4rken<\/strong>.<\/p>\n\n\n\n<p><br><strong>Abano Terme und die umliegende Landschaft<\/strong> mit den Euganeischen H\u00fcgeln, den pr\u00e4chtigen Villen und den mittelalterlichen St\u00e4dten runden das Angebot ab und machen Ihren Aufenthalt noch angenehmer.<\/p>\n\n\n\n<p><br>In unserer Struktur nutzen wir die Zusammenarbeit von <strong>guten Therapeuten sowie eines Kurarztes<\/strong>, der Sie nach der Verschreibung Ihres Arztes \u00fcber die besten Behandlungen f\u03cbr Sie beraten kann.<\/p>\n\n\n\n<p><br>Im Hotel Terme Bologna finden Sie ein ausgezeichnetes Mittel gegen Ihre Probleme wie <strong>Arthrose<\/strong>, <strong>Rheuma<\/strong>, <strong>Arthritis<\/strong>, <strong>Osteoporose<\/strong>:<\/p>\n\n\n\n<ul class=\"wp-block-list\"><li><strong>Fangotherapie;<\/strong><\/li><li><strong>Ozonb\u00e4dern<\/strong>;<\/li><li><strong>heilenden Massagen<\/strong>;<\/li><li><strong>sanften Gymnastik <\/strong>im Thermalbecken.<\/li><\/ul>\n\n\n\n<p>Was die Rehabilitation im<a href=\"\/de\/rehabilitation-im-thermalwasser\/\"> Thermalwasser betrifft<\/a>, so ist <strong>Abano <\/strong>auf europ\u00e4ischer und internationaler Ebene f\u00fcr die Qualit\u00e4t seiner Dienstleistungen und Einrichtungen anerkannt.<br><\/p>\n\n\n\n<p>W\u00e4hrend Kurtherapien wie Schlamm- und <strong>Inhalationstherapien im Rahmen<\/strong> der konventionellen Regelung durchgef\u00fchrt werden k\u00f6nnen (d.h. man zahlt nur die Gesundheitskarte), sind spezifischere Therapien wie Physiotherapie, motorische <strong>Rehabilitation und Hydrokinesitherapie nicht konventionell und werden auf besonderen W<\/strong>unsch des Gastes durchgef\u00fchrt, indem er sich an einen Spezialisten wendet und mit ihm Zeiten, Methoden und Preise vereinbart.<br><br>Die Besitzer, die das Hotel seit vielen Jahren verwalten, werden Sie als Teil der Familie willkommen hei\u00dfen, werden Ihnen das Gef\u00fchl geben, verw\u00f6hnt und umsorgt zu werden, angefangen vom <strong>Komfort der Zimmer<\/strong>, von der <strong>Sch\u00f6nheit <\/strong>der <strong>Pools<\/strong>, vom <strong>Wellnesscenter <\/strong>bis zur K\u00fcche: ausgezeichnet und reichlich!<\/p>\n\n<\/div>\n<\/div><\/div>\n\n<div  class=\"grids-section grids-is-advanced\" style=\"--_gs-gap-desktop:0px 0px;--_gs-m-desktop:0 0 0 0;--_gs-p-desktop:0 0 0 0;--_gs-bg-desktop:transparent none;--_gs-bg-xp-desktop:0px;--_gs-zi-desktop:auto;--_gs-d-desktop:block;--_gs-mw-desktop:calc(100% - 0 - 0);--_gs-gap-tablet:0px 0px;--_gs-m-tablet:0 0 0 0;--_gs-p-tablet:0 0 0 0;--_gs-bg-tablet:transparent none;--_gs-bg-xp-tablet:0px;--_gs-zi-tablet:auto;--_gs-d-tablet:block;--_gs-mw-tablet:calc(100% - 0 - 0);--_gs-gap-mobile:0px 0px;--_gs-m-mobile:0 0 0 0;--_gs-p-mobile:0 0 0 0;--_gs-bg-mobile:transparent none;--_gs-bg-xp-mobile:0px;--_gs-zi-mobile:auto;--_gs-d-mobile:block;--_gs-mw-mobile:calc(100% - 0 - 0);--_gs-columns:12;--_gs-rows:6\"><div class=\"grids-s-w_i\">\n<div class=\"grids-area\" style=\"--_ga-column:2\/12;--_ga-row:1\/7;--_ga-m-desktop:0 0 0 0;--_ga-p-desktop:0 0 0 0;--_ga-bg-desktop:transparent none;--_ga-zi-desktop:auto;--_ga-d-desktop:flex;--_ga-mw-desktop:calc(100% - 0 - 0);--_ga-m-tablet:0 0 0 0;--_ga-p-tablet:0 0 0 0;--_ga-bg-tablet:transparent none;--_ga-zi-tablet:auto;--_ga-d-tablet:flex;--_ga-mw-tablet:calc(100% - 0 - 0);--_ga-m-mobile:0 0 0 0;--_ga-p-mobile:0 0 0 0;--_ga-bg-mobile:transparent none;--_ga-zi-mobile:auto;--_ga-d-mobile:flex;--_ga-mw-mobile:calc(100% - 0 - 0)\">\n\n<h2 class=\"wp-block-heading\">Sie k\u00f6nnten auch interessiert sein an\u2026<\/h2>\n\n\n\r\n    <div class=\"related-pages-container\">\r\n                                 <div class=\"single-related-page-container\">\r\n                <a href=\"https:\/\/www.hoteltermebologna.com\/de\/fotogalerie\/\">\r\n                    <figure class=\"full-width\">\r\n                        <img decoding=\"async\" src=\"https:\/\/www.hoteltermebologna.com\/wp-content\/uploads\/2021\/12\/hotel-terme-bologna-colazione-3.jpg\" \/>\r\n                    <\/figure>\r\n                <\/a>\r\n                <a href=\"https:\/\/www.hoteltermebologna.com\/de\/fotogalerie\/\">\r\n                    <h3 class=\"related-page-title\">\r\n                        Fotogalerie                    <\/h3>\r\n                <\/a>\r\n                <a href=\"https:\/\/www.hoteltermebologna.com\/de\/fotogalerie\/\" class=\"btn btn-center\">\r\n                    Entdecke Sie mehr                <\/a>\r\n            <\/div>\r\n                                 <div class=\"single-related-page-container\">\r\n                <a href=\"https:\/\/www.hoteltermebologna.com\/de\/angebote\/\">\r\n                    <figure class=\"full-width\">\r\n                        <img decoding=\"async\" src=\"https:\/\/www.hoteltermebologna.com\/wp-content\/uploads\/2021\/12\/hotel-terme-bologna-ristorante-facciata_e.jpg\" \/>\r\n                    <\/figure>\r\n                <\/a>\r\n                <a href=\"https:\/\/www.hoteltermebologna.com\/de\/angebote\/\">\r\n                    <h3 class=\"related-page-title\">\r\n                        Angebote                    <\/h3>\r\n                <\/a>\r\n                <a href=\"https:\/\/www.hoteltermebologna.com\/de\/angebote\/\" class=\"btn btn-center\">\r\n                    Entdecke Sie mehr                <\/a>\r\n            <\/div>\r\n                                 <div class=\"single-related-page-container\">\r\n                <a href=\"https:\/\/www.hoteltermebologna.com\/de\/physiotherapie\/\">\r\n                    <figure class=\"full-width\">\r\n                        <img decoding=\"async\" src=\"https:\/\/www.hoteltermebologna.com\/wp-content\/uploads\/2021\/12\/hotel-terme-bologna-piscina3.jpg\" \/>\r\n                    <\/figure>\r\n                <\/a>\r\n                <a href=\"https:\/\/www.hoteltermebologna.com\/de\/physiotherapie\/\">\r\n                    <h3 class=\"related-page-title\">\r\n                        Physiotherapie                    <\/h3>\r\n                <\/a>\r\n                <a href=\"https:\/\/www.hoteltermebologna.com\/de\/physiotherapie\/\" class=\"btn btn-center\">\r\n                    Entdecke Sie mehr                <\/a>\r\n            <\/div>\r\n            <\/div>\r\n\n\n<\/div>\n<\/div><\/div>\n\n<div  class=\"grids-section logos-list-container grids-is-advanced alignfull\" style=\"--_gs-gap-desktop:0px 0px;--_gs-m-desktop:0 0 0 0;--_gs-p-desktop:0 0 0 0;--_gs-bg-desktop:transparent none;--_gs-bg-xp-desktop:0px;--_gs-zi-desktop:auto;--_gs-d-desktop:block;--_gs-mw-desktop:calc(100% - 0 - 0);--_gs-gap-tablet:0px 0px;--_gs-m-tablet:0 0 0 0;--_gs-p-tablet:0 0 0 0;--_gs-bg-tablet:transparent none;--_gs-bg-xp-tablet:0px;--_gs-zi-tablet:auto;--_gs-d-tablet:block;--_gs-mw-tablet:calc(100% - 0 - 0);--_gs-gap-mobile:0px 0px;--_gs-m-mobile:0 0 0 0;--_gs-p-mobile:0 0 0 0;--_gs-bg-mobile:transparent none;--_gs-bg-xp-mobile:0px;--_gs-zi-mobile:auto;--_gs-d-mobile:block;--_gs-mw-mobile:calc(100% - 0 - 0);--_gs-columns:12;--_gs-rows:6\"><div class=\"grids-s-w_i\">\n<div class=\"grids-area\" style=\"--_ga-column:2\/12;--_ga-row:1\/7;--_ga-m-desktop:0 0 0 0;--_ga-p-desktop:0 0 0 0;--_ga-bg-desktop:transparent none;--_ga-zi-desktop:auto;--_ga-d-desktop:flex;--_ga-mw-desktop:calc(100% - 0 - 0);--_ga-m-tablet:0 0 0 0;--_ga-p-tablet:0 0 0 0;--_ga-bg-tablet:transparent none;--_ga-zi-tablet:auto;--_ga-d-tablet:flex;--_ga-mw-tablet:calc(100% - 0 - 0);--_ga-m-mobile:0 0 0 0;--_ga-p-mobile:0 0 0 0;--_ga-bg-mobile:transparent none;--_ga-zi-mobile:auto;--_ga-d-mobile:flex;--_ga-mw-mobile:calc(100% - 0 - 0)\">\n\n<figure class=\"wp-block-image size-full\"><a href=\"https:\/\/www.hoteltermemilano.com\/\" target=\"_blank\" rel=\"noopener\"><img loading=\"lazy\" decoding=\"async\" width=\"85\" height=\"50\" src=\"https:\/\/www.hoteltermebologna.com\/wp-content\/uploads\/2021\/12\/logo-milano.png\" alt=\"\" class=\"wp-image-3190\"\/><\/a><\/figure>\n\n\n\n<figure class=\"wp-block-image size-full\"><a href=\"https:\/\/www.hotelveniceresort.com\/\" target=\"_blank\" rel=\"noopener\"><img loading=\"lazy\" decoding=\"async\" width=\"76\" height=\"49\" src=\"https:\/\/www.hoteltermebologna.com\/wp-content\/uploads\/2021\/10\/veniceresort.png\" alt=\"\" class=\"wp-image-795\"\/><\/a><\/figure>\n\n\n\n<figure class=\"wp-block-image size-full\"><img loading=\"lazy\" decoding=\"async\" width=\"70\" height=\"51\" src=\"https:\/\/www.hoteltermebologna.com\/wp-content\/uploads\/2021\/12\/ospitalita-lnk.jpg\" alt=\"\" class=\"wp-image-3193\"\/><\/figure>\n\n\n\n<figure class=\"wp-block-image size-full\"><img loading=\"lazy\" decoding=\"async\" width=\"73\" height=\"61\" src=\"https:\/\/www.hoteltermebologna.com\/wp-content\/uploads\/2021\/10\/teatro-lnk-1.jpg\" alt=\"\" class=\"wp-image-809\"\/><\/figure>\n\n\n\n<figure class=\"wp-block-image size-full\"><img loading=\"lazy\" decoding=\"async\" width=\"130\" height=\"60\" src=\"https:\/\/www.hoteltermebologna.com\/wp-content\/uploads\/2021\/10\/veneto-golf-hill-1.png\" alt=\"\" class=\"wp-image-808\"\/><\/figure>\n\n<\/div>\n<\/div><\/div>","protected":false},"excerpt":{"rendered":"","protected":false},"author":1,"featured_media":3227,"parent":0,"menu_order":0,"comment_status":"closed","ping_status":"closed","template":"","meta":{"_acf_changed":false,"advgb_blocks_editor_width":"","advgb_blocks_columns_visual_guide":"","footnotes":""},"class_list":["post-5183","page","type-page","status-publish","has-post-thumbnail","hentry","entry"],"acf":[],"yoast_head":"<!-- This site is optimized with the Yoast SEO plugin v25.7 - https:\/\/yoast.com\/wordpress\/plugins\/seo\/ -->\n<title>Gelenksschmerzen - Hotel Terme Bologna<\/title>\n<meta name=\"description\" content=\"Das Hotel Terme Bologna, ein Thermalzentrum in Abano mit Sondervereinbarungen, ist f\u00fcr die Behandlung von Arthrose, Osteoporose, Arthritis und Osteoarthritis ausgestattet.\" \/>\n<meta name=\"robots\" content=\"index, follow, max-snippet:-1, max-image-preview:large, max-video-preview:-1\" \/>\n<link rel=\"canonical\" href=\"https:\/\/www.hoteltermebologna.com\/de\/gelenksschmerzen\/\" \/>\n<meta property=\"og:locale\" content=\"de_DE\" \/>\n<meta property=\"og:type\" content=\"article\" \/>\n<meta property=\"og:title\" content=\"Gelenksschmerzen - Hotel Terme Bologna\" \/>\n<meta property=\"og:description\" content=\"Das Hotel Terme Bologna, ein Thermalzentrum in Abano mit Sondervereinbarungen, ist f\u00fcr die Behandlung von Arthrose, Osteoporose, Arthritis und Osteoarthritis ausgestattet.\" \/>\n<meta property=\"og:url\" content=\"https:\/\/www.hoteltermebologna.com\/de\/gelenksschmerzen\/\" \/>\n<meta property=\"og:site_name\" content=\"Hotel Terme Bologna\" \/>\n<meta property=\"article:modified_time\" content=\"2022-02-28T11:43:38+00:00\" \/>\n<meta property=\"og:image\" content=\"https:\/\/www.hoteltermebologna.com\/wp-content\/uploads\/2021\/12\/trattamenti-termali-curativi-banner.png\" \/>\n\t<meta property=\"og:image:width\" content=\"1440\" \/>\n\t<meta property=\"og:image:height\" content=\"626\" \/>\n\t<meta property=\"og:image:type\" content=\"image\/png\" \/>\n<meta name=\"twitter:card\" content=\"summary_large_image\" \/>\n<meta name=\"twitter:label1\" content=\"Gesch\u00e4tzte Lesezeit\" \/>\n\t<meta name=\"twitter:data1\" content=\"3\u00a0Minuten\" \/>\n<script type=\"application\/ld+json\" class=\"yoast-schema-graph\">{\"@context\":\"https:\/\/schema.org\",\"@graph\":[{\"@type\":\"WebPage\",\"@id\":\"https:\/\/www.hoteltermebologna.com\/de\/gelenksschmerzen\/\",\"url\":\"https:\/\/www.hoteltermebologna.com\/de\/gelenksschmerzen\/\",\"name\":\"Gelenksschmerzen - Hotel Terme Bologna\",\"isPartOf\":{\"@id\":\"https:\/\/www.hoteltermebologna.com\/de\/#website\"},\"primaryImageOfPage\":{\"@id\":\"https:\/\/www.hoteltermebologna.com\/de\/gelenksschmerzen\/#primaryimage\"},\"image\":{\"@id\":\"https:\/\/www.hoteltermebologna.com\/de\/gelenksschmerzen\/#primaryimage\"},\"thumbnailUrl\":\"https:\/\/www.hoteltermebologna.com\/wp-content\/uploads\/2021\/12\/trattamenti-termali-curativi-banner.png\",\"datePublished\":\"2021-12-09T13:45:30+00:00\",\"dateModified\":\"2022-02-28T11:43:38+00:00\",\"description\":\"Das Hotel Terme Bologna, ein Thermalzentrum in Abano mit Sondervereinbarungen, ist f\u00fcr die Behandlung von Arthrose, Osteoporose, Arthritis und Osteoarthritis ausgestattet.\",\"breadcrumb\":{\"@id\":\"https:\/\/www.hoteltermebologna.com\/de\/gelenksschmerzen\/#breadcrumb\"},\"inLanguage\":\"de\",\"potentialAction\":[{\"@type\":\"ReadAction\",\"target\":[\"https:\/\/www.hoteltermebologna.com\/de\/gelenksschmerzen\/\"]}]},{\"@type\":\"ImageObject\",\"inLanguage\":\"de\",\"@id\":\"https:\/\/www.hoteltermebologna.com\/de\/gelenksschmerzen\/#primaryimage\",\"url\":\"https:\/\/www.hoteltermebologna.com\/wp-content\/uploads\/2021\/12\/trattamenti-termali-curativi-banner.png\",\"contentUrl\":\"https:\/\/www.hoteltermebologna.com\/wp-content\/uploads\/2021\/12\/trattamenti-termali-curativi-banner.png\",\"width\":1440,\"height\":626},{\"@type\":\"BreadcrumbList\",\"@id\":\"https:\/\/www.hoteltermebologna.com\/de\/gelenksschmerzen\/#breadcrumb\",\"itemListElement\":[{\"@type\":\"ListItem\",\"position\":1,\"name\":\"Home\",\"item\":\"https:\/\/www.hoteltermebologna.com\/de\/\"},{\"@type\":\"ListItem\",\"position\":2,\"name\":\"Gelenksschmerzen\"}]},{\"@type\":\"WebSite\",\"@id\":\"https:\/\/www.hoteltermebologna.com\/de\/#website\",\"url\":\"https:\/\/www.hoteltermebologna.com\/de\/\",\"name\":\"Hotel Terme Bologna\",\"description\":\"Abano Terme\",\"publisher\":{\"@id\":\"https:\/\/www.hoteltermebologna.com\/de\/#organization\"},\"potentialAction\":[{\"@type\":\"SearchAction\",\"target\":{\"@type\":\"EntryPoint\",\"urlTemplate\":\"https:\/\/www.hoteltermebologna.com\/de\/?s={search_term_string}\"},\"query-input\":{\"@type\":\"PropertyValueSpecification\",\"valueRequired\":true,\"valueName\":\"search_term_string\"}}],\"inLanguage\":\"de\"},{\"@type\":\"Organization\",\"@id\":\"https:\/\/www.hoteltermebologna.com\/de\/#organization\",\"name\":\"Hotel Terme Bologna\",\"url\":\"https:\/\/www.hoteltermebologna.com\/de\/\",\"logo\":{\"@type\":\"ImageObject\",\"inLanguage\":\"de\",\"@id\":\"https:\/\/www.hoteltermebologna.com\/de\/#\/schema\/logo\/image\/\",\"url\":\"https:\/\/www.hoteltermebologna.com\/wp-content\/uploads\/2021\/12\/logo-terme-bologna.png\",\"contentUrl\":\"https:\/\/www.hoteltermebologna.com\/wp-content\/uploads\/2021\/12\/logo-terme-bologna.png\",\"width\":205,\"height\":147,\"caption\":\"Hotel Terme Bologna\"},\"image\":{\"@id\":\"https:\/\/www.hoteltermebologna.com\/de\/#\/schema\/logo\/image\/\"}}]}<\/script>\n<!-- \/ Yoast SEO plugin. -->","yoast_head_json":{"title":"Gelenksschmerzen - Hotel Terme Bologna","description":"Das Hotel Terme Bologna, ein Thermalzentrum in Abano mit Sondervereinbarungen, ist f\u00fcr die Behandlung von Arthrose, Osteoporose, Arthritis und Osteoarthritis ausgestattet.","robots":{"index":"index","follow":"follow","max-snippet":"max-snippet:-1","max-image-preview":"max-image-preview:large","max-video-preview":"max-video-preview:-1"},"canonical":"https:\/\/www.hoteltermebologna.com\/de\/gelenksschmerzen\/","og_locale":"de_DE","og_type":"article","og_title":"Gelenksschmerzen - Hotel Terme Bologna","og_description":"Das Hotel Terme Bologna, ein Thermalzentrum in Abano mit Sondervereinbarungen, ist f\u00fcr die Behandlung von Arthrose, Osteoporose, Arthritis und Osteoarthritis ausgestattet.","og_url":"https:\/\/www.hoteltermebologna.com\/de\/gelenksschmerzen\/","og_site_name":"Hotel Terme Bologna","article_modified_time":"2022-02-28T11:43:38+00:00","og_image":[{"width":1440,"height":626,"url":"https:\/\/www.hoteltermebologna.com\/wp-content\/uploads\/2021\/12\/trattamenti-termali-curativi-banner.png","type":"image\/png"}],"twitter_card":"summary_large_image","twitter_misc":{"Gesch\u00e4tzte Lesezeit":"3\u00a0Minuten"},"schema":{"@context":"https:\/\/schema.org","@graph":[{"@type":"WebPage","@id":"https:\/\/www.hoteltermebologna.com\/de\/gelenksschmerzen\/","url":"https:\/\/www.hoteltermebologna.com\/de\/gelenksschmerzen\/","name":"Gelenksschmerzen - Hotel Terme Bologna","isPartOf":{"@id":"https:\/\/www.hoteltermebologna.com\/de\/#website"},"primaryImageOfPage":{"@id":"https:\/\/www.hoteltermebologna.com\/de\/gelenksschmerzen\/#primaryimage"},"image":{"@id":"https:\/\/www.hoteltermebologna.com\/de\/gelenksschmerzen\/#primaryimage"},"thumbnailUrl":"https:\/\/www.hoteltermebologna.com\/wp-content\/uploads\/2021\/12\/trattamenti-termali-curativi-banner.png","datePublished":"2021-12-09T13:45:30+00:00","dateModified":"2022-02-28T11:43:38+00:00","description":"Das Hotel Terme Bologna, ein Thermalzentrum in Abano mit Sondervereinbarungen, ist f\u00fcr die Behandlung von Arthrose, Osteoporose, Arthritis und Osteoarthritis ausgestattet.","breadcrumb":{"@id":"https:\/\/www.hoteltermebologna.com\/de\/gelenksschmerzen\/#breadcrumb"},"inLanguage":"de","potentialAction":[{"@type":"ReadAction","target":["https:\/\/www.hoteltermebologna.com\/de\/gelenksschmerzen\/"]}]},{"@type":"ImageObject","inLanguage":"de","@id":"https:\/\/www.hoteltermebologna.com\/de\/gelenksschmerzen\/#primaryimage","url":"https:\/\/www.hoteltermebologna.com\/wp-content\/uploads\/2021\/12\/trattamenti-termali-curativi-banner.png","contentUrl":"https:\/\/www.hoteltermebologna.com\/wp-content\/uploads\/2021\/12\/trattamenti-termali-curativi-banner.png","width":1440,"height":626},{"@type":"BreadcrumbList","@id":"https:\/\/www.hoteltermebologna.com\/de\/gelenksschmerzen\/#breadcrumb","itemListElement":[{"@type":"ListItem","position":1,"name":"Home","item":"https:\/\/www.hoteltermebologna.com\/de\/"},{"@type":"ListItem","position":2,"name":"Gelenksschmerzen"}]},{"@type":"WebSite","@id":"https:\/\/www.hoteltermebologna.com\/de\/#website","url":"https:\/\/www.hoteltermebologna.com\/de\/","name":"Hotel Terme Bologna","description":"Abano Terme","publisher":{"@id":"https:\/\/www.hoteltermebologna.com\/de\/#organization"},"potentialAction":[{"@type":"SearchAction","target":{"@type":"EntryPoint","urlTemplate":"https:\/\/www.hoteltermebologna.com\/de\/?s={search_term_string}"},"query-input":{"@type":"PropertyValueSpecification","valueRequired":true,"valueName":"search_term_string"}}],"inLanguage":"de"},{"@type":"Organization","@id":"https:\/\/www.hoteltermebologna.com\/de\/#organization","name":"Hotel Terme Bologna","url":"https:\/\/www.hoteltermebologna.com\/de\/","logo":{"@type":"ImageObject","inLanguage":"de","@id":"https:\/\/www.hoteltermebologna.com\/de\/#\/schema\/logo\/image\/","url":"https:\/\/www.hoteltermebologna.com\/wp-content\/uploads\/2021\/12\/logo-terme-bologna.png","contentUrl":"https:\/\/www.hoteltermebologna.com\/wp-content\/uploads\/2021\/12\/logo-terme-bologna.png","width":205,"height":147,"caption":"Hotel Terme Bologna"},"image":{"@id":"https:\/\/www.hoteltermebologna.com\/de\/#\/schema\/logo\/image\/"}}]}},"coauthors":[],"author_meta":{"author_link":"https:\/\/www.hoteltermebologna.com\/de\/author\/h0t3-m1l\/","display_name":"h0t3-m1l"},"relative_dates":{"created":"Posted 4\u00a0Jahren ago","modified":"Updated 4\u00a0Jahren ago"},"absolute_dates":{"created":"Posted on Dezember 9, 2021","modified":"Updated on Februar 28, 2022"},"absolute_dates_time":{"created":"Posted on Dezember 9, 2021 2:45 p.m.","modified":"Updated on Februar 28, 2022 12:43 p.m."},"featured_img_caption":"","featured_img":"https:\/\/www.hoteltermebologna.com\/wp-content\/uploads\/2021\/12\/trattamenti-termali-curativi-banner.png","series_order":"","_links":{"self":[{"href":"https:\/\/www.hoteltermebologna.com\/de\/wp-json\/wp\/v2\/pages\/5183","targetHints":{"allow":["GET"]}}],"collection":[{"href":"https:\/\/www.hoteltermebologna.com\/de\/wp-json\/wp\/v2\/pages"}],"about":[{"href":"https:\/\/www.hoteltermebologna.com\/de\/wp-json\/wp\/v2\/types\/page"}],"author":[{"embeddable":true,"href":"https:\/\/www.hoteltermebologna.com\/de\/wp-json\/wp\/v2\/users\/1"}],"replies":[{"embeddable":true,"href":"https:\/\/www.hoteltermebologna.com\/de\/wp-json\/wp\/v2\/comments?post=5183"}],"version-history":[{"count":3,"href":"https:\/\/www.hoteltermebologna.com\/de\/wp-json\/wp\/v2\/pages\/5183\/revisions"}],"predecessor-version":[{"id":5395,"href":"https:\/\/www.hoteltermebologna.com\/de\/wp-json\/wp\/v2\/pages\/5183\/revisions\/5395"}],"wp:featuredmedia":[{"embeddable":true,"href":"https:\/\/www.hoteltermebologna.com\/de\/wp-json\/wp\/v2\/media\/3227"}],"wp:attachment":[{"href":"https:\/\/www.hoteltermebologna.com\/de\/wp-json\/wp\/v2\/media?parent=5183"}],"curies":[{"name":"wp","href":"https:\/\/api.w.org\/{rel}","templated":true}]}}