{"id":5187,"date":"2021-12-09T15:25:14","date_gmt":"2021-12-09T14:25:14","guid":{"rendered":"https:\/\/www.hoteltermebologna.com\/fisioterapia\/"},"modified":"2022-02-28T12:45:00","modified_gmt":"2022-02-28T11:45:00","slug":"physiotherapie","status":"publish","type":"page","link":"https:\/\/www.hoteltermebologna.com\/de\/physiotherapie\/","title":{"rendered":"Physiotherapie"},"content":{"rendered":"<div  class=\"grids-section grids-is-advanced alignfull\" style=\"--_gs-gap-desktop:0px 0px;--_gs-m-desktop:0 0 0 0;--_gs-p-desktop:0 0 0 0;--_gs-bg-desktop:transparent none;--_gs-bg-xp-desktop:0px;--_gs-zi-desktop:auto;--_gs-d-desktop:block;--_gs-mw-desktop:calc(100% - 0 - 0);--_gs-gap-tablet:0px 0px;--_gs-m-tablet:0 0 0 0;--_gs-p-tablet:0 0 0 0;--_gs-bg-tablet:transparent none;--_gs-bg-xp-tablet:0px;--_gs-zi-tablet:auto;--_gs-d-tablet:block;--_gs-mw-tablet:calc(100% - 0 - 0);--_gs-gap-mobile:0px 0px;--_gs-m-mobile:0 0 0 0;--_gs-p-mobile:0 0 0 0;--_gs-bg-mobile:transparent none;--_gs-bg-xp-mobile:0px;--_gs-zi-mobile:auto;--_gs-d-mobile:block;--_gs-mw-mobile:calc(100% - 0 - 0);--_gs-columns:12;--_gs-rows:6\"><div class=\"grids-s-w_i\">\n<div class=\"grids-area\" style=\"--_ga-column:2\/12;--_ga-row:1\/2;--_ga-m-desktop:0 0 0 0;--_ga-p-desktop:0 0 0 0;--_ga-bg-desktop:transparent none;--_ga-zi-desktop:auto;--_ga-d-desktop:flex;--_ga-mw-desktop:calc(100% - 0 - 0);--_ga-m-tablet:0 0 0 0;--_ga-p-tablet:0 0 0 0;--_ga-bg-tablet:transparent none;--_ga-zi-tablet:auto;--_ga-d-tablet:flex;--_ga-mw-tablet:calc(100% - 0 - 0);--_ga-m-mobile:0 0 0 0;--_ga-p-mobile:0 0 0 0;--_ga-bg-mobile:transparent none;--_ga-zi-mobile:auto;--_ga-d-mobile:flex;--_ga-mw-mobile:calc(100% - 0 - 0)\">\n\n<p>W\u00e4hrend Ihres Aufenthalts in unserem Hotel in Abano Terme k\u00f6nnen Sie folgende Behandlungen in Anspruch nehmen:<\/p>\n\n<\/div>\n\n<div class=\"grids-area\" style=\"--_ga-column:2\/7;--_ga-row:2\/7;--_ga-m-desktop:0 0 0 0;--_ga-p-desktop:0 0 0 0;--_ga-bg-desktop:transparent none;--_ga-zi-desktop:auto;--_ga-d-desktop:flex;--_ga-mw-desktop:calc(100% - 0 - 0);--_ga-m-tablet:0 0 0 0;--_ga-p-tablet:0 0 0 0;--_ga-bg-tablet:transparent none;--_ga-zi-tablet:auto;--_ga-d-tablet:flex;--_ga-mw-tablet:calc(100% - 0 - 0);--_ga-m-mobile:0 0 0 0;--_ga-p-mobile:0 0 0 0;--_ga-bg-mobile:transparent none;--_ga-zi-mobile:auto;--_ga-d-mobile:flex;--_ga-mw-mobile:calc(100% - 0 - 0)\">\n\r\n    <div class=\"custom-gallery-wrapper custom-gallery-wrapper-column-1\">\r\n                <span class=\"enable-fullscreen\" onclick=\"showHideFotorama('custom-gallery_1', 0);\">\r\n            <i class=\"far fa-expand\"><\/i>\r\n        <\/span>\r\n                                        <figure class=\"full-width gallery-wrapper-image gallery-wrapper-image-0\" onclick=\"showHideFotorama('custom-gallery_1', 0);\">\r\n                <img decoding=\"async\" class=\"gallery-wrapper-image-small\" src=\"https:\/\/www.hoteltermebologna.com\/wp-content\/uploads\/2021\/12\/hotel-terme-bologna-piscina-2.jpg\">\r\n            <\/figure>\r\n                        <\/div>\r\n\r\n    <div style=\"width:1px;height:1px;position:absolute;\" name=\"fotorama\" id=\"custom-gallery_1\" class=\"fotorama\" data-width=\"100%\"  data-nav=\"thumbs\"  data-allowfullscreen=\"true\" >\r\n                    <img decoding=\"async\" src=\"https:\/\/www.hoteltermebologna.com\/wp-content\/uploads\/2021\/12\/hotel-terme-bologna-piscina-2.jpg\" class=\"attachment-full skip-lazy\" \/>\r\n            <\/div>\r\n\r\n\n\n<\/div>\n\n<div class=\"grids-area\" style=\"--_ga-column:8\/12;--_ga-row:2\/7;--_ga-va:center;--_ga-m-desktop:0 0 0 0;--_ga-p-desktop:0 0 0 0;--_ga-bg-desktop:transparent none;--_ga-zi-desktop:auto;--_ga-d-desktop:flex;--_ga-mw-desktop:calc(100% - 0 - 0);--_ga-m-tablet:0 0 0 0;--_ga-p-tablet:0 0 0 0;--_ga-bg-tablet:transparent none;--_ga-zi-tablet:auto;--_ga-d-tablet:flex;--_ga-mw-tablet:calc(100% - 0 - 0);--_ga-m-mobile:0 0 0 0;--_ga-p-mobile:0 0 0 0;--_ga-bg-mobile:transparent none;--_ga-zi-mobile:auto;--_ga-d-mobile:flex;--_ga-mw-mobile:calc(100% - 0 - 0)\">\n\n<ul class=\"wp-block-list\"><li><strong>Schlammanwendungen, wenn Sie an Arthrose, Rheuma, Osteoporose, Arthritis, Gelenkschmerzen<\/strong> leiden;<\/li><li><strong>B\u00e4der im Thermalwasser und Whirlpoo<\/strong>l zum Entspannen;<\/li><li>\u00e4sthetische und heilende <strong>Massagen<\/strong> f\u00fcr den K\u00f6rper;<\/li><li>spezifische<strong> Gymnastik zur Verbesserung <\/strong>von Haltungsproblemen;<\/li><li><strong>Inhalationen und Aerosole<\/strong>, um den wichtigsten Atemwegsentz\u00fcndungen entgegenzuwirken.<\/li><\/ul>\n\n\n\n<p>Das Hotel Terme Bologna nutzt die Zusammenarbeit mit Fisiopromet, der auf Physiotherapie spezialisierten Poliklinik, die in Physiotherapie und motorischen Rehabilitationsprogrammen spezialisiert ist. Diese Behandlungen sind gegen Geb\u00fchr buchbar.<\/p>\n\n<\/div>\n<\/div><\/div>\n\n<div  class=\"grids-section grids-is-advanced alignfull\" style=\"--_gs-gap-desktop:0px 0px;--_gs-m-desktop:0 0 0 0;--_gs-p-desktop:0 0 0 0;--_gs-bg-desktop:transparent none;--_gs-bg-xp-desktop:0px;--_gs-zi-desktop:auto;--_gs-d-desktop:block;--_gs-mw-desktop:calc(100% - 0 - 0);--_gs-gap-tablet:0px 0px;--_gs-m-tablet:0 0 0 0;--_gs-p-tablet:0 0 0 0;--_gs-bg-tablet:transparent none;--_gs-bg-xp-tablet:0px;--_gs-zi-tablet:auto;--_gs-d-tablet:block;--_gs-mw-tablet:calc(100% - 0 - 0);--_gs-gap-mobile:0px 0px;--_gs-m-mobile:0 0 0 0;--_gs-p-mobile:0 0 0 0;--_gs-bg-mobile:transparent none;--_gs-bg-xp-mobile:0px;--_gs-zi-mobile:auto;--_gs-d-mobile:block;--_gs-mw-mobile:calc(100% - 0 - 0);--_gs-columns:12;--_gs-rows:6\"><div class=\"grids-s-w_i\">\n<div class=\"grids-area\" style=\"--_ga-column:2\/12;--_ga-row:1\/7;--_ga-m-desktop:0 0 0 0;--_ga-p-desktop:0 0 0 0;--_ga-bg-desktop:transparent none;--_ga-zi-desktop:auto;--_ga-d-desktop:flex;--_ga-mw-desktop:calc(100% - 0 - 0);--_ga-m-tablet:0 0 0 0;--_ga-p-tablet:0 0 0 0;--_ga-bg-tablet:transparent none;--_ga-zi-tablet:auto;--_ga-d-tablet:flex;--_ga-mw-tablet:calc(100% - 0 - 0);--_ga-m-mobile:0 0 0 0;--_ga-p-mobile:0 0 0 0;--_ga-bg-mobile:transparent none;--_ga-zi-mobile:auto;--_ga-d-mobile:flex;--_ga-mw-mobile:calc(100% - 0 - 0)\">\n\n<p>Die Thermalb\u00e4der von Abano sind der ideale Ort, um sich vom Stress des Alltags zu erholen. Schon wenige Tage Entspannung und gezielte Wellnessanwendungen reichen aus, um <strong>wieder in Form<\/strong> und voller Energie zu kommen.<br><br>Das Hotel Terme Bologna bietet insbesondere eine gro\u00dfe Anzahl von spezifischen Behandlungen, die der Gesundheit und Sch\u00f6nheit seiner G\u00e4ste gewidmet sind und alle von hochqualifiziertem und spezialisiertem Personal durchgef\u00fchrt werden. <\/p>\n\n\n\n<p>Das Hotel Terme Bologna verf\u00fcgt \u00fcber gro\u00dfe und <a href=\"https:\/\/www.hoteltermebologna.com\/de\/zimmer\/\">helle Zimmer<\/a>, die mit eigenem Bad, WLAN, Telefon, Safe, Sat-TV und Klimaanlage ausgestattet sind. Viele (aber nicht alle) haben einen Balkon.<br>In Ihrer Freizeit k\u00f6nnen Sie<\/p>\n\n\n\n<ul class=\"wp-block-list\"><li>sich in den <strong>gro\u00dfen Gemeinschaftsr\u00e4umen <\/strong>und im Lese- und Spielzimmer entspannen<\/li><li>k\u00f6rperliche <strong>Aktivit\u00e4t im Fitnessraum<\/strong> treiben, im Pool schwimmen und den Tennisplatz des nahe gelegenen Hotels Milano benutzen;<\/li><li>Lassen Sie sich in unserem <a href=\"https:\/\/www.hoteltermebologna.com\/de\/wohltun\/\">Wellnesscenter<\/a> von den erfahrenen H\u00e4nden von Kosmetikerinnen und Masseuren verw\u00f6hnen.<\/li><\/ul>\n\n\n\n<p>Das Hotel Bologna liegt nur 300 Meter von der Fu\u00dfg\u00e4ngerzone von Abano entfernt und liegt in einem <strong>gro\u00dfen Park mit zwei Swimmingpools<\/strong> (einer im Innen- und im Au\u00dfenbereich, die miteinander verbunden sind), wo wir auch einen kleinen Bereich f\u00fcr Ihre <a href=\"\/de\/hotel-mit-hund\/\">4-beinigen Freunde<\/a> geschaffen haben.<\/p>\n\n<\/div>\n<\/div><\/div>\n\n<div  class=\"grids-section grids-is-advanced\" style=\"--_gs-gap-desktop:0px 0px;--_gs-m-desktop:0 0 0 0;--_gs-p-desktop:0 0 0 0;--_gs-bg-desktop:transparent none;--_gs-bg-xp-desktop:0px;--_gs-zi-desktop:auto;--_gs-d-desktop:block;--_gs-mw-desktop:calc(100% - 0 - 0);--_gs-gap-tablet:0px 0px;--_gs-m-tablet:0 0 0 0;--_gs-p-tablet:0 0 0 0;--_gs-bg-tablet:transparent none;--_gs-bg-xp-tablet:0px;--_gs-zi-tablet:auto;--_gs-d-tablet:block;--_gs-mw-tablet:calc(100% - 0 - 0);--_gs-gap-mobile:0px 0px;--_gs-m-mobile:0 0 0 0;--_gs-p-mobile:0 0 0 0;--_gs-bg-mobile:transparent none;--_gs-bg-xp-mobile:0px;--_gs-zi-mobile:auto;--_gs-d-mobile:block;--_gs-mw-mobile:calc(100% - 0 - 0);--_gs-columns:12;--_gs-rows:6\"><div class=\"grids-s-w_i\">\n<div class=\"grids-area\" style=\"--_ga-column:2\/12;--_ga-row:1\/7;--_ga-m-desktop:0 0 0 0;--_ga-p-desktop:0 0 0 0;--_ga-bg-desktop:transparent none;--_ga-zi-desktop:auto;--_ga-d-desktop:flex;--_ga-mw-desktop:calc(100% - 0 - 0);--_ga-m-tablet:0 0 0 0;--_ga-p-tablet:0 0 0 0;--_ga-bg-tablet:transparent none;--_ga-zi-tablet:auto;--_ga-d-tablet:flex;--_ga-mw-tablet:calc(100% - 0 - 0);--_ga-m-mobile:0 0 0 0;--_ga-p-mobile:0 0 0 0;--_ga-bg-mobile:transparent none;--_ga-zi-mobile:auto;--_ga-d-mobile:flex;--_ga-mw-mobile:calc(100% - 0 - 0)\">\n\n<h2 class=\"wp-block-heading\">Sie k\u00f6nnten auch interessiert sein an\u2026<\/h2>\n\n\n\r\n    <div class=\"related-pages-container\">\r\n                                 <div class=\"single-related-page-container\">\r\n                <a href=\"https:\/\/www.hoteltermebologna.com\/it\/cure-e-trattamenti-convenzionati-asl\/\">\r\n                    <figure class=\"full-width\">\r\n                        <img decoding=\"async\" src=\"https:\/\/www.hoteltermebologna.com\/wp-content\/uploads\/2021\/12\/hotel-terme-bologna-giugno2019-9.jpg\" \/>\r\n                    <\/figure>\r\n                <\/a>\r\n                <a href=\"https:\/\/www.hoteltermebologna.com\/it\/cure-e-trattamenti-convenzionati-asl\/\">\r\n                    <h3 class=\"related-page-title\">\r\n                        Cure e trattamenti convenzionati ASL                    <\/h3>\r\n                <\/a>\r\n                <a href=\"https:\/\/www.hoteltermebologna.com\/it\/cure-e-trattamenti-convenzionati-asl\/\" class=\"btn btn-center\">\r\n                    Entdecke Sie mehr                <\/a>\r\n            <\/div>\r\n                                 <div class=\"single-related-page-container\">\r\n                <a href=\"https:\/\/www.hoteltermebologna.com\/de\/personalisierte-therapie-und-behandlungen\/\">\r\n                    <figure class=\"full-width\">\r\n                        <img decoding=\"async\" src=\"https:\/\/www.hoteltermebologna.com\/wp-content\/uploads\/2021\/12\/trattamenti-termali-curativi-banner.png\" \/>\r\n                    <\/figure>\r\n                <\/a>\r\n                <a href=\"https:\/\/www.hoteltermebologna.com\/de\/personalisierte-therapie-und-behandlungen\/\">\r\n                    <h3 class=\"related-page-title\">\r\n                        Personalisierte Therapie und Behandlungen                    <\/h3>\r\n                <\/a>\r\n                <a href=\"https:\/\/www.hoteltermebologna.com\/de\/personalisierte-therapie-und-behandlungen\/\" class=\"btn btn-center\">\r\n                    Entdecke Sie mehr                <\/a>\r\n            <\/div>\r\n                                 <div class=\"single-related-page-container\">\r\n                <a href=\"https:\/\/www.hoteltermebologna.com\/de\/angebote\/\">\r\n                    <figure class=\"full-width\">\r\n                        <img decoding=\"async\" src=\"https:\/\/www.hoteltermebologna.com\/wp-content\/uploads\/2021\/12\/hotel-terme-bologna-ristorante-facciata_e.jpg\" \/>\r\n                    <\/figure>\r\n                <\/a>\r\n                <a href=\"https:\/\/www.hoteltermebologna.com\/de\/angebote\/\">\r\n                    <h3 class=\"related-page-title\">\r\n                        Angebote                    <\/h3>\r\n                <\/a>\r\n                <a href=\"https:\/\/www.hoteltermebologna.com\/de\/angebote\/\" class=\"btn btn-center\">\r\n                    Entdecke Sie mehr                <\/a>\r\n            <\/div>\r\n            <\/div>\r\n\n\n<\/div>\n<\/div><\/div>\n\n<div  class=\"grids-section logos-list-container grids-is-advanced alignfull\" style=\"--_gs-gap-desktop:0px 0px;--_gs-m-desktop:0 0 0 0;--_gs-p-desktop:0 0 0 0;--_gs-bg-desktop:transparent none;--_gs-bg-xp-desktop:0px;--_gs-zi-desktop:auto;--_gs-d-desktop:block;--_gs-mw-desktop:calc(100% - 0 - 0);--_gs-gap-tablet:0px 0px;--_gs-m-tablet:0 0 0 0;--_gs-p-tablet:0 0 0 0;--_gs-bg-tablet:transparent none;--_gs-bg-xp-tablet:0px;--_gs-zi-tablet:auto;--_gs-d-tablet:block;--_gs-mw-tablet:calc(100% - 0 - 0);--_gs-gap-mobile:0px 0px;--_gs-m-mobile:0 0 0 0;--_gs-p-mobile:0 0 0 0;--_gs-bg-mobile:transparent none;--_gs-bg-xp-mobile:0px;--_gs-zi-mobile:auto;--_gs-d-mobile:block;--_gs-mw-mobile:calc(100% - 0 - 0);--_gs-columns:12;--_gs-rows:6\"><div class=\"grids-s-w_i\">\n<div class=\"grids-area\" style=\"--_ga-column:2\/12;--_ga-row:1\/7;--_ga-m-desktop:0 0 0 0;--_ga-p-desktop:0 0 0 0;--_ga-bg-desktop:transparent none;--_ga-zi-desktop:auto;--_ga-d-desktop:flex;--_ga-mw-desktop:calc(100% - 0 - 0);--_ga-m-tablet:0 0 0 0;--_ga-p-tablet:0 0 0 0;--_ga-bg-tablet:transparent none;--_ga-zi-tablet:auto;--_ga-d-tablet:flex;--_ga-mw-tablet:calc(100% - 0 - 0);--_ga-m-mobile:0 0 0 0;--_ga-p-mobile:0 0 0 0;--_ga-bg-mobile:transparent none;--_ga-zi-mobile:auto;--_ga-d-mobile:flex;--_ga-mw-mobile:calc(100% - 0 - 0)\">\n\n<figure class=\"wp-block-image size-full\"><a href=\"https:\/\/www.hoteltermemilano.com\/\" target=\"_blank\" rel=\"noopener\"><img loading=\"lazy\" decoding=\"async\" width=\"85\" height=\"50\" src=\"https:\/\/www.hoteltermebologna.com\/wp-content\/uploads\/2021\/12\/logo-milano.png\" alt=\"\" class=\"wp-image-3190\"\/><\/a><\/figure>\n\n\n\n<figure class=\"wp-block-image size-full\"><a href=\"https:\/\/www.hotelveniceresort.com\/\" target=\"_blank\" rel=\"noopener\"><img loading=\"lazy\" decoding=\"async\" width=\"76\" height=\"49\" src=\"https:\/\/www.hoteltermebologna.com\/wp-content\/uploads\/2021\/10\/veniceresort.png\" alt=\"\" class=\"wp-image-795\"\/><\/a><\/figure>\n\n\n\n<figure class=\"wp-block-image size-full\"><img loading=\"lazy\" decoding=\"async\" width=\"70\" height=\"51\" src=\"https:\/\/www.hoteltermebologna.com\/wp-content\/uploads\/2021\/12\/ospitalita-lnk.jpg\" alt=\"\" class=\"wp-image-3193\"\/><\/figure>\n\n\n\n<figure class=\"wp-block-image size-full\"><img loading=\"lazy\" decoding=\"async\" width=\"73\" height=\"61\" src=\"https:\/\/www.hoteltermebologna.com\/wp-content\/uploads\/2021\/10\/teatro-lnk-1.jpg\" alt=\"\" class=\"wp-image-809\"\/><\/figure>\n\n\n\n<figure class=\"wp-block-image size-full\"><img loading=\"lazy\" decoding=\"async\" width=\"130\" height=\"60\" src=\"https:\/\/www.hoteltermebologna.com\/wp-content\/uploads\/2021\/10\/veneto-golf-hill-1.png\" alt=\"\" class=\"wp-image-808\"\/><\/figure>\n\n<\/div>\n<\/div><\/div>","protected":false},"excerpt":{"rendered":"","protected":false},"author":1,"featured_media":3589,"parent":0,"menu_order":0,"comment_status":"closed","ping_status":"closed","template":"","meta":{"_acf_changed":false,"advgb_blocks_editor_width":"","advgb_blocks_columns_visual_guide":"","footnotes":""},"class_list":["post-5187","page","type-page","status-publish","has-post-thumbnail","hentry","entry"],"acf":[],"yoast_head":"<!-- This site is optimized with the Yoast SEO plugin v25.7 - https:\/\/yoast.com\/wordpress\/plugins\/seo\/ -->\n<title>Physiotherapie - Hotel Terme Bologna<\/title>\n<meta name=\"description\" content=\"Die Thermalb\u00e4der von Abano sind der ideale Ort, um wieder in Form und voller Energie zu kommen. K\u00fcmmern Sie sich um sich selbst und Ihr Wohlbefinden im Hotel Terme Bologna!\" \/>\n<meta name=\"robots\" content=\"index, follow, max-snippet:-1, max-image-preview:large, max-video-preview:-1\" \/>\n<link rel=\"canonical\" href=\"https:\/\/www.hoteltermebologna.com\/de\/physiotherapie\/\" \/>\n<meta property=\"og:locale\" content=\"de_DE\" \/>\n<meta property=\"og:type\" content=\"article\" \/>\n<meta property=\"og:title\" content=\"Physiotherapie - Hotel Terme Bologna\" \/>\n<meta property=\"og:description\" content=\"Die Thermalb\u00e4der von Abano sind der ideale Ort, um wieder in Form und voller Energie zu kommen. K\u00fcmmern Sie sich um sich selbst und Ihr Wohlbefinden im Hotel Terme Bologna!\" \/>\n<meta property=\"og:url\" content=\"https:\/\/www.hoteltermebologna.com\/de\/physiotherapie\/\" \/>\n<meta property=\"og:site_name\" content=\"Hotel Terme Bologna\" \/>\n<meta property=\"article:modified_time\" content=\"2022-02-28T11:45:00+00:00\" \/>\n<meta property=\"og:image\" content=\"https:\/\/www.hoteltermebologna.com\/wp-content\/uploads\/2021\/12\/hotel-terme-bologna-piscina3.jpg\" \/>\n\t<meta property=\"og:image:width\" content=\"1200\" \/>\n\t<meta property=\"og:image:height\" content=\"800\" \/>\n\t<meta property=\"og:image:type\" content=\"image\/jpeg\" \/>\n<meta name=\"twitter:card\" content=\"summary_large_image\" \/>\n<meta name=\"twitter:label1\" content=\"Gesch\u00e4tzte Lesezeit\" \/>\n\t<meta name=\"twitter:data1\" content=\"3\u00a0Minuten\" \/>\n<script type=\"application\/ld+json\" class=\"yoast-schema-graph\">{\"@context\":\"https:\/\/schema.org\",\"@graph\":[{\"@type\":\"WebPage\",\"@id\":\"https:\/\/www.hoteltermebologna.com\/de\/physiotherapie\/\",\"url\":\"https:\/\/www.hoteltermebologna.com\/de\/physiotherapie\/\",\"name\":\"Physiotherapie - Hotel Terme Bologna\",\"isPartOf\":{\"@id\":\"https:\/\/www.hoteltermebologna.com\/de\/#website\"},\"primaryImageOfPage\":{\"@id\":\"https:\/\/www.hoteltermebologna.com\/de\/physiotherapie\/#primaryimage\"},\"image\":{\"@id\":\"https:\/\/www.hoteltermebologna.com\/de\/physiotherapie\/#primaryimage\"},\"thumbnailUrl\":\"https:\/\/www.hoteltermebologna.com\/wp-content\/uploads\/2021\/12\/hotel-terme-bologna-piscina3.jpg\",\"datePublished\":\"2021-12-09T14:25:14+00:00\",\"dateModified\":\"2022-02-28T11:45:00+00:00\",\"description\":\"Die Thermalb\u00e4der von Abano sind der ideale Ort, um wieder in Form und voller Energie zu kommen. K\u00fcmmern Sie sich um sich selbst und Ihr Wohlbefinden im Hotel Terme Bologna!\",\"breadcrumb\":{\"@id\":\"https:\/\/www.hoteltermebologna.com\/de\/physiotherapie\/#breadcrumb\"},\"inLanguage\":\"de\",\"potentialAction\":[{\"@type\":\"ReadAction\",\"target\":[\"https:\/\/www.hoteltermebologna.com\/de\/physiotherapie\/\"]}]},{\"@type\":\"ImageObject\",\"inLanguage\":\"de\",\"@id\":\"https:\/\/www.hoteltermebologna.com\/de\/physiotherapie\/#primaryimage\",\"url\":\"https:\/\/www.hoteltermebologna.com\/wp-content\/uploads\/2021\/12\/hotel-terme-bologna-piscina3.jpg\",\"contentUrl\":\"https:\/\/www.hoteltermebologna.com\/wp-content\/uploads\/2021\/12\/hotel-terme-bologna-piscina3.jpg\",\"width\":1200,\"height\":800},{\"@type\":\"BreadcrumbList\",\"@id\":\"https:\/\/www.hoteltermebologna.com\/de\/physiotherapie\/#breadcrumb\",\"itemListElement\":[{\"@type\":\"ListItem\",\"position\":1,\"name\":\"Home\",\"item\":\"https:\/\/www.hoteltermebologna.com\/de\/\"},{\"@type\":\"ListItem\",\"position\":2,\"name\":\"Physiotherapie\"}]},{\"@type\":\"WebSite\",\"@id\":\"https:\/\/www.hoteltermebologna.com\/de\/#website\",\"url\":\"https:\/\/www.hoteltermebologna.com\/de\/\",\"name\":\"Hotel Terme Bologna\",\"description\":\"Abano Terme\",\"publisher\":{\"@id\":\"https:\/\/www.hoteltermebologna.com\/de\/#organization\"},\"potentialAction\":[{\"@type\":\"SearchAction\",\"target\":{\"@type\":\"EntryPoint\",\"urlTemplate\":\"https:\/\/www.hoteltermebologna.com\/de\/?s={search_term_string}\"},\"query-input\":{\"@type\":\"PropertyValueSpecification\",\"valueRequired\":true,\"valueName\":\"search_term_string\"}}],\"inLanguage\":\"de\"},{\"@type\":\"Organization\",\"@id\":\"https:\/\/www.hoteltermebologna.com\/de\/#organization\",\"name\":\"Hotel Terme Bologna\",\"url\":\"https:\/\/www.hoteltermebologna.com\/de\/\",\"logo\":{\"@type\":\"ImageObject\",\"inLanguage\":\"de\",\"@id\":\"https:\/\/www.hoteltermebologna.com\/de\/#\/schema\/logo\/image\/\",\"url\":\"https:\/\/www.hoteltermebologna.com\/wp-content\/uploads\/2021\/12\/logo-terme-bologna.png\",\"contentUrl\":\"https:\/\/www.hoteltermebologna.com\/wp-content\/uploads\/2021\/12\/logo-terme-bologna.png\",\"width\":205,\"height\":147,\"caption\":\"Hotel Terme Bologna\"},\"image\":{\"@id\":\"https:\/\/www.hoteltermebologna.com\/de\/#\/schema\/logo\/image\/\"}}]}<\/script>\n<!-- \/ Yoast SEO plugin. -->","yoast_head_json":{"title":"Physiotherapie - Hotel Terme Bologna","description":"Die Thermalb\u00e4der von Abano sind der ideale Ort, um wieder in Form und voller Energie zu kommen. K\u00fcmmern Sie sich um sich selbst und Ihr Wohlbefinden im Hotel Terme Bologna!","robots":{"index":"index","follow":"follow","max-snippet":"max-snippet:-1","max-image-preview":"max-image-preview:large","max-video-preview":"max-video-preview:-1"},"canonical":"https:\/\/www.hoteltermebologna.com\/de\/physiotherapie\/","og_locale":"de_DE","og_type":"article","og_title":"Physiotherapie - Hotel Terme Bologna","og_description":"Die Thermalb\u00e4der von Abano sind der ideale Ort, um wieder in Form und voller Energie zu kommen. K\u00fcmmern Sie sich um sich selbst und Ihr Wohlbefinden im Hotel Terme Bologna!","og_url":"https:\/\/www.hoteltermebologna.com\/de\/physiotherapie\/","og_site_name":"Hotel Terme Bologna","article_modified_time":"2022-02-28T11:45:00+00:00","og_image":[{"width":1200,"height":800,"url":"https:\/\/www.hoteltermebologna.com\/wp-content\/uploads\/2021\/12\/hotel-terme-bologna-piscina3.jpg","type":"image\/jpeg"}],"twitter_card":"summary_large_image","twitter_misc":{"Gesch\u00e4tzte Lesezeit":"3\u00a0Minuten"},"schema":{"@context":"https:\/\/schema.org","@graph":[{"@type":"WebPage","@id":"https:\/\/www.hoteltermebologna.com\/de\/physiotherapie\/","url":"https:\/\/www.hoteltermebologna.com\/de\/physiotherapie\/","name":"Physiotherapie - Hotel Terme Bologna","isPartOf":{"@id":"https:\/\/www.hoteltermebologna.com\/de\/#website"},"primaryImageOfPage":{"@id":"https:\/\/www.hoteltermebologna.com\/de\/physiotherapie\/#primaryimage"},"image":{"@id":"https:\/\/www.hoteltermebologna.com\/de\/physiotherapie\/#primaryimage"},"thumbnailUrl":"https:\/\/www.hoteltermebologna.com\/wp-content\/uploads\/2021\/12\/hotel-terme-bologna-piscina3.jpg","datePublished":"2021-12-09T14:25:14+00:00","dateModified":"2022-02-28T11:45:00+00:00","description":"Die Thermalb\u00e4der von Abano sind der ideale Ort, um wieder in Form und voller Energie zu kommen. K\u00fcmmern Sie sich um sich selbst und Ihr Wohlbefinden im Hotel Terme Bologna!","breadcrumb":{"@id":"https:\/\/www.hoteltermebologna.com\/de\/physiotherapie\/#breadcrumb"},"inLanguage":"de","potentialAction":[{"@type":"ReadAction","target":["https:\/\/www.hoteltermebologna.com\/de\/physiotherapie\/"]}]},{"@type":"ImageObject","inLanguage":"de","@id":"https:\/\/www.hoteltermebologna.com\/de\/physiotherapie\/#primaryimage","url":"https:\/\/www.hoteltermebologna.com\/wp-content\/uploads\/2021\/12\/hotel-terme-bologna-piscina3.jpg","contentUrl":"https:\/\/www.hoteltermebologna.com\/wp-content\/uploads\/2021\/12\/hotel-terme-bologna-piscina3.jpg","width":1200,"height":800},{"@type":"BreadcrumbList","@id":"https:\/\/www.hoteltermebologna.com\/de\/physiotherapie\/#breadcrumb","itemListElement":[{"@type":"ListItem","position":1,"name":"Home","item":"https:\/\/www.hoteltermebologna.com\/de\/"},{"@type":"ListItem","position":2,"name":"Physiotherapie"}]},{"@type":"WebSite","@id":"https:\/\/www.hoteltermebologna.com\/de\/#website","url":"https:\/\/www.hoteltermebologna.com\/de\/","name":"Hotel Terme Bologna","description":"Abano Terme","publisher":{"@id":"https:\/\/www.hoteltermebologna.com\/de\/#organization"},"potentialAction":[{"@type":"SearchAction","target":{"@type":"EntryPoint","urlTemplate":"https:\/\/www.hoteltermebologna.com\/de\/?s={search_term_string}"},"query-input":{"@type":"PropertyValueSpecification","valueRequired":true,"valueName":"search_term_string"}}],"inLanguage":"de"},{"@type":"Organization","@id":"https:\/\/www.hoteltermebologna.com\/de\/#organization","name":"Hotel Terme Bologna","url":"https:\/\/www.hoteltermebologna.com\/de\/","logo":{"@type":"ImageObject","inLanguage":"de","@id":"https:\/\/www.hoteltermebologna.com\/de\/#\/schema\/logo\/image\/","url":"https:\/\/www.hoteltermebologna.com\/wp-content\/uploads\/2021\/12\/logo-terme-bologna.png","contentUrl":"https:\/\/www.hoteltermebologna.com\/wp-content\/uploads\/2021\/12\/logo-terme-bologna.png","width":205,"height":147,"caption":"Hotel Terme Bologna"},"image":{"@id":"https:\/\/www.hoteltermebologna.com\/de\/#\/schema\/logo\/image\/"}}]}},"coauthors":[],"author_meta":{"author_link":"https:\/\/www.hoteltermebologna.com\/de\/author\/h0t3-m1l\/","display_name":"h0t3-m1l"},"relative_dates":{"created":"Posted 4\u00a0Jahren ago","modified":"Updated 4\u00a0Jahren ago"},"absolute_dates":{"created":"Posted on Dezember 9, 2021","modified":"Updated on Februar 28, 2022"},"absolute_dates_time":{"created":"Posted on Dezember 9, 2021 3:25 p.m.","modified":"Updated on Februar 28, 2022 12:45 p.m."},"featured_img_caption":"","featured_img":"https:\/\/www.hoteltermebologna.com\/wp-content\/uploads\/2021\/12\/hotel-terme-bologna-piscina3.jpg","series_order":"","_links":{"self":[{"href":"https:\/\/www.hoteltermebologna.com\/de\/wp-json\/wp\/v2\/pages\/5187","targetHints":{"allow":["GET"]}}],"collection":[{"href":"https:\/\/www.hoteltermebologna.com\/de\/wp-json\/wp\/v2\/pages"}],"about":[{"href":"https:\/\/www.hoteltermebologna.com\/de\/wp-json\/wp\/v2\/types\/page"}],"author":[{"embeddable":true,"href":"https:\/\/www.hoteltermebologna.com\/de\/wp-json\/wp\/v2\/users\/1"}],"replies":[{"embeddable":true,"href":"https:\/\/www.hoteltermebologna.com\/de\/wp-json\/wp\/v2\/comments?post=5187"}],"version-history":[{"count":2,"href":"https:\/\/www.hoteltermebologna.com\/de\/wp-json\/wp\/v2\/pages\/5187\/revisions"}],"predecessor-version":[{"id":5396,"href":"https:\/\/www.hoteltermebologna.com\/de\/wp-json\/wp\/v2\/pages\/5187\/revisions\/5396"}],"wp:featuredmedia":[{"embeddable":true,"href":"https:\/\/www.hoteltermebologna.com\/de\/wp-json\/wp\/v2\/media\/3589"}],"wp:attachment":[{"href":"https:\/\/www.hoteltermebologna.com\/de\/wp-json\/wp\/v2\/media?parent=5187"}],"curies":[{"name":"wp","href":"https:\/\/api.w.org\/{rel}","templated":true}]}}