{"id":5211,"date":"2021-12-09T16:35:54","date_gmt":"2021-12-09T15:35:54","guid":{"rendered":"https:\/\/www.hoteltermebologna.com\/hotel-abano-con-wi-fi\/"},"modified":"2022-02-28T12:58:18","modified_gmt":"2022-02-28T11:58:18","slug":"hotel-abano-mit-wi-fi","status":"publish","type":"page","link":"https:\/\/www.hoteltermebologna.com\/de\/hotel-abano-mit-wi-fi\/","title":{"rendered":"Hotel Abano mit Wi-Fi"},"content":{"rendered":"<div  class=\"grids-section grids-is-advanced alignfull\" style=\"--_gs-gap-desktop:0px 0px;--_gs-m-desktop:0 0 0 0;--_gs-p-desktop:0 0 0 0;--_gs-bg-desktop:transparent none;--_gs-bg-xp-desktop:0px;--_gs-zi-desktop:auto;--_gs-d-desktop:block;--_gs-mw-desktop:calc(100% - 0 - 0);--_gs-gap-tablet:0px 0px;--_gs-m-tablet:0 0 0 0;--_gs-p-tablet:0 0 0 0;--_gs-bg-tablet:transparent none;--_gs-bg-xp-tablet:0px;--_gs-zi-tablet:auto;--_gs-d-tablet:block;--_gs-mw-tablet:calc(100% - 0 - 0);--_gs-gap-mobile:0px 0px;--_gs-m-mobile:0 0 0 0;--_gs-p-mobile:0 0 0 0;--_gs-bg-mobile:transparent none;--_gs-bg-xp-mobile:0px;--_gs-zi-mobile:auto;--_gs-d-mobile:block;--_gs-mw-mobile:calc(100% - 0 - 0);--_gs-columns:12;--_gs-rows:6\"><div class=\"grids-s-w_i\">\n<div class=\"grids-area\" style=\"--_ga-column:2\/12;--_ga-row:1\/7;--_ga-m-desktop:0 0 0 0;--_ga-p-desktop:0 0 0 0;--_ga-bg-desktop:transparent none;--_ga-zi-desktop:auto;--_ga-d-desktop:flex;--_ga-mw-desktop:calc(100% - 0 - 0);--_ga-m-tablet:0 0 0 0;--_ga-p-tablet:0 0 0 0;--_ga-bg-tablet:transparent none;--_ga-zi-tablet:auto;--_ga-d-tablet:flex;--_ga-mw-tablet:calc(100% - 0 - 0);--_ga-m-mobile:0 0 0 0;--_ga-p-mobile:0 0 0 0;--_ga-bg-mobile:transparent none;--_ga-zi-mobile:auto;--_ga-d-mobile:flex;--_ga-mw-mobile:calc(100% - 0 - 0)\">\n\n<h3 class=\"wp-block-heading\">Abano Terme, zusammen mit Montegrotto, ist eine Stadt in der Provinz Padua, die auf der ganzen Welt bekannt ist, insbesondere f\u00fcr:<\/h3>\n\n\n\n<ul class=\"wp-block-list\"><li>die Qualit\u00e4t der Kurbehandlungen, die hier die au\u00dfergew\u00f6hnlichen Vorteile von Schlamm und Thermalwasser nutzen;<\/li><li>die Vielfalt der angebotenen Dienstleistungen;<\/li><li>die Sch\u00f6nheit des Territoriums;<\/li><li>und das hohe Niveau der Gastronomie und Weine.<\/li><\/ul>\n\n\n\n<p>Das immer <strong>milde Klima<\/strong>, die vielen Hotels (von denen einige das ganze Jahr \u00fcber ge\u00f6ffnet sind), das<strong> hohe Niveau<\/strong> der Spa-Behandlungen, die N\u00e4he zu wundersch\u00f6nen St\u00e4dten wie Venedig, die Herzlichkeit und Gastfreundschaft der Hoteliers und aller Betreiber von kommerziellen Aktivit\u00e4ten, machen Abano Terme zu einem Ziel f\u00fcr Ferien und Kuraufenthalte das ganze Jahr \u00fcber.<\/p>\n\n\n\n<p>F\u00fcr maximalen Komfort ist Terme Bologna ein Hotel in Abano Terme mit kostenlosem Wi-Fi; wir wissen, dass es nicht immer m\u00f6glich ist, sich v\u00f6llig von den eigenen Gewohnheiten und der Arbeit zu trennen, und deshalb haben wir uns mit einer<strong> Wi-Fi-Leitung i<\/strong>m ganzen Hotel ausgestattet.<\/p>\n\n\n\r\n    <div class=\"custom-gallery-wrapper custom-gallery-wrapper-column-1\">\r\n                <span class=\"enable-fullscreen\" onclick=\"showHideFotorama('custom-gallery_1', 0);\">\r\n            <i class=\"far fa-expand\"><\/i>\r\n        <\/span>\r\n                                        <figure class=\"full-width gallery-wrapper-image gallery-wrapper-image-0\" onclick=\"showHideFotorama('custom-gallery_1', 0);\">\r\n                <img decoding=\"async\" class=\"gallery-wrapper-image-small\" src=\"https:\/\/www.hoteltermebologna.com\/wp-content\/uploads\/2021\/12\/hotel-terme-bologna-giugno2019-44.jpg\">\r\n            <\/figure>\r\n                        <\/div>\r\n\r\n    <div style=\"width:1px;height:1px;position:absolute;\" name=\"fotorama\" id=\"custom-gallery_1\" class=\"fotorama\" data-width=\"100%\"  data-nav=\"thumbs\"  data-allowfullscreen=\"true\" >\r\n                    <img decoding=\"async\" src=\"https:\/\/www.hoteltermebologna.com\/wp-content\/uploads\/2021\/12\/hotel-terme-bologna-giugno2019-44.jpg\" class=\"attachment-full skip-lazy\" \/>\r\n            <\/div>\r\n\r\n\n\n<\/div>\n<\/div><\/div>\n\n<div  class=\"grids-section grids-is-advanced alignfull\" style=\"--_gs-gap-desktop:0px 0px;--_gs-m-desktop:0 0 0 0;--_gs-p-desktop:0 0 0 0;--_gs-bg-desktop:transparent none;--_gs-bg-xp-desktop:0px;--_gs-zi-desktop:auto;--_gs-d-desktop:block;--_gs-mw-desktop:calc(100% - 0 - 0);--_gs-gap-tablet:0px 0px;--_gs-m-tablet:0 0 0 0;--_gs-p-tablet:0 0 0 0;--_gs-bg-tablet:transparent none;--_gs-bg-xp-tablet:0px;--_gs-zi-tablet:auto;--_gs-d-tablet:block;--_gs-mw-tablet:calc(100% - 0 - 0);--_gs-gap-mobile:0px 0px;--_gs-m-mobile:0 0 0 0;--_gs-p-mobile:0 0 0 0;--_gs-bg-mobile:transparent none;--_gs-bg-xp-mobile:0px;--_gs-zi-mobile:auto;--_gs-d-mobile:block;--_gs-mw-mobile:calc(100% - 0 - 0);--_gs-columns:12;--_gs-rows:6\"><div class=\"grids-s-w_i\">\n<div class=\"grids-area\" style=\"--_ga-column:2\/12;--_ga-row:1\/7;--_ga-m-desktop:0 0 0 0;--_ga-p-desktop:0 0 0 0;--_ga-bg-desktop:transparent none;--_ga-zi-desktop:auto;--_ga-d-desktop:flex;--_ga-mw-desktop:calc(100% - 0 - 0);--_ga-m-tablet:0 0 0 0;--_ga-p-tablet:0 0 0 0;--_ga-bg-tablet:transparent none;--_ga-zi-tablet:auto;--_ga-d-tablet:flex;--_ga-mw-tablet:calc(100% - 0 - 0);--_ga-m-mobile:0 0 0 0;--_ga-p-mobile:0 0 0 0;--_ga-bg-mobile:transparent none;--_ga-zi-mobile:auto;--_ga-d-mobile:flex;--_ga-mw-mobile:calc(100% - 0 - 0)\">\n\n<p>Wir unsererseits werden daf\u00fcr sorgen, dass Sie so wenig wie m\u00f6glich auf die Verbindung angewiesen sind, indem wir Ihnen diese anbieten:<\/p>\n\n\n\n<ul class=\"wp-block-list\"><li>ein <strong><a href=\"\/de\/wohltun\/\">Wellnesscenter<\/a><\/strong>, in dem Sie sich mit Massagen, Gesichts- und K\u00f6rperbehandlungen verw\u00f6hnen lassen k\u00f6nnen;<\/li><li>ein <strong><a href=\"\/de\/thermalhallenbad\/\">innen<\/a> <\/strong>und ein <strong><a href=\"\/de\/thermalbecken-im-freien\/\">\u00a0<strong>Au\u00dfenpool<\/strong><\/a><\/strong>, verbunden und mit Thermalwasser;<\/li><li>ein <a href=\"\/de\/personalisierte-therapie-und-behandlungen\/\">Kurabteilung<\/a> zur Behandlung von Arthrose, Arthritis, Rheuma und Atemwegsentz\u00fcndungen;<\/li><li><strong>so viel Gr\u00fcn<\/strong>, um vor allem im Sommer zu genie\u00dfen;<\/li><li>und<strong> Fahrr\u00e4der<\/strong> f\u00fcr Ausfl\u00fcge und Spazierg\u00e4nge inmitten der H\u00fcgel und W\u00e4lder.<\/li><\/ul>\n\n\n\n<p>Die Gr\u00fcnde, in Abano Terme Urlaub zu machen, au\u00dfer den <strong>Kurbehandlunge<\/strong>, sind vielf\u00e4ltig.<\/p>\n\n\n\n<p>Wir nennen nur einige, weil wir Sie dazu anregen m\u00f6chten, uns zu besuchen:<\/p>\n\n\n\n<ul class=\"wp-block-list\"><li>Kunstst\u00e4dte, die schnell erreichbar sind, wie Venedig, <a href=\"\/de\/padua\/\">Padua<\/a> und Verona;<\/li><li>mittelalterliche D\u00f6rfer, ummauerte St\u00e4dte, Villen und Schl\u00f6sser zu besuchen;<\/li><li>ein g\u00fcnstiges Klima das ganze Jahr \u00fcber;<\/li><li>Speisen und Weinspezialit\u00e4ten, die je nach Jahreszeit und Territorialit\u00e4t genossen werden k\u00f6nnen;<\/li><li>Begr\u00fc\u00dfung f\u00fcr Menschen jeden Alters, Familien mit Kindern, Paare, Gruppen von Freunden und G\u00e4ste, die mit dem <a href=\"https:\/\/www.hoteltermebologna.com\/de\/hotel-mit-hund\/\">Hund<\/a> reisen.<\/li><\/ul>\n\n\n\n<p>Wir befinden uns am Fu\u00dfe der <a href=\"https:\/\/www.hoteltermebologna.com\/de\/euganeischen-huegel\/\">Euganeischen H\u00fcgel<\/a>, einem Gebiet, das wegen seiner Sch\u00f6nheit, wegen der Tier- und Pflanzenarten, die es charakterisieren, wegen des Reichtums an Sehensw\u00fcrdigkeiten (Arqu\u00e0 Petrarca, Villa Vescovi, CatajoCastle, Villa Barbarigo),wegen der Einzigartigkeit einiger Produkte, gesch\u00fctzt ist, wie die ersten Fr\u00fcchte im Fr\u00fchling (Feldkr\u00e4uter und Spargel), das Fleisch von Tieren, die am Hof aufgezogen werden, die Weine der Euganeischen H\u00fcgel und Spirituosen, wie der ber\u00fchmte Brodo di Giuggiole.<\/p>\n\n\n\n<p>Fangen Sie also an, ruhig \u00fcber einen Urlaub in einem <strong>Hotel mit kostenlosem Wi-Fi nachzudenken<\/strong>: Sie werden auf die gleiche Weise entdecken, wie viele andere Dinge es in Abano Terme zu tun gibt.<\/p>\n\n<\/div>\n<\/div><\/div>\n\n<div  class=\"grids-section logos-list-container grids-is-advanced alignfull\" style=\"--_gs-gap-desktop:0px 0px;--_gs-m-desktop:0 0 0 0;--_gs-p-desktop:0 0 0 0;--_gs-bg-desktop:transparent none;--_gs-bg-xp-desktop:0px;--_gs-zi-desktop:auto;--_gs-d-desktop:block;--_gs-mw-desktop:calc(100% - 0 - 0);--_gs-gap-tablet:0px 0px;--_gs-m-tablet:0 0 0 0;--_gs-p-tablet:0 0 0 0;--_gs-bg-tablet:transparent none;--_gs-bg-xp-tablet:0px;--_gs-zi-tablet:auto;--_gs-d-tablet:block;--_gs-mw-tablet:calc(100% - 0 - 0);--_gs-gap-mobile:0px 0px;--_gs-m-mobile:0 0 0 0;--_gs-p-mobile:0 0 0 0;--_gs-bg-mobile:transparent none;--_gs-bg-xp-mobile:0px;--_gs-zi-mobile:auto;--_gs-d-mobile:block;--_gs-mw-mobile:calc(100% - 0 - 0);--_gs-columns:12;--_gs-rows:6\"><div class=\"grids-s-w_i\">\n<div class=\"grids-area\" style=\"--_ga-column:2\/12;--_ga-row:1\/7;--_ga-m-desktop:0 0 0 0;--_ga-p-desktop:0 0 0 0;--_ga-bg-desktop:transparent none;--_ga-zi-desktop:auto;--_ga-d-desktop:flex;--_ga-mw-desktop:calc(100% - 0 - 0);--_ga-m-tablet:0 0 0 0;--_ga-p-tablet:0 0 0 0;--_ga-bg-tablet:transparent none;--_ga-zi-tablet:auto;--_ga-d-tablet:flex;--_ga-mw-tablet:calc(100% - 0 - 0);--_ga-m-mobile:0 0 0 0;--_ga-p-mobile:0 0 0 0;--_ga-bg-mobile:transparent none;--_ga-zi-mobile:auto;--_ga-d-mobile:flex;--_ga-mw-mobile:calc(100% - 0 - 0)\">\n\n<figure class=\"wp-block-image size-full\"><a href=\"https:\/\/www.hoteltermemilano.com\/\" target=\"_blank\" rel=\"noopener\"><img loading=\"lazy\" decoding=\"async\" width=\"85\" height=\"50\" src=\"https:\/\/www.hoteltermebologna.com\/wp-content\/uploads\/2021\/12\/logo-milano.png\" alt=\"\" class=\"wp-image-3190\"\/><\/a><\/figure>\n\n\n\n<figure class=\"wp-block-image size-full\"><a href=\"https:\/\/www.hotelveniceresort.com\/\" target=\"_blank\" rel=\"noopener\"><img loading=\"lazy\" decoding=\"async\" width=\"76\" height=\"49\" src=\"https:\/\/www.hoteltermebologna.com\/wp-content\/uploads\/2021\/10\/veniceresort.png\" alt=\"\" class=\"wp-image-795\"\/><\/a><\/figure>\n\n\n\n<figure class=\"wp-block-image size-full\"><img loading=\"lazy\" decoding=\"async\" width=\"70\" height=\"51\" src=\"https:\/\/www.hoteltermebologna.com\/wp-content\/uploads\/2021\/12\/ospitalita-lnk.jpg\" alt=\"\" class=\"wp-image-3193\"\/><\/figure>\n\n\n\n<figure class=\"wp-block-image size-full\"><img loading=\"lazy\" decoding=\"async\" width=\"73\" height=\"61\" src=\"https:\/\/www.hoteltermebologna.com\/wp-content\/uploads\/2021\/10\/teatro-lnk-1.jpg\" alt=\"\" class=\"wp-image-809\"\/><\/figure>\n\n\n\n<figure class=\"wp-block-image size-full\"><img loading=\"lazy\" decoding=\"async\" width=\"130\" height=\"60\" src=\"https:\/\/www.hoteltermebologna.com\/wp-content\/uploads\/2021\/10\/veneto-golf-hill-1.png\" alt=\"\" class=\"wp-image-808\"\/><\/figure>\n\n<\/div>\n<\/div><\/div>","protected":false},"excerpt":{"rendered":"","protected":false},"author":1,"featured_media":3658,"parent":0,"menu_order":0,"comment_status":"closed","ping_status":"closed","template":"","meta":{"_acf_changed":false,"advgb_blocks_editor_width":"","advgb_blocks_columns_visual_guide":"","footnotes":""},"class_list":["post-5211","page","type-page","status-publish","has-post-thumbnail","hentry","entry"],"acf":[],"yoast_head":"<!-- This site is optimized with the Yoast SEO plugin v25.7 - https:\/\/yoast.com\/wordpress\/plugins\/seo\/ -->\n<title>Hotel Abano mit Wi-Fi - Hotel Terme Bologna<\/title>\n<meta name=\"description\" content=\"Wenn Sie ein Hotel in Abano suchen, das \u00fcber kostenloses WLAN verf\u00fcgt, ist das Hotel Terme Bologna genau das Richtige f\u00fcr Ihre Bed\u00fcrfnisse. Entdecken Sie die Pools, den riesigen Garten und die SPA!\" \/>\n<meta name=\"robots\" content=\"index, follow, max-snippet:-1, max-image-preview:large, max-video-preview:-1\" \/>\n<link rel=\"canonical\" href=\"https:\/\/www.hoteltermebologna.com\/de\/hotel-abano-mit-wi-fi\/\" \/>\n<meta property=\"og:locale\" content=\"de_DE\" \/>\n<meta property=\"og:type\" content=\"article\" \/>\n<meta property=\"og:title\" content=\"Hotel Abano mit Wi-Fi - Hotel Terme Bologna\" \/>\n<meta property=\"og:description\" content=\"Wenn Sie ein Hotel in Abano suchen, das \u00fcber kostenloses WLAN verf\u00fcgt, ist das Hotel Terme Bologna genau das Richtige f\u00fcr Ihre Bed\u00fcrfnisse. Entdecken Sie die Pools, den riesigen Garten und die SPA!\" \/>\n<meta property=\"og:url\" content=\"https:\/\/www.hoteltermebologna.com\/de\/hotel-abano-mit-wi-fi\/\" \/>\n<meta property=\"og:site_name\" content=\"Hotel Terme Bologna\" \/>\n<meta property=\"article:modified_time\" content=\"2022-02-28T11:58:18+00:00\" \/>\n<meta property=\"og:image\" content=\"https:\/\/www.hoteltermebologna.com\/wp-content\/uploads\/2021\/12\/hotel-terme-bologna-giugno2019-47.jpg\" \/>\n\t<meta property=\"og:image:width\" content=\"1200\" \/>\n\t<meta property=\"og:image:height\" content=\"800\" \/>\n\t<meta property=\"og:image:type\" content=\"image\/jpeg\" \/>\n<meta name=\"twitter:card\" content=\"summary_large_image\" \/>\n<meta name=\"twitter:label1\" content=\"Gesch\u00e4tzte Lesezeit\" \/>\n\t<meta name=\"twitter:data1\" content=\"4\u00a0Minuten\" \/>\n<script type=\"application\/ld+json\" class=\"yoast-schema-graph\">{\"@context\":\"https:\/\/schema.org\",\"@graph\":[{\"@type\":\"WebPage\",\"@id\":\"https:\/\/www.hoteltermebologna.com\/de\/hotel-abano-mit-wi-fi\/\",\"url\":\"https:\/\/www.hoteltermebologna.com\/de\/hotel-abano-mit-wi-fi\/\",\"name\":\"Hotel Abano mit Wi-Fi - Hotel Terme Bologna\",\"isPartOf\":{\"@id\":\"https:\/\/www.hoteltermebologna.com\/de\/#website\"},\"primaryImageOfPage\":{\"@id\":\"https:\/\/www.hoteltermebologna.com\/de\/hotel-abano-mit-wi-fi\/#primaryimage\"},\"image\":{\"@id\":\"https:\/\/www.hoteltermebologna.com\/de\/hotel-abano-mit-wi-fi\/#primaryimage\"},\"thumbnailUrl\":\"https:\/\/www.hoteltermebologna.com\/wp-content\/uploads\/2021\/12\/hotel-terme-bologna-giugno2019-47.jpg\",\"datePublished\":\"2021-12-09T15:35:54+00:00\",\"dateModified\":\"2022-02-28T11:58:18+00:00\",\"description\":\"Wenn Sie ein Hotel in Abano suchen, das \u00fcber kostenloses WLAN verf\u00fcgt, ist das Hotel Terme Bologna genau das Richtige f\u00fcr Ihre Bed\u00fcrfnisse. Entdecken Sie die Pools, den riesigen Garten und die SPA!\",\"breadcrumb\":{\"@id\":\"https:\/\/www.hoteltermebologna.com\/de\/hotel-abano-mit-wi-fi\/#breadcrumb\"},\"inLanguage\":\"de\",\"potentialAction\":[{\"@type\":\"ReadAction\",\"target\":[\"https:\/\/www.hoteltermebologna.com\/de\/hotel-abano-mit-wi-fi\/\"]}]},{\"@type\":\"ImageObject\",\"inLanguage\":\"de\",\"@id\":\"https:\/\/www.hoteltermebologna.com\/de\/hotel-abano-mit-wi-fi\/#primaryimage\",\"url\":\"https:\/\/www.hoteltermebologna.com\/wp-content\/uploads\/2021\/12\/hotel-terme-bologna-giugno2019-47.jpg\",\"contentUrl\":\"https:\/\/www.hoteltermebologna.com\/wp-content\/uploads\/2021\/12\/hotel-terme-bologna-giugno2019-47.jpg\",\"width\":1200,\"height\":800},{\"@type\":\"BreadcrumbList\",\"@id\":\"https:\/\/www.hoteltermebologna.com\/de\/hotel-abano-mit-wi-fi\/#breadcrumb\",\"itemListElement\":[{\"@type\":\"ListItem\",\"position\":1,\"name\":\"Home\",\"item\":\"https:\/\/www.hoteltermebologna.com\/de\/\"},{\"@type\":\"ListItem\",\"position\":2,\"name\":\"Hotel Abano mit Wi-Fi\"}]},{\"@type\":\"WebSite\",\"@id\":\"https:\/\/www.hoteltermebologna.com\/de\/#website\",\"url\":\"https:\/\/www.hoteltermebologna.com\/de\/\",\"name\":\"Hotel Terme Bologna\",\"description\":\"Abano Terme\",\"publisher\":{\"@id\":\"https:\/\/www.hoteltermebologna.com\/de\/#organization\"},\"potentialAction\":[{\"@type\":\"SearchAction\",\"target\":{\"@type\":\"EntryPoint\",\"urlTemplate\":\"https:\/\/www.hoteltermebologna.com\/de\/?s={search_term_string}\"},\"query-input\":{\"@type\":\"PropertyValueSpecification\",\"valueRequired\":true,\"valueName\":\"search_term_string\"}}],\"inLanguage\":\"de\"},{\"@type\":\"Organization\",\"@id\":\"https:\/\/www.hoteltermebologna.com\/de\/#organization\",\"name\":\"Hotel Terme Bologna\",\"url\":\"https:\/\/www.hoteltermebologna.com\/de\/\",\"logo\":{\"@type\":\"ImageObject\",\"inLanguage\":\"de\",\"@id\":\"https:\/\/www.hoteltermebologna.com\/de\/#\/schema\/logo\/image\/\",\"url\":\"https:\/\/www.hoteltermebologna.com\/wp-content\/uploads\/2021\/12\/logo-terme-bologna.png\",\"contentUrl\":\"https:\/\/www.hoteltermebologna.com\/wp-content\/uploads\/2021\/12\/logo-terme-bologna.png\",\"width\":205,\"height\":147,\"caption\":\"Hotel Terme Bologna\"},\"image\":{\"@id\":\"https:\/\/www.hoteltermebologna.com\/de\/#\/schema\/logo\/image\/\"}}]}<\/script>\n<!-- \/ Yoast SEO plugin. -->","yoast_head_json":{"title":"Hotel Abano mit Wi-Fi - Hotel Terme Bologna","description":"Wenn Sie ein Hotel in Abano suchen, das \u00fcber kostenloses WLAN verf\u00fcgt, ist das Hotel Terme Bologna genau das Richtige f\u00fcr Ihre Bed\u00fcrfnisse. Entdecken Sie die Pools, den riesigen Garten und die SPA!","robots":{"index":"index","follow":"follow","max-snippet":"max-snippet:-1","max-image-preview":"max-image-preview:large","max-video-preview":"max-video-preview:-1"},"canonical":"https:\/\/www.hoteltermebologna.com\/de\/hotel-abano-mit-wi-fi\/","og_locale":"de_DE","og_type":"article","og_title":"Hotel Abano mit Wi-Fi - Hotel Terme Bologna","og_description":"Wenn Sie ein Hotel in Abano suchen, das \u00fcber kostenloses WLAN verf\u00fcgt, ist das Hotel Terme Bologna genau das Richtige f\u00fcr Ihre Bed\u00fcrfnisse. Entdecken Sie die Pools, den riesigen Garten und die SPA!","og_url":"https:\/\/www.hoteltermebologna.com\/de\/hotel-abano-mit-wi-fi\/","og_site_name":"Hotel Terme Bologna","article_modified_time":"2022-02-28T11:58:18+00:00","og_image":[{"width":1200,"height":800,"url":"https:\/\/www.hoteltermebologna.com\/wp-content\/uploads\/2021\/12\/hotel-terme-bologna-giugno2019-47.jpg","type":"image\/jpeg"}],"twitter_card":"summary_large_image","twitter_misc":{"Gesch\u00e4tzte Lesezeit":"4\u00a0Minuten"},"schema":{"@context":"https:\/\/schema.org","@graph":[{"@type":"WebPage","@id":"https:\/\/www.hoteltermebologna.com\/de\/hotel-abano-mit-wi-fi\/","url":"https:\/\/www.hoteltermebologna.com\/de\/hotel-abano-mit-wi-fi\/","name":"Hotel Abano mit Wi-Fi - Hotel Terme Bologna","isPartOf":{"@id":"https:\/\/www.hoteltermebologna.com\/de\/#website"},"primaryImageOfPage":{"@id":"https:\/\/www.hoteltermebologna.com\/de\/hotel-abano-mit-wi-fi\/#primaryimage"},"image":{"@id":"https:\/\/www.hoteltermebologna.com\/de\/hotel-abano-mit-wi-fi\/#primaryimage"},"thumbnailUrl":"https:\/\/www.hoteltermebologna.com\/wp-content\/uploads\/2021\/12\/hotel-terme-bologna-giugno2019-47.jpg","datePublished":"2021-12-09T15:35:54+00:00","dateModified":"2022-02-28T11:58:18+00:00","description":"Wenn Sie ein Hotel in Abano suchen, das \u00fcber kostenloses WLAN verf\u00fcgt, ist das Hotel Terme Bologna genau das Richtige f\u00fcr Ihre Bed\u00fcrfnisse. Entdecken Sie die Pools, den riesigen Garten und die SPA!","breadcrumb":{"@id":"https:\/\/www.hoteltermebologna.com\/de\/hotel-abano-mit-wi-fi\/#breadcrumb"},"inLanguage":"de","potentialAction":[{"@type":"ReadAction","target":["https:\/\/www.hoteltermebologna.com\/de\/hotel-abano-mit-wi-fi\/"]}]},{"@type":"ImageObject","inLanguage":"de","@id":"https:\/\/www.hoteltermebologna.com\/de\/hotel-abano-mit-wi-fi\/#primaryimage","url":"https:\/\/www.hoteltermebologna.com\/wp-content\/uploads\/2021\/12\/hotel-terme-bologna-giugno2019-47.jpg","contentUrl":"https:\/\/www.hoteltermebologna.com\/wp-content\/uploads\/2021\/12\/hotel-terme-bologna-giugno2019-47.jpg","width":1200,"height":800},{"@type":"BreadcrumbList","@id":"https:\/\/www.hoteltermebologna.com\/de\/hotel-abano-mit-wi-fi\/#breadcrumb","itemListElement":[{"@type":"ListItem","position":1,"name":"Home","item":"https:\/\/www.hoteltermebologna.com\/de\/"},{"@type":"ListItem","position":2,"name":"Hotel Abano mit Wi-Fi"}]},{"@type":"WebSite","@id":"https:\/\/www.hoteltermebologna.com\/de\/#website","url":"https:\/\/www.hoteltermebologna.com\/de\/","name":"Hotel Terme Bologna","description":"Abano Terme","publisher":{"@id":"https:\/\/www.hoteltermebologna.com\/de\/#organization"},"potentialAction":[{"@type":"SearchAction","target":{"@type":"EntryPoint","urlTemplate":"https:\/\/www.hoteltermebologna.com\/de\/?s={search_term_string}"},"query-input":{"@type":"PropertyValueSpecification","valueRequired":true,"valueName":"search_term_string"}}],"inLanguage":"de"},{"@type":"Organization","@id":"https:\/\/www.hoteltermebologna.com\/de\/#organization","name":"Hotel Terme Bologna","url":"https:\/\/www.hoteltermebologna.com\/de\/","logo":{"@type":"ImageObject","inLanguage":"de","@id":"https:\/\/www.hoteltermebologna.com\/de\/#\/schema\/logo\/image\/","url":"https:\/\/www.hoteltermebologna.com\/wp-content\/uploads\/2021\/12\/logo-terme-bologna.png","contentUrl":"https:\/\/www.hoteltermebologna.com\/wp-content\/uploads\/2021\/12\/logo-terme-bologna.png","width":205,"height":147,"caption":"Hotel Terme Bologna"},"image":{"@id":"https:\/\/www.hoteltermebologna.com\/de\/#\/schema\/logo\/image\/"}}]}},"coauthors":[],"author_meta":{"author_link":"https:\/\/www.hoteltermebologna.com\/de\/author\/h0t3-m1l\/","display_name":"h0t3-m1l"},"relative_dates":{"created":"Posted 4\u00a0Jahren ago","modified":"Updated 4\u00a0Jahren ago"},"absolute_dates":{"created":"Posted on Dezember 9, 2021","modified":"Updated on Februar 28, 2022"},"absolute_dates_time":{"created":"Posted on Dezember 9, 2021 4:35 p.m.","modified":"Updated on Februar 28, 2022 12:58 p.m."},"featured_img_caption":"","featured_img":"https:\/\/www.hoteltermebologna.com\/wp-content\/uploads\/2021\/12\/hotel-terme-bologna-giugno2019-47.jpg","series_order":"","_links":{"self":[{"href":"https:\/\/www.hoteltermebologna.com\/de\/wp-json\/wp\/v2\/pages\/5211","targetHints":{"allow":["GET"]}}],"collection":[{"href":"https:\/\/www.hoteltermebologna.com\/de\/wp-json\/wp\/v2\/pages"}],"about":[{"href":"https:\/\/www.hoteltermebologna.com\/de\/wp-json\/wp\/v2\/types\/page"}],"author":[{"embeddable":true,"href":"https:\/\/www.hoteltermebologna.com\/de\/wp-json\/wp\/v2\/users\/1"}],"replies":[{"embeddable":true,"href":"https:\/\/www.hoteltermebologna.com\/de\/wp-json\/wp\/v2\/comments?post=5211"}],"version-history":[{"count":2,"href":"https:\/\/www.hoteltermebologna.com\/de\/wp-json\/wp\/v2\/pages\/5211\/revisions"}],"predecessor-version":[{"id":5406,"href":"https:\/\/www.hoteltermebologna.com\/de\/wp-json\/wp\/v2\/pages\/5211\/revisions\/5406"}],"wp:featuredmedia":[{"embeddable":true,"href":"https:\/\/www.hoteltermebologna.com\/de\/wp-json\/wp\/v2\/media\/3658"}],"wp:attachment":[{"href":"https:\/\/www.hoteltermebologna.com\/de\/wp-json\/wp\/v2\/media?parent=5211"}],"curies":[{"name":"wp","href":"https:\/\/api.w.org\/{rel}","templated":true}]}}