{"id":5313,"date":"2021-12-09T15:01:35","date_gmt":"2021-12-09T14:01:35","guid":{"rendered":"https:\/\/www.hoteltermebologna.com\/trattamenti-bellezza\/"},"modified":"2023-02-06T12:41:10","modified_gmt":"2023-02-06T11:41:10","slug":"beauty-behandlungen","status":"publish","type":"page","link":"https:\/\/www.hoteltermebologna.com\/de\/beauty-behandlungen\/","title":{"rendered":"Beauty-Behandlungen"},"content":{"rendered":"<div  class=\"grids-section grids-is-advanced alignfull\" style=\"--_gs-gap-desktop:0px 0px;--_gs-m-desktop:0 0 0 0;--_gs-p-desktop:0 0 0 0;--_gs-bg-desktop:transparent none;--_gs-bg-xp-desktop:0px;--_gs-zi-desktop:auto;--_gs-d-desktop:block;--_gs-mw-desktop:calc(100% - 0 - 0);--_gs-gap-tablet:0px 0px;--_gs-m-tablet:0 0 0 0;--_gs-p-tablet:0 0 0 0;--_gs-bg-tablet:transparent none;--_gs-bg-xp-tablet:0px;--_gs-zi-tablet:auto;--_gs-d-tablet:block;--_gs-mw-tablet:calc(100% - 0 - 0);--_gs-gap-mobile:0px 0px;--_gs-m-mobile:0 0 0 0;--_gs-p-mobile:0 0 0 0;--_gs-bg-mobile:transparent none;--_gs-bg-xp-mobile:0px;--_gs-zi-mobile:auto;--_gs-d-mobile:block;--_gs-mw-mobile:calc(100% - 0 - 0);--_gs-columns:12;--_gs-rows:6\"><div class=\"grids-s-w_i\">\n<div class=\"grids-area\" style=\"--_ga-column:2\/12;--_ga-row:1\/7;--_ga-m-desktop:0 0 0 0;--_ga-p-desktop:0 0 0 0;--_ga-bg-desktop:transparent none;--_ga-zi-desktop:auto;--_ga-d-desktop:flex;--_ga-mw-desktop:calc(100% - 0 - 0);--_ga-m-tablet:0 0 0 0;--_ga-p-tablet:0 0 0 0;--_ga-bg-tablet:transparent none;--_ga-zi-tablet:auto;--_ga-d-tablet:flex;--_ga-mw-tablet:calc(100% - 0 - 0);--_ga-m-mobile:0 0 0 0;--_ga-p-mobile:0 0 0 0;--_ga-bg-mobile:transparent none;--_ga-zi-mobile:auto;--_ga-d-mobile:flex;--_ga-mw-mobile:calc(100% - 0 - 0)\">\n\n<h3 class=\"wp-block-heading\">Gesichts- und K\u00f6rperbehandlungen<\/h3>\n\n\n\n<p>K\u00f6nnen Sie ein bisschen Gelassenheit, Harmonie und Gesundheit mit den Wellness-Behandlungen unseres Hotels Abano mit internen Spas finden? In der Terme Bologna haben wir ein Wellness-Center, in dem Sie sich entspannen und auf Ihre k\u00f6rperliche Erscheinung achten k\u00f6nnen, mit:<\/p>\n\n\n\n<ul class=\"wp-block-list\">\n<li><strong>Lymphdrainage<\/strong> und <strong>Pressotherapie<\/strong>;<\/li>\n\n\n\n<li><strong>Entspannungsmassagen, hei\u00dfer Balsam, Ayurveda, Shiatsu, Bambus;<\/strong><\/li>\n\n\n\n<li><strong>Reflexzonen Massage<\/strong>;<\/li>\n\n\n\n<li><strong>Gesichts<\/strong> &#8211; und<strong> K\u00f6rperpeeling<\/strong>;<\/li>\n\n\n\n<li><strong>Epilation<\/strong>;<\/li>\n\n\n\n<li><strong>Gesichts<\/strong> &#8211; und <strong>K\u00f6rpermasken<\/strong>;<\/li>\n\n\n\n<li><strong>Manik\u00fcre<\/strong> und <strong>Pedik\u00fcre<\/strong>.<\/li>\n<\/ul>\n\n\n\n<p>Mit unseren <strong>Sch\u00f6nheitsbehandlungen <\/strong>k\u00f6nnen Sie Elastizit\u00e4t und Helligkeit in der Haut von Gesicht und K\u00f6rper wiedererlangen, \u00fcbersch\u00fcssige Giftstoffe beseitigen, die Durchblutung reaktivieren; all dies in einem der komfortabelsten 3-Sterne-Hotels in Abano Terme, gleich gegen\u03cbber der Fu\u00dfg\u00e4ngerzone und allen Gesch\u00e4ften.<\/p>\n\n\n\n<p>In einer gem\u00fctlichen und warmen, sauberen und sehr famili\u00e4ren Umgebung k\u00f6nnen Sie auch 4-Hand-Massagen und <strong>Hot Stone Therapy<\/strong> durchf\u00fchren. Viele der vorgeschlagenen Massagen k\u00f6nnen 27 oder 55 Minuten dauern.<\/p>\n\n\n\r\n    <div class=\"custom-gallery-wrapper custom-gallery-wrapper-column-1\">\r\n                <span class=\"enable-fullscreen\" onclick=\"showHideFotorama('custom-gallery_1', 0);\">\r\n            <i class=\"far fa-expand\"><\/i>\r\n        <\/span>\r\n                                        <figure class=\"full-width gallery-wrapper-image gallery-wrapper-image-0\" onclick=\"showHideFotorama('custom-gallery_1', 0);\">\r\n                <img decoding=\"async\" class=\"gallery-wrapper-image-small\" src=\"https:\/\/www.hoteltermebologna.com\/wp-content\/uploads\/2021\/12\/hotel-terme-bologna-giugno2019-9.jpg\">\r\n            <\/figure>\r\n                        <\/div>\r\n\r\n    <div style=\"width:1px;height:1px;position:absolute;\" name=\"fotorama\" id=\"custom-gallery_1\" class=\"fotorama\" data-width=\"100%\"  data-nav=\"thumbs\"  data-allowfullscreen=\"true\" >\r\n                    <img decoding=\"async\" src=\"https:\/\/www.hoteltermebologna.com\/wp-content\/uploads\/2021\/12\/hotel-terme-bologna-giugno2019-9.jpg\" class=\"attachment-full skip-lazy\" \/>\r\n            <\/div>\r\n\r\n\n\n<\/div>\n<\/div><\/div>\n\n<div  class=\"grids-section grids-is-advanced alignfull\" style=\"--_gs-gap-desktop:0px 0px;--_gs-m-desktop:0 0 0 0;--_gs-p-desktop:0 0 0 0;--_gs-bg-desktop:transparent none;--_gs-bg-xp-desktop:0px;--_gs-zi-desktop:auto;--_gs-d-desktop:block;--_gs-mw-desktop:calc(100% - 0 - 0);--_gs-gap-tablet:0px 0px;--_gs-m-tablet:0 0 0 0;--_gs-p-tablet:0 0 0 0;--_gs-bg-tablet:transparent none;--_gs-bg-xp-tablet:0px;--_gs-zi-tablet:auto;--_gs-d-tablet:block;--_gs-mw-tablet:calc(100% - 0 - 0);--_gs-gap-mobile:0px 0px;--_gs-m-mobile:0 0 0 0;--_gs-p-mobile:0 0 0 0;--_gs-bg-mobile:transparent none;--_gs-bg-xp-mobile:0px;--_gs-zi-mobile:auto;--_gs-d-mobile:block;--_gs-mw-mobile:calc(100% - 0 - 0);--_gs-columns:12;--_gs-rows:6\"><div class=\"grids-s-w_i\">\n<div class=\"grids-area\" style=\"--_ga-column:2\/12;--_ga-row:1\/7;--_ga-m-desktop:0 0 0 0;--_ga-p-desktop:0 0 0 0;--_ga-bg-desktop:transparent none;--_ga-zi-desktop:auto;--_ga-d-desktop:flex;--_ga-mw-desktop:calc(100% - 0 - 0);--_ga-m-tablet:0 0 0 0;--_ga-p-tablet:0 0 0 0;--_ga-bg-tablet:transparent none;--_ga-zi-tablet:auto;--_ga-d-tablet:flex;--_ga-mw-tablet:calc(100% - 0 - 0);--_ga-m-mobile:0 0 0 0;--_ga-p-mobile:0 0 0 0;--_ga-bg-mobile:transparent none;--_ga-zi-mobile:auto;--_ga-d-mobile:flex;--_ga-mw-mobile:calc(100% - 0 - 0)\">\n\n<p>F\u00fcr diejenigen, die auch im Urlaub nicht auf Sport und k\u00f6rperliche <strong>Aktivit\u00e4t<\/strong> verzichten m\u00f6chten, bieten wir einen kleinen <a href=\"https:\/\/www.hoteltermebologna.com\/de\/sport-und-fitness\/\">Fitnessraum<\/a> mit Blick auf den <a href=\"\/de\/thermalbecken-im-freien\/\">Au\u00dfenpool<\/a>, einen Tennisplatz, im nahe gelegenen Hotel Milano, bequeme Fahrr\u00e4der f\u00fcr Ausfl\u00fcge in der N\u00e4he an.<\/p>\n\n\n\n<p>Schauen Sie sich unsere Preisliste an und w\u00e4hlen Sie sofort die Behandlungen, die Sie durchf\u00fchren m\u00f6chten. Wenn Sie vor Ihrer Ankunft weitere Informationen ben\u00f6tigen, kontaktieren Sie uns und wir beraten Sie gerne!<\/p>\n\n<\/div>\n<\/div><\/div>\n\n<div  class=\"grids-section grids-is-advanced\" style=\"--_gs-gap-desktop:0px 0px;--_gs-m-desktop:0 0 0 0;--_gs-p-desktop:0 0 0 0;--_gs-bg-desktop:transparent none;--_gs-bg-xp-desktop:0px;--_gs-zi-desktop:auto;--_gs-d-desktop:block;--_gs-mw-desktop:calc(100% - 0 - 0);--_gs-gap-tablet:0px 0px;--_gs-m-tablet:0 0 0 0;--_gs-p-tablet:0 0 0 0;--_gs-bg-tablet:transparent none;--_gs-bg-xp-tablet:0px;--_gs-zi-tablet:auto;--_gs-d-tablet:block;--_gs-mw-tablet:calc(100% - 0 - 0);--_gs-gap-mobile:0px 0px;--_gs-m-mobile:0 0 0 0;--_gs-p-mobile:0 0 0 0;--_gs-bg-mobile:transparent none;--_gs-bg-xp-mobile:0px;--_gs-zi-mobile:auto;--_gs-d-mobile:block;--_gs-mw-mobile:calc(100% - 0 - 0);--_gs-columns:12;--_gs-rows:6\"><div class=\"grids-s-w_i\">\n<div class=\"grids-area\" style=\"--_ga-column:2\/12;--_ga-row:1\/7;--_ga-m-desktop:0 0 0 0;--_ga-p-desktop:0 0 0 0;--_ga-bg-desktop:transparent none;--_ga-zi-desktop:auto;--_ga-d-desktop:flex;--_ga-mw-desktop:calc(100% - 0 - 0);--_ga-m-tablet:0 0 0 0;--_ga-p-tablet:0 0 0 0;--_ga-bg-tablet:transparent none;--_ga-zi-tablet:auto;--_ga-d-tablet:flex;--_ga-mw-tablet:calc(100% - 0 - 0);--_ga-m-mobile:0 0 0 0;--_ga-p-mobile:0 0 0 0;--_ga-bg-mobile:transparent none;--_ga-zi-mobile:auto;--_ga-d-mobile:flex;--_ga-mw-mobile:calc(100% - 0 - 0)\">\n\n<h2 class=\"wp-block-heading\">Sie k\u00f6nnten auch interessiert sein an\u2026<\/h2>\n\n\n\r\n    <div class=\"related-pages-container\">\r\n                                 <div class=\"single-related-page-container\">\r\n                <a href=\"https:\/\/www.hoteltermebologna.com\/de\/wohltun\/\">\r\n                    <figure class=\"full-width\">\r\n                        <img decoding=\"async\" src=\"https:\/\/www.hoteltermebologna.com\/wp-content\/uploads\/2021\/12\/massaggio-a-due.jpg\" \/>\r\n                    <\/figure>\r\n                <\/a>\r\n                <a href=\"https:\/\/www.hoteltermebologna.com\/de\/wohltun\/\">\r\n                    <h3 class=\"related-page-title\">\r\n                        Wohltun                    <\/h3>\r\n                <\/a>\r\n                <a href=\"https:\/\/www.hoteltermebologna.com\/de\/wohltun\/\" class=\"btn btn-center\">\r\n                    Entdecke Sie mehr                <\/a>\r\n            <\/div>\r\n                                 <div class=\"single-related-page-container\">\r\n                <a href=\"https:\/\/www.hoteltermebologna.com\/de\/beauty-farm-abano-terme\/\">\r\n                    <figure class=\"full-width\">\r\n                        <img decoding=\"async\" src=\"https:\/\/www.hoteltermebologna.com\/wp-content\/uploads\/2021\/12\/hotel-terme-bologna-asciugamano.jpg\" \/>\r\n                    <\/figure>\r\n                <\/a>\r\n                <a href=\"https:\/\/www.hoteltermebologna.com\/de\/beauty-farm-abano-terme\/\">\r\n                    <h3 class=\"related-page-title\">\r\n                        Beauty Farm Abano Terme                    <\/h3>\r\n                <\/a>\r\n                <a href=\"https:\/\/www.hoteltermebologna.com\/de\/beauty-farm-abano-terme\/\" class=\"btn btn-center\">\r\n                    Entdecke Sie mehr                <\/a>\r\n            <\/div>\r\n                                 <div class=\"single-related-page-container\">\r\n                <a href=\"https:\/\/www.hoteltermebologna.com\/de\/hotel\/\">\r\n                    <figure class=\"full-width\">\r\n                        <img decoding=\"async\" src=\"https:\/\/www.hoteltermebologna.com\/wp-content\/uploads\/2021\/12\/hotel-terme-bologna-ristorante-facciata_e.jpg\" \/>\r\n                    <\/figure>\r\n                <\/a>\r\n                <a href=\"https:\/\/www.hoteltermebologna.com\/de\/hotel\/\">\r\n                    <h3 class=\"related-page-title\">\r\n                        Hotel                    <\/h3>\r\n                <\/a>\r\n                <a href=\"https:\/\/www.hoteltermebologna.com\/de\/hotel\/\" class=\"btn btn-center\">\r\n                    Entdecke Sie mehr                <\/a>\r\n            <\/div>\r\n            <\/div>\r\n\n\n<\/div>\n<\/div><\/div>\n\n<div  class=\"grids-section logos-list-container grids-is-advanced alignfull\" style=\"--_gs-gap-desktop:0px 0px;--_gs-m-desktop:0 0 0 0;--_gs-p-desktop:0 0 0 0;--_gs-bg-desktop:transparent none;--_gs-bg-xp-desktop:0px;--_gs-zi-desktop:auto;--_gs-d-desktop:block;--_gs-mw-desktop:calc(100% - 0 - 0);--_gs-gap-tablet:0px 0px;--_gs-m-tablet:0 0 0 0;--_gs-p-tablet:0 0 0 0;--_gs-bg-tablet:transparent none;--_gs-bg-xp-tablet:0px;--_gs-zi-tablet:auto;--_gs-d-tablet:block;--_gs-mw-tablet:calc(100% - 0 - 0);--_gs-gap-mobile:0px 0px;--_gs-m-mobile:0 0 0 0;--_gs-p-mobile:0 0 0 0;--_gs-bg-mobile:transparent none;--_gs-bg-xp-mobile:0px;--_gs-zi-mobile:auto;--_gs-d-mobile:block;--_gs-mw-mobile:calc(100% - 0 - 0);--_gs-columns:12;--_gs-rows:6\"><div class=\"grids-s-w_i\">\n<div class=\"grids-area\" style=\"--_ga-column:2\/12;--_ga-row:1\/7;--_ga-m-desktop:0 0 0 0;--_ga-p-desktop:0 0 0 0;--_ga-bg-desktop:transparent none;--_ga-zi-desktop:auto;--_ga-d-desktop:flex;--_ga-mw-desktop:calc(100% - 0 - 0);--_ga-m-tablet:0 0 0 0;--_ga-p-tablet:0 0 0 0;--_ga-bg-tablet:transparent none;--_ga-zi-tablet:auto;--_ga-d-tablet:flex;--_ga-mw-tablet:calc(100% - 0 - 0);--_ga-m-mobile:0 0 0 0;--_ga-p-mobile:0 0 0 0;--_ga-bg-mobile:transparent none;--_ga-zi-mobile:auto;--_ga-d-mobile:flex;--_ga-mw-mobile:calc(100% - 0 - 0)\">\n\n<figure class=\"wp-block-image size-full\"><a href=\"https:\/\/www.hoteltermemilano.com\/\" target=\"_blank\" rel=\"noopener\"><img loading=\"lazy\" decoding=\"async\" width=\"85\" height=\"50\" src=\"https:\/\/www.hoteltermebologna.com\/wp-content\/uploads\/2021\/12\/logo-milano.png\" alt=\"\" class=\"wp-image-3190\"\/><\/a><\/figure>\n\n\n\n<figure class=\"wp-block-image size-full\"><a href=\"https:\/\/www.hotelveniceresort.com\/\" target=\"_blank\" rel=\"noopener\"><img loading=\"lazy\" decoding=\"async\" width=\"76\" height=\"49\" src=\"https:\/\/www.hoteltermebologna.com\/wp-content\/uploads\/2021\/10\/veniceresort.png\" alt=\"\" class=\"wp-image-795\"\/><\/a><\/figure>\n\n\n\n<figure class=\"wp-block-image size-full\"><img loading=\"lazy\" decoding=\"async\" width=\"70\" height=\"51\" src=\"https:\/\/www.hoteltermebologna.com\/wp-content\/uploads\/2021\/12\/ospitalita-lnk.jpg\" alt=\"\" class=\"wp-image-3193\"\/><\/figure>\n\n\n\n<figure class=\"wp-block-image size-full\"><img loading=\"lazy\" decoding=\"async\" width=\"73\" height=\"61\" src=\"https:\/\/www.hoteltermebologna.com\/wp-content\/uploads\/2021\/10\/teatro-lnk-1.jpg\" alt=\"\" class=\"wp-image-809\"\/><\/figure>\n\n\n\n<figure class=\"wp-block-image size-full\"><img loading=\"lazy\" decoding=\"async\" width=\"130\" height=\"60\" src=\"https:\/\/www.hoteltermebologna.com\/wp-content\/uploads\/2021\/10\/veneto-golf-hill-1.png\" alt=\"\" class=\"wp-image-808\"\/><\/figure>\n\n<\/div>\n<\/div><\/div>","protected":false},"excerpt":{"rendered":"","protected":false},"author":1,"featured_media":3549,"parent":0,"menu_order":0,"comment_status":"closed","ping_status":"closed","template":"","meta":{"_acf_changed":false,"advgb_blocks_editor_width":"","advgb_blocks_columns_visual_guide":"","footnotes":""},"class_list":["post-5313","page","type-page","status-publish","has-post-thumbnail","hentry","entry"],"acf":[],"yoast_head":"<!-- This site is optimized with the Yoast SEO plugin v25.7 - https:\/\/yoast.com\/wordpress\/plugins\/seo\/ -->\n<title>Beauty-Behandlungen - Hotel Terme Bologna<\/title>\n<meta name=\"description\" content=\"Entdecken Sie die Behandlungen f\u00fcr Ihr Wohlbefinden: Im Hotel Terme Bologna k\u00f6nnen Sie entspannende, Anti-Stress- und Anti-Cellulite-Massagen, Ayurveda, Shiatsu und vieles mehr durchf\u00fchren!\" \/>\n<meta name=\"robots\" content=\"index, follow, max-snippet:-1, max-image-preview:large, max-video-preview:-1\" \/>\n<link rel=\"canonical\" href=\"https:\/\/www.hoteltermebologna.com\/de\/beauty-behandlungen\/\" \/>\n<meta property=\"og:locale\" content=\"de_DE\" \/>\n<meta property=\"og:type\" content=\"article\" \/>\n<meta property=\"og:title\" content=\"Beauty-Behandlungen - Hotel Terme Bologna\" \/>\n<meta property=\"og:description\" content=\"Entdecken Sie die Behandlungen f\u00fcr Ihr Wohlbefinden: Im Hotel Terme Bologna k\u00f6nnen Sie entspannende, Anti-Stress- und Anti-Cellulite-Massagen, Ayurveda, Shiatsu und vieles mehr durchf\u00fchren!\" \/>\n<meta property=\"og:url\" content=\"https:\/\/www.hoteltermebologna.com\/de\/beauty-behandlungen\/\" \/>\n<meta property=\"og:site_name\" content=\"Hotel Terme Bologna\" \/>\n<meta property=\"article:modified_time\" content=\"2023-02-06T11:41:10+00:00\" \/>\n<meta property=\"og:image\" content=\"https:\/\/www.hoteltermebologna.com\/wp-content\/uploads\/2021\/12\/massaggio-a-due.jpg\" \/>\n\t<meta property=\"og:image:width\" content=\"1200\" \/>\n\t<meta property=\"og:image:height\" content=\"746\" \/>\n\t<meta property=\"og:image:type\" content=\"image\/jpeg\" \/>\n<meta name=\"twitter:card\" content=\"summary_large_image\" \/>\n<meta name=\"twitter:label1\" content=\"Gesch\u00e4tzte Lesezeit\" \/>\n\t<meta name=\"twitter:data1\" content=\"3\u00a0Minuten\" \/>\n<script type=\"application\/ld+json\" class=\"yoast-schema-graph\">{\"@context\":\"https:\/\/schema.org\",\"@graph\":[{\"@type\":\"WebPage\",\"@id\":\"https:\/\/www.hoteltermebologna.com\/de\/beauty-behandlungen\/\",\"url\":\"https:\/\/www.hoteltermebologna.com\/de\/beauty-behandlungen\/\",\"name\":\"Beauty-Behandlungen - Hotel Terme Bologna\",\"isPartOf\":{\"@id\":\"https:\/\/www.hoteltermebologna.com\/de\/#website\"},\"primaryImageOfPage\":{\"@id\":\"https:\/\/www.hoteltermebologna.com\/de\/beauty-behandlungen\/#primaryimage\"},\"image\":{\"@id\":\"https:\/\/www.hoteltermebologna.com\/de\/beauty-behandlungen\/#primaryimage\"},\"thumbnailUrl\":\"https:\/\/www.hoteltermebologna.com\/wp-content\/uploads\/2021\/12\/massaggio-a-due.jpg\",\"datePublished\":\"2021-12-09T14:01:35+00:00\",\"dateModified\":\"2023-02-06T11:41:10+00:00\",\"description\":\"Entdecken Sie die Behandlungen f\u00fcr Ihr Wohlbefinden: Im Hotel Terme Bologna k\u00f6nnen Sie entspannende, Anti-Stress- und Anti-Cellulite-Massagen, Ayurveda, Shiatsu und vieles mehr durchf\u00fchren!\",\"breadcrumb\":{\"@id\":\"https:\/\/www.hoteltermebologna.com\/de\/beauty-behandlungen\/#breadcrumb\"},\"inLanguage\":\"de\",\"potentialAction\":[{\"@type\":\"ReadAction\",\"target\":[\"https:\/\/www.hoteltermebologna.com\/de\/beauty-behandlungen\/\"]}]},{\"@type\":\"ImageObject\",\"inLanguage\":\"de\",\"@id\":\"https:\/\/www.hoteltermebologna.com\/de\/beauty-behandlungen\/#primaryimage\",\"url\":\"https:\/\/www.hoteltermebologna.com\/wp-content\/uploads\/2021\/12\/massaggio-a-due.jpg\",\"contentUrl\":\"https:\/\/www.hoteltermebologna.com\/wp-content\/uploads\/2021\/12\/massaggio-a-due.jpg\",\"width\":1200,\"height\":746},{\"@type\":\"BreadcrumbList\",\"@id\":\"https:\/\/www.hoteltermebologna.com\/de\/beauty-behandlungen\/#breadcrumb\",\"itemListElement\":[{\"@type\":\"ListItem\",\"position\":1,\"name\":\"Home\",\"item\":\"https:\/\/www.hoteltermebologna.com\/de\/\"},{\"@type\":\"ListItem\",\"position\":2,\"name\":\"Beauty-Behandlungen\"}]},{\"@type\":\"WebSite\",\"@id\":\"https:\/\/www.hoteltermebologna.com\/de\/#website\",\"url\":\"https:\/\/www.hoteltermebologna.com\/de\/\",\"name\":\"Hotel Terme Bologna\",\"description\":\"Abano Terme\",\"publisher\":{\"@id\":\"https:\/\/www.hoteltermebologna.com\/de\/#organization\"},\"potentialAction\":[{\"@type\":\"SearchAction\",\"target\":{\"@type\":\"EntryPoint\",\"urlTemplate\":\"https:\/\/www.hoteltermebologna.com\/de\/?s={search_term_string}\"},\"query-input\":{\"@type\":\"PropertyValueSpecification\",\"valueRequired\":true,\"valueName\":\"search_term_string\"}}],\"inLanguage\":\"de\"},{\"@type\":\"Organization\",\"@id\":\"https:\/\/www.hoteltermebologna.com\/de\/#organization\",\"name\":\"Hotel Terme Bologna\",\"url\":\"https:\/\/www.hoteltermebologna.com\/de\/\",\"logo\":{\"@type\":\"ImageObject\",\"inLanguage\":\"de\",\"@id\":\"https:\/\/www.hoteltermebologna.com\/de\/#\/schema\/logo\/image\/\",\"url\":\"https:\/\/www.hoteltermebologna.com\/wp-content\/uploads\/2021\/12\/logo-terme-bologna.png\",\"contentUrl\":\"https:\/\/www.hoteltermebologna.com\/wp-content\/uploads\/2021\/12\/logo-terme-bologna.png\",\"width\":205,\"height\":147,\"caption\":\"Hotel Terme Bologna\"},\"image\":{\"@id\":\"https:\/\/www.hoteltermebologna.com\/de\/#\/schema\/logo\/image\/\"}}]}<\/script>\n<!-- \/ Yoast SEO plugin. -->","yoast_head_json":{"title":"Beauty-Behandlungen - Hotel Terme Bologna","description":"Entdecken Sie die Behandlungen f\u00fcr Ihr Wohlbefinden: Im Hotel Terme Bologna k\u00f6nnen Sie entspannende, Anti-Stress- und Anti-Cellulite-Massagen, Ayurveda, Shiatsu und vieles mehr durchf\u00fchren!","robots":{"index":"index","follow":"follow","max-snippet":"max-snippet:-1","max-image-preview":"max-image-preview:large","max-video-preview":"max-video-preview:-1"},"canonical":"https:\/\/www.hoteltermebologna.com\/de\/beauty-behandlungen\/","og_locale":"de_DE","og_type":"article","og_title":"Beauty-Behandlungen - Hotel Terme Bologna","og_description":"Entdecken Sie die Behandlungen f\u00fcr Ihr Wohlbefinden: Im Hotel Terme Bologna k\u00f6nnen Sie entspannende, Anti-Stress- und Anti-Cellulite-Massagen, Ayurveda, Shiatsu und vieles mehr durchf\u00fchren!","og_url":"https:\/\/www.hoteltermebologna.com\/de\/beauty-behandlungen\/","og_site_name":"Hotel Terme Bologna","article_modified_time":"2023-02-06T11:41:10+00:00","og_image":[{"width":1200,"height":746,"url":"https:\/\/www.hoteltermebologna.com\/wp-content\/uploads\/2021\/12\/massaggio-a-due.jpg","type":"image\/jpeg"}],"twitter_card":"summary_large_image","twitter_misc":{"Gesch\u00e4tzte Lesezeit":"3\u00a0Minuten"},"schema":{"@context":"https:\/\/schema.org","@graph":[{"@type":"WebPage","@id":"https:\/\/www.hoteltermebologna.com\/de\/beauty-behandlungen\/","url":"https:\/\/www.hoteltermebologna.com\/de\/beauty-behandlungen\/","name":"Beauty-Behandlungen - Hotel Terme Bologna","isPartOf":{"@id":"https:\/\/www.hoteltermebologna.com\/de\/#website"},"primaryImageOfPage":{"@id":"https:\/\/www.hoteltermebologna.com\/de\/beauty-behandlungen\/#primaryimage"},"image":{"@id":"https:\/\/www.hoteltermebologna.com\/de\/beauty-behandlungen\/#primaryimage"},"thumbnailUrl":"https:\/\/www.hoteltermebologna.com\/wp-content\/uploads\/2021\/12\/massaggio-a-due.jpg","datePublished":"2021-12-09T14:01:35+00:00","dateModified":"2023-02-06T11:41:10+00:00","description":"Entdecken Sie die Behandlungen f\u00fcr Ihr Wohlbefinden: Im Hotel Terme Bologna k\u00f6nnen Sie entspannende, Anti-Stress- und Anti-Cellulite-Massagen, Ayurveda, Shiatsu und vieles mehr durchf\u00fchren!","breadcrumb":{"@id":"https:\/\/www.hoteltermebologna.com\/de\/beauty-behandlungen\/#breadcrumb"},"inLanguage":"de","potentialAction":[{"@type":"ReadAction","target":["https:\/\/www.hoteltermebologna.com\/de\/beauty-behandlungen\/"]}]},{"@type":"ImageObject","inLanguage":"de","@id":"https:\/\/www.hoteltermebologna.com\/de\/beauty-behandlungen\/#primaryimage","url":"https:\/\/www.hoteltermebologna.com\/wp-content\/uploads\/2021\/12\/massaggio-a-due.jpg","contentUrl":"https:\/\/www.hoteltermebologna.com\/wp-content\/uploads\/2021\/12\/massaggio-a-due.jpg","width":1200,"height":746},{"@type":"BreadcrumbList","@id":"https:\/\/www.hoteltermebologna.com\/de\/beauty-behandlungen\/#breadcrumb","itemListElement":[{"@type":"ListItem","position":1,"name":"Home","item":"https:\/\/www.hoteltermebologna.com\/de\/"},{"@type":"ListItem","position":2,"name":"Beauty-Behandlungen"}]},{"@type":"WebSite","@id":"https:\/\/www.hoteltermebologna.com\/de\/#website","url":"https:\/\/www.hoteltermebologna.com\/de\/","name":"Hotel Terme Bologna","description":"Abano Terme","publisher":{"@id":"https:\/\/www.hoteltermebologna.com\/de\/#organization"},"potentialAction":[{"@type":"SearchAction","target":{"@type":"EntryPoint","urlTemplate":"https:\/\/www.hoteltermebologna.com\/de\/?s={search_term_string}"},"query-input":{"@type":"PropertyValueSpecification","valueRequired":true,"valueName":"search_term_string"}}],"inLanguage":"de"},{"@type":"Organization","@id":"https:\/\/www.hoteltermebologna.com\/de\/#organization","name":"Hotel Terme Bologna","url":"https:\/\/www.hoteltermebologna.com\/de\/","logo":{"@type":"ImageObject","inLanguage":"de","@id":"https:\/\/www.hoteltermebologna.com\/de\/#\/schema\/logo\/image\/","url":"https:\/\/www.hoteltermebologna.com\/wp-content\/uploads\/2021\/12\/logo-terme-bologna.png","contentUrl":"https:\/\/www.hoteltermebologna.com\/wp-content\/uploads\/2021\/12\/logo-terme-bologna.png","width":205,"height":147,"caption":"Hotel Terme Bologna"},"image":{"@id":"https:\/\/www.hoteltermebologna.com\/de\/#\/schema\/logo\/image\/"}}]}},"coauthors":[],"author_meta":{"author_link":"https:\/\/www.hoteltermebologna.com\/de\/author\/h0t3-m1l\/","display_name":"h0t3-m1l"},"relative_dates":{"created":"Posted 4\u00a0Jahren ago","modified":"Updated 3\u00a0Jahren ago"},"absolute_dates":{"created":"Posted on Dezember 9, 2021","modified":"Updated on Februar 6, 2023"},"absolute_dates_time":{"created":"Posted on Dezember 9, 2021 3:01 p.m.","modified":"Updated on Februar 6, 2023 12:41 p.m."},"featured_img_caption":"","featured_img":"https:\/\/www.hoteltermebologna.com\/wp-content\/uploads\/2021\/12\/massaggio-a-due.jpg","series_order":"","_links":{"self":[{"href":"https:\/\/www.hoteltermebologna.com\/de\/wp-json\/wp\/v2\/pages\/5313","targetHints":{"allow":["GET"]}}],"collection":[{"href":"https:\/\/www.hoteltermebologna.com\/de\/wp-json\/wp\/v2\/pages"}],"about":[{"href":"https:\/\/www.hoteltermebologna.com\/de\/wp-json\/wp\/v2\/types\/page"}],"author":[{"embeddable":true,"href":"https:\/\/www.hoteltermebologna.com\/de\/wp-json\/wp\/v2\/users\/1"}],"replies":[{"embeddable":true,"href":"https:\/\/www.hoteltermebologna.com\/de\/wp-json\/wp\/v2\/comments?post=5313"}],"version-history":[{"count":6,"href":"https:\/\/www.hoteltermebologna.com\/de\/wp-json\/wp\/v2\/pages\/5313\/revisions"}],"predecessor-version":[{"id":5881,"href":"https:\/\/www.hoteltermebologna.com\/de\/wp-json\/wp\/v2\/pages\/5313\/revisions\/5881"}],"wp:featuredmedia":[{"embeddable":true,"href":"https:\/\/www.hoteltermebologna.com\/de\/wp-json\/wp\/v2\/media\/3549"}],"wp:attachment":[{"href":"https:\/\/www.hoteltermebologna.com\/de\/wp-json\/wp\/v2\/media?parent=5313"}],"curies":[{"name":"wp","href":"https:\/\/api.w.org\/{rel}","templated":true}]}}