{"id":3466,"date":"2021-12-09T13:58:13","date_gmt":"2021-12-09T12:58:13","guid":{"rendered":"https:\/\/www.hoteltermebologna.com\/?page_id=3466"},"modified":"2021-12-20T17:27:39","modified_gmt":"2021-12-20T16:27:39","slug":"piscina-termale-interna","status":"publish","type":"page","link":"https:\/\/www.hoteltermebologna.com\/it\/piscina-termale-interna\/","title":{"rendered":"Piscina termale interna"},"content":{"rendered":"<div  class=\"grids-section grids-is-advanced alignfull\" style=\"--_gs-gap-desktop:0px 0px;--_gs-m-desktop:0 0 0 0;--_gs-p-desktop:0 0 0 0;--_gs-bg-desktop:transparent none;--_gs-bg-xp-desktop:0px;--_gs-zi-desktop:auto;--_gs-d-desktop:block;--_gs-mw-desktop:calc(100% - 0 - 0);--_gs-gap-tablet:0px 0px;--_gs-m-tablet:0 0 0 0;--_gs-p-tablet:0 0 0 0;--_gs-bg-tablet:transparent none;--_gs-bg-xp-tablet:0px;--_gs-zi-tablet:auto;--_gs-d-tablet:block;--_gs-mw-tablet:calc(100% - 0 - 0);--_gs-gap-mobile:0px 0px;--_gs-m-mobile:0 0 0 0;--_gs-p-mobile:0 0 0 0;--_gs-bg-mobile:transparent none;--_gs-bg-xp-mobile:0px;--_gs-zi-mobile:auto;--_gs-d-mobile:block;--_gs-mw-mobile:calc(100% - 0 - 0);--_gs-columns:12;--_gs-rows:6\"><div class=\"grids-s-w_i\">\n<div class=\"grids-area\" style=\"--_ga-column:2\/12;--_ga-row:1\/7;--_ga-m-desktop:0 0 0 0;--_ga-p-desktop:0 0 0 0;--_ga-bg-desktop:transparent none;--_ga-zi-desktop:auto;--_ga-d-desktop:flex;--_ga-mw-desktop:calc(100% - 0 - 0);--_ga-m-tablet:0 0 0 0;--_ga-p-tablet:0 0 0 0;--_ga-bg-tablet:transparent none;--_ga-zi-tablet:auto;--_ga-d-tablet:flex;--_ga-mw-tablet:calc(100% - 0 - 0);--_ga-m-mobile:0 0 0 0;--_ga-p-mobile:0 0 0 0;--_ga-bg-mobile:transparent none;--_ga-zi-mobile:auto;--_ga-d-mobile:flex;--_ga-mw-mobile:calc(100% - 0 - 0)\">\n\n<h3 class=\"wp-block-heading\">Il nostro hotel ad Abano Terme&nbsp;dispone di:&nbsp;<\/h3>\n\n\n\n<ul class=\"wp-block-list\"><li>una\u00a0<strong>piscina termale coperta<\/strong>\u00a0all\u2019interno, dove d\u2019inverno (e quando piove) facciamo acquagym, dal luned\u00ec al venerd\u00ec;<\/li><li>una\u00a0<a href=\"https:\/\/www.hoteltermebologna.com\/it\/piscina-termale-esterna\/\">piscina esterna<\/a>\u00a0immersa in un parco di 15.000 m\u00b2, con zone per l&#8217;idromassaggio, cascata cervicale, lettini ed ombrelloni per rilassarsi;<\/li><li>palestra e zona fitness;<\/li><li>biciclette.<\/li><\/ul>\n\n\n\n<p>Le due <strong>piscine sono comunicanti<\/strong>, l&#8217;acqua \u00e8 termale, pertanto la temperatura\u00a0invita ad immergersi anche nella stagione pi\u00f9 fredda: provate la sensazione di nuotare nell&#8217;<strong>acqua calda<\/strong>, con i <strong>vapori termali<\/strong> e le luci della sera che rendono tutto pi\u00f9 suggestivo. Ne uscirete rigenerati.<\/p>\n\n\n\n<p><em>Accappatoio, telo piscina e ciabattine, sono a pagamento (ad eccezione dei pacchetti dove sono compresi).<\/em><\/p>\n\n\n\r\n    <div class=\"custom-gallery-wrapper custom-gallery-wrapper-column-1\">\r\n                <span class=\"enable-fullscreen\" onclick=\"showHideFotorama('custom-gallery_1', 0);\">\r\n            <i class=\"far fa-expand\"><\/i>\r\n        <\/span>\r\n                                        <figure class=\"full-width gallery-wrapper-image gallery-wrapper-image-0\" onclick=\"showHideFotorama('custom-gallery_1', 0);\">\r\n                <img decoding=\"async\" class=\"gallery-wrapper-image-small\" src=\"https:\/\/www.hoteltermebologna.com\/wp-content\/uploads\/2021\/12\/piscina-interna-bologna_1539157398.jpg\">\r\n            <\/figure>\r\n                        <\/div>\r\n\r\n    <div style=\"width:1px;height:1px;position:absolute;\" name=\"fotorama\" id=\"custom-gallery_1\" class=\"fotorama\" data-width=\"100%\"  data-nav=\"thumbs\"  data-allowfullscreen=\"true\" >\r\n                    <img decoding=\"async\" src=\"https:\/\/www.hoteltermebologna.com\/wp-content\/uploads\/2021\/12\/piscina-interna-bologna_1539157398.jpg\" class=\"attachment-full skip-lazy\" \/>\r\n            <\/div>\r\n\r\n\n\n<\/div>\n<\/div><\/div>\n\n<div  class=\"grids-section grids-is-advanced alignfull\" style=\"--_gs-gap-desktop:0px 0px;--_gs-m-desktop:0 0 0 0;--_gs-p-desktop:0 0 0 0;--_gs-bg-desktop:transparent none;--_gs-bg-xp-desktop:0px;--_gs-zi-desktop:auto;--_gs-d-desktop:block;--_gs-mw-desktop:calc(100% - 0 - 0);--_gs-gap-tablet:0px 0px;--_gs-m-tablet:0 0 0 0;--_gs-p-tablet:0 0 0 0;--_gs-bg-tablet:transparent none;--_gs-bg-xp-tablet:0px;--_gs-zi-tablet:auto;--_gs-d-tablet:block;--_gs-mw-tablet:calc(100% - 0 - 0);--_gs-gap-mobile:0px 0px;--_gs-m-mobile:0 0 0 0;--_gs-p-mobile:0 0 0 0;--_gs-bg-mobile:transparent none;--_gs-bg-xp-mobile:0px;--_gs-zi-mobile:auto;--_gs-d-mobile:block;--_gs-mw-mobile:calc(100% - 0 - 0);--_gs-columns:12;--_gs-rows:6\"><div class=\"grids-s-w_i\">\n<div class=\"grids-area\" style=\"--_ga-column:2\/12;--_ga-row:1\/7;--_ga-m-desktop:0 0 0 0;--_ga-p-desktop:0 0 0 0;--_ga-bg-desktop:transparent none;--_ga-zi-desktop:auto;--_ga-d-desktop:flex;--_ga-mw-desktop:calc(100% - 0 - 0);--_ga-m-tablet:0 0 0 0;--_ga-p-tablet:0 0 0 0;--_ga-bg-tablet:transparent none;--_ga-zi-tablet:auto;--_ga-d-tablet:flex;--_ga-mw-tablet:calc(100% - 0 - 0);--_ga-m-mobile:0 0 0 0;--_ga-p-mobile:0 0 0 0;--_ga-bg-mobile:transparent none;--_ga-zi-mobile:auto;--_ga-d-mobile:flex;--_ga-mw-mobile:calc(100% - 0 - 0)\">\n\n<p>La&nbsp;<strong>piscina interna<\/strong>&nbsp;\u00e8 stata rinnovata di recente, un investimento importante che abbiamo sostenuto perch\u00e8 crediamo che il comfort di una piscina sia importante, sia per la clientela pi\u00f9 giovane, che per quelli &#8220;meno giovani&#8221;, che troveranno nelle&nbsp;<strong>acque tiepide delle nostre piscine<\/strong>, sollievo ai dolori ossei e articolari, e profondo benessere. Su richiesta, a pagamento, effettuiamo anche programmi di fisioterapia e&nbsp;riabilitazione in acqua termale.<br>Da noi troverete anche<\/p>\n\n\n\n<ul class=\"wp-block-list\"><li>un\u00a0<strong>centro termale interno<\/strong>\u00a0per le cure;<\/li><li><strong>centro benessere<\/strong>;<\/li><li><strong>palestra<\/strong>;<\/li><li>biciclette;<\/li><li>sauna;<\/li><li>grotta termale.<\/li><\/ul>\n\n\n\n<p>Nel rilassante contesto della nostra cittadina, situata ai piedi dei Colli Euganei, le nostre\u00a0<strong>piscine<\/strong>, il\u00a0<strong>centro benessere<\/strong>, le\u00a0<strong>camere confortevoli<\/strong>, la\u00a0<strong>palestra<\/strong>, l&#8217;<strong>ottima cucina\u00a0<\/strong>del nostro hotel ad Abano Terme, contribuiranno a farvi trascorrere delle vacanze benessere indimenticabili.<br>E per chi soffre di\u00a0<strong>artrosi<\/strong>,\u00a0<strong>artrite<\/strong>,\u00a0<strong>reumatismi<\/strong>,\u00a0<strong>dolori articolari<\/strong>, cos\u00ec come di\u00a0<strong>otiti<\/strong>,\u00a0<strong>bronchiti<\/strong>,\u00a0<strong>riniti<\/strong>,\u00a0<strong>sinusiti<\/strong>, potr\u00e0 trovare nel nostro Hotel un efficiente centro per\u00a0trattamenti termali ad Abano Terme.<\/p>\n\n\n\n<p>Alla nostra&nbsp;<a href=\"https:\/\/www.hoteltermebologna.com\/it\/offerte\/\">pagina dedicata alle offerte,<\/a> troverete il pacchetto che fa per voi, della durata di una, due o tre notti.<\/p>\n\n<\/div>\n<\/div><\/div>\n\n<div  class=\"grids-section grids-is-advanced\" style=\"--_gs-gap-desktop:0px 0px;--_gs-m-desktop:0 0 0 0;--_gs-p-desktop:0 0 0 0;--_gs-bg-desktop:transparent none;--_gs-bg-xp-desktop:0px;--_gs-zi-desktop:auto;--_gs-d-desktop:block;--_gs-mw-desktop:calc(100% - 0 - 0);--_gs-gap-tablet:0px 0px;--_gs-m-tablet:0 0 0 0;--_gs-p-tablet:0 0 0 0;--_gs-bg-tablet:transparent none;--_gs-bg-xp-tablet:0px;--_gs-zi-tablet:auto;--_gs-d-tablet:block;--_gs-mw-tablet:calc(100% - 0 - 0);--_gs-gap-mobile:0px 0px;--_gs-m-mobile:0 0 0 0;--_gs-p-mobile:0 0 0 0;--_gs-bg-mobile:transparent none;--_gs-bg-xp-mobile:0px;--_gs-zi-mobile:auto;--_gs-d-mobile:block;--_gs-mw-mobile:calc(100% - 0 - 0);--_gs-columns:12;--_gs-rows:6\"><div class=\"grids-s-w_i\">\n<div class=\"grids-area\" style=\"--_ga-column:2\/12;--_ga-row:1\/7;--_ga-m-desktop:0 0 0 0;--_ga-p-desktop:0 0 0 0;--_ga-bg-desktop:transparent none;--_ga-zi-desktop:auto;--_ga-d-desktop:flex;--_ga-mw-desktop:calc(100% - 0 - 0);--_ga-m-tablet:0 0 0 0;--_ga-p-tablet:0 0 0 0;--_ga-bg-tablet:transparent none;--_ga-zi-tablet:auto;--_ga-d-tablet:flex;--_ga-mw-tablet:calc(100% - 0 - 0);--_ga-m-mobile:0 0 0 0;--_ga-p-mobile:0 0 0 0;--_ga-bg-mobile:transparent none;--_ga-zi-mobile:auto;--_ga-d-mobile:flex;--_ga-mw-mobile:calc(100% - 0 - 0)\">\n\n<h2 class=\"wp-block-heading\">Ti potrebbe interessare anche&#8230;<\/h2>\n\n\n\r\n    <div class=\"related-pages-container\">\r\n                                 <div class=\"single-related-page-container\">\r\n                <a href=\"https:\/\/www.hoteltermebologna.com\/it\/piscina-termale-esterna\/\">\r\n                    <figure class=\"full-width\">\r\n                        <img decoding=\"async\" src=\"https:\/\/www.hoteltermebologna.com\/wp-content\/uploads\/2021\/11\/banner-homepage-slide-piscina.png\" \/>\r\n                    <\/figure>\r\n                <\/a>\r\n                <a href=\"https:\/\/www.hoteltermebologna.com\/it\/piscina-termale-esterna\/\">\r\n                    <h3 class=\"related-page-title\">\r\n                        Piscina termale esterna                    <\/h3>\r\n                <\/a>\r\n                <a href=\"https:\/\/www.hoteltermebologna.com\/it\/piscina-termale-esterna\/\" class=\"btn btn-center\">\r\n                    Scopri di pi\u00f9                <\/a>\r\n            <\/div>\r\n                                 <div class=\"single-related-page-container\">\r\n                <a href=\"https:\/\/www.hoteltermebologna.com\/it\/trattamenti-termali\/\">\r\n                    <figure class=\"full-width\">\r\n                        <img decoding=\"async\" src=\"https:\/\/www.hoteltermebologna.com\/wp-content\/uploads\/2021\/11\/homepage-gallery-servizi.png\" \/>\r\n                    <\/figure>\r\n                <\/a>\r\n                <a href=\"https:\/\/www.hoteltermebologna.com\/it\/trattamenti-termali\/\">\r\n                    <h3 class=\"related-page-title\">\r\n                        Trattamenti termali                    <\/h3>\r\n                <\/a>\r\n                <a href=\"https:\/\/www.hoteltermebologna.com\/it\/trattamenti-termali\/\" class=\"btn btn-center\">\r\n                    Scopri di pi\u00f9                <\/a>\r\n            <\/div>\r\n                                 <div class=\"single-related-page-container\">\r\n                <a href=\"https:\/\/www.hoteltermebologna.com\/it\/camere\/\">\r\n                    <figure class=\"full-width\">\r\n                        <img decoding=\"async\" src=\"https:\/\/www.hoteltermebologna.com\/wp-content\/uploads\/2021\/12\/hotel-terme-bologna-camera-doppia-K.jpg\" \/>\r\n                    <\/figure>\r\n                <\/a>\r\n                <a href=\"https:\/\/www.hoteltermebologna.com\/it\/camere\/\">\r\n                    <h3 class=\"related-page-title\">\r\n                        Camere                    <\/h3>\r\n                <\/a>\r\n                <a href=\"https:\/\/www.hoteltermebologna.com\/it\/camere\/\" class=\"btn btn-center\">\r\n                    Scopri di pi\u00f9                <\/a>\r\n            <\/div>\r\n            <\/div>\r\n\n\n<\/div>\n<\/div><\/div>\n\n<div  class=\"grids-section logos-list-container grids-is-advanced alignfull\" style=\"--_gs-gap-desktop:0px 0px;--_gs-m-desktop:0 0 0 0;--_gs-p-desktop:0 0 0 0;--_gs-bg-desktop:transparent none;--_gs-bg-xp-desktop:0px;--_gs-zi-desktop:auto;--_gs-d-desktop:block;--_gs-mw-desktop:calc(100% - 0 - 0);--_gs-gap-tablet:0px 0px;--_gs-m-tablet:0 0 0 0;--_gs-p-tablet:0 0 0 0;--_gs-bg-tablet:transparent none;--_gs-bg-xp-tablet:0px;--_gs-zi-tablet:auto;--_gs-d-tablet:block;--_gs-mw-tablet:calc(100% - 0 - 0);--_gs-gap-mobile:0px 0px;--_gs-m-mobile:0 0 0 0;--_gs-p-mobile:0 0 0 0;--_gs-bg-mobile:transparent none;--_gs-bg-xp-mobile:0px;--_gs-zi-mobile:auto;--_gs-d-mobile:block;--_gs-mw-mobile:calc(100% - 0 - 0);--_gs-columns:12;--_gs-rows:6\"><div class=\"grids-s-w_i\">\n<div class=\"grids-area\" style=\"--_ga-column:2\/12;--_ga-row:1\/7;--_ga-m-desktop:0 0 0 0;--_ga-p-desktop:0 0 0 0;--_ga-bg-desktop:transparent none;--_ga-zi-desktop:auto;--_ga-d-desktop:flex;--_ga-mw-desktop:calc(100% - 0 - 0);--_ga-m-tablet:0 0 0 0;--_ga-p-tablet:0 0 0 0;--_ga-bg-tablet:transparent none;--_ga-zi-tablet:auto;--_ga-d-tablet:flex;--_ga-mw-tablet:calc(100% - 0 - 0);--_ga-m-mobile:0 0 0 0;--_ga-p-mobile:0 0 0 0;--_ga-bg-mobile:transparent none;--_ga-zi-mobile:auto;--_ga-d-mobile:flex;--_ga-mw-mobile:calc(100% - 0 - 0)\">\n\n<figure class=\"wp-block-image size-full\"><a href=\"https:\/\/www.hoteltermemilano.com\/\" target=\"_blank\" rel=\"noopener\"><img loading=\"lazy\" decoding=\"async\" width=\"85\" height=\"50\" src=\"https:\/\/www.hoteltermebologna.com\/wp-content\/uploads\/2021\/12\/logo-milano.png\" alt=\"\" class=\"wp-image-3188\"\/><\/a><\/figure>\n\n\n\n<figure class=\"wp-block-image size-full\"><a href=\"https:\/\/www.hotelveniceresort.com\/\" target=\"_blank\" rel=\"noopener\"><img loading=\"lazy\" decoding=\"async\" width=\"76\" height=\"49\" src=\"https:\/\/www.hoteltermebologna.com\/wp-content\/uploads\/2021\/10\/veniceresort.png\" alt=\"\" class=\"wp-image-795\"\/><\/a><\/figure>\n\n\n\n<figure class=\"wp-block-image size-full\"><img loading=\"lazy\" decoding=\"async\" width=\"70\" height=\"51\" src=\"https:\/\/www.hoteltermebologna.com\/wp-content\/uploads\/2021\/12\/ospitalita-lnk.jpg\" alt=\"\" class=\"wp-image-3191\"\/><\/figure>\n\n\n\n<figure class=\"wp-block-image size-full\"><img loading=\"lazy\" decoding=\"async\" width=\"73\" height=\"61\" src=\"https:\/\/www.hoteltermebologna.com\/wp-content\/uploads\/2021\/10\/teatro-lnk-1.jpg\" alt=\"\" class=\"wp-image-399\"\/><\/figure>\n\n\n\n<figure class=\"wp-block-image size-full\"><img loading=\"lazy\" decoding=\"async\" width=\"130\" height=\"60\" src=\"https:\/\/www.hoteltermebologna.com\/wp-content\/uploads\/2021\/10\/veneto-golf-hill-1.png\" alt=\"\" class=\"wp-image-397\"\/><\/figure>\n\n<\/div>\n<\/div><\/div>","protected":false},"excerpt":{"rendered":"","protected":false},"author":1,"featured_media":3123,"parent":0,"menu_order":0,"comment_status":"closed","ping_status":"closed","template":"","meta":{"_acf_changed":false,"advgb_blocks_editor_width":"","advgb_blocks_columns_visual_guide":"","footnotes":""},"class_list":["post-3466","page","type-page","status-publish","has-post-thumbnail","hentry","entry"],"acf":[],"yoast_head":"<!-- This site is optimized with the Yoast SEO plugin v25.7 - https:\/\/yoast.com\/wordpress\/plugins\/seo\/ -->\n<title>Piscina termale interna - Hotel Terme Bologna<\/title>\n<meta name=\"description\" content=\"Scopri la nostra piscina interna con acqua termale: la temperatura perfetta e il clima di relax assicurano al tuo soggiorno il vero benessere!\" \/>\n<meta name=\"robots\" content=\"index, follow, max-snippet:-1, max-image-preview:large, max-video-preview:-1\" \/>\n<link rel=\"canonical\" href=\"https:\/\/www.hoteltermebologna.com\/it\/piscina-termale-interna\/\" \/>\n<meta property=\"og:locale\" content=\"it_IT\" \/>\n<meta property=\"og:type\" content=\"article\" \/>\n<meta property=\"og:title\" content=\"Piscina termale interna - Hotel Terme Bologna\" \/>\n<meta property=\"og:description\" content=\"Scopri la nostra piscina interna con acqua termale: la temperatura perfetta e il clima di relax assicurano al tuo soggiorno il vero benessere!\" \/>\n<meta property=\"og:url\" content=\"https:\/\/www.hoteltermebologna.com\/it\/piscina-termale-interna\/\" \/>\n<meta property=\"og:site_name\" content=\"Hotel Terme Bologna\" \/>\n<meta property=\"article:modified_time\" content=\"2021-12-20T16:27:39+00:00\" \/>\n<meta property=\"og:image\" content=\"https:\/\/www.hoteltermebologna.com\/wp-content\/uploads\/2021\/11\/banner-home-piscine.png\" \/>\n\t<meta property=\"og:image:width\" content=\"1440\" \/>\n\t<meta property=\"og:image:height\" content=\"407\" \/>\n\t<meta property=\"og:image:type\" content=\"image\/png\" \/>\n<meta name=\"twitter:card\" content=\"summary_large_image\" \/>\n<meta name=\"twitter:label1\" content=\"Tempo di lettura stimato\" \/>\n\t<meta name=\"twitter:data1\" content=\"3 minuti\" \/>\n<script type=\"application\/ld+json\" class=\"yoast-schema-graph\">{\"@context\":\"https:\/\/schema.org\",\"@graph\":[{\"@type\":\"WebPage\",\"@id\":\"https:\/\/www.hoteltermebologna.com\/it\/piscina-termale-interna\/\",\"url\":\"https:\/\/www.hoteltermebologna.com\/it\/piscina-termale-interna\/\",\"name\":\"Piscina termale interna - Hotel Terme Bologna\",\"isPartOf\":{\"@id\":\"https:\/\/www.hoteltermebologna.com\/it\/#website\"},\"primaryImageOfPage\":{\"@id\":\"https:\/\/www.hoteltermebologna.com\/it\/piscina-termale-interna\/#primaryimage\"},\"image\":{\"@id\":\"https:\/\/www.hoteltermebologna.com\/it\/piscina-termale-interna\/#primaryimage\"},\"thumbnailUrl\":\"https:\/\/www.hoteltermebologna.com\/wp-content\/uploads\/2021\/11\/banner-home-piscine.png\",\"datePublished\":\"2021-12-09T12:58:13+00:00\",\"dateModified\":\"2021-12-20T16:27:39+00:00\",\"description\":\"Scopri la nostra piscina interna con acqua termale: la temperatura perfetta e il clima di relax assicurano al tuo soggiorno il vero benessere!\",\"breadcrumb\":{\"@id\":\"https:\/\/www.hoteltermebologna.com\/it\/piscina-termale-interna\/#breadcrumb\"},\"inLanguage\":\"it-IT\",\"potentialAction\":[{\"@type\":\"ReadAction\",\"target\":[\"https:\/\/www.hoteltermebologna.com\/it\/piscina-termale-interna\/\"]}]},{\"@type\":\"ImageObject\",\"inLanguage\":\"it-IT\",\"@id\":\"https:\/\/www.hoteltermebologna.com\/it\/piscina-termale-interna\/#primaryimage\",\"url\":\"https:\/\/www.hoteltermebologna.com\/wp-content\/uploads\/2021\/11\/banner-home-piscine.png\",\"contentUrl\":\"https:\/\/www.hoteltermebologna.com\/wp-content\/uploads\/2021\/11\/banner-home-piscine.png\",\"width\":1440,\"height\":407},{\"@type\":\"BreadcrumbList\",\"@id\":\"https:\/\/www.hoteltermebologna.com\/it\/piscina-termale-interna\/#breadcrumb\",\"itemListElement\":[{\"@type\":\"ListItem\",\"position\":1,\"name\":\"Home\",\"item\":\"https:\/\/www.hoteltermebologna.com\/it\/\"},{\"@type\":\"ListItem\",\"position\":2,\"name\":\"Piscina termale interna\"}]},{\"@type\":\"WebSite\",\"@id\":\"https:\/\/www.hoteltermebologna.com\/it\/#website\",\"url\":\"https:\/\/www.hoteltermebologna.com\/it\/\",\"name\":\"Hotel Terme Bologna\",\"description\":\"Abano Terme\",\"publisher\":{\"@id\":\"https:\/\/www.hoteltermebologna.com\/it\/#organization\"},\"potentialAction\":[{\"@type\":\"SearchAction\",\"target\":{\"@type\":\"EntryPoint\",\"urlTemplate\":\"https:\/\/www.hoteltermebologna.com\/it\/?s={search_term_string}\"},\"query-input\":{\"@type\":\"PropertyValueSpecification\",\"valueRequired\":true,\"valueName\":\"search_term_string\"}}],\"inLanguage\":\"it-IT\"},{\"@type\":\"Organization\",\"@id\":\"https:\/\/www.hoteltermebologna.com\/it\/#organization\",\"name\":\"Hotel Terme Bologna\",\"url\":\"https:\/\/www.hoteltermebologna.com\/it\/\",\"logo\":{\"@type\":\"ImageObject\",\"inLanguage\":\"it-IT\",\"@id\":\"https:\/\/www.hoteltermebologna.com\/it\/#\/schema\/logo\/image\/\",\"url\":\"https:\/\/www.hoteltermebologna.com\/wp-content\/uploads\/2021\/12\/logo-terme-bologna.png\",\"contentUrl\":\"https:\/\/www.hoteltermebologna.com\/wp-content\/uploads\/2021\/12\/logo-terme-bologna.png\",\"width\":205,\"height\":147,\"caption\":\"Hotel Terme Bologna\"},\"image\":{\"@id\":\"https:\/\/www.hoteltermebologna.com\/it\/#\/schema\/logo\/image\/\"}}]}<\/script>\n<!-- \/ Yoast SEO plugin. -->","yoast_head_json":{"title":"Piscina termale interna - Hotel Terme Bologna","description":"Scopri la nostra piscina interna con acqua termale: la temperatura perfetta e il clima di relax assicurano al tuo soggiorno il vero benessere!","robots":{"index":"index","follow":"follow","max-snippet":"max-snippet:-1","max-image-preview":"max-image-preview:large","max-video-preview":"max-video-preview:-1"},"canonical":"https:\/\/www.hoteltermebologna.com\/it\/piscina-termale-interna\/","og_locale":"it_IT","og_type":"article","og_title":"Piscina termale interna - Hotel Terme Bologna","og_description":"Scopri la nostra piscina interna con acqua termale: la temperatura perfetta e il clima di relax assicurano al tuo soggiorno il vero benessere!","og_url":"https:\/\/www.hoteltermebologna.com\/it\/piscina-termale-interna\/","og_site_name":"Hotel Terme Bologna","article_modified_time":"2021-12-20T16:27:39+00:00","og_image":[{"width":1440,"height":407,"url":"https:\/\/www.hoteltermebologna.com\/wp-content\/uploads\/2021\/11\/banner-home-piscine.png","type":"image\/png"}],"twitter_card":"summary_large_image","twitter_misc":{"Tempo di lettura stimato":"3 minuti"},"schema":{"@context":"https:\/\/schema.org","@graph":[{"@type":"WebPage","@id":"https:\/\/www.hoteltermebologna.com\/it\/piscina-termale-interna\/","url":"https:\/\/www.hoteltermebologna.com\/it\/piscina-termale-interna\/","name":"Piscina termale interna - Hotel Terme Bologna","isPartOf":{"@id":"https:\/\/www.hoteltermebologna.com\/it\/#website"},"primaryImageOfPage":{"@id":"https:\/\/www.hoteltermebologna.com\/it\/piscina-termale-interna\/#primaryimage"},"image":{"@id":"https:\/\/www.hoteltermebologna.com\/it\/piscina-termale-interna\/#primaryimage"},"thumbnailUrl":"https:\/\/www.hoteltermebologna.com\/wp-content\/uploads\/2021\/11\/banner-home-piscine.png","datePublished":"2021-12-09T12:58:13+00:00","dateModified":"2021-12-20T16:27:39+00:00","description":"Scopri la nostra piscina interna con acqua termale: la temperatura perfetta e il clima di relax assicurano al tuo soggiorno il vero benessere!","breadcrumb":{"@id":"https:\/\/www.hoteltermebologna.com\/it\/piscina-termale-interna\/#breadcrumb"},"inLanguage":"it-IT","potentialAction":[{"@type":"ReadAction","target":["https:\/\/www.hoteltermebologna.com\/it\/piscina-termale-interna\/"]}]},{"@type":"ImageObject","inLanguage":"it-IT","@id":"https:\/\/www.hoteltermebologna.com\/it\/piscina-termale-interna\/#primaryimage","url":"https:\/\/www.hoteltermebologna.com\/wp-content\/uploads\/2021\/11\/banner-home-piscine.png","contentUrl":"https:\/\/www.hoteltermebologna.com\/wp-content\/uploads\/2021\/11\/banner-home-piscine.png","width":1440,"height":407},{"@type":"BreadcrumbList","@id":"https:\/\/www.hoteltermebologna.com\/it\/piscina-termale-interna\/#breadcrumb","itemListElement":[{"@type":"ListItem","position":1,"name":"Home","item":"https:\/\/www.hoteltermebologna.com\/it\/"},{"@type":"ListItem","position":2,"name":"Piscina termale interna"}]},{"@type":"WebSite","@id":"https:\/\/www.hoteltermebologna.com\/it\/#website","url":"https:\/\/www.hoteltermebologna.com\/it\/","name":"Hotel Terme Bologna","description":"Abano Terme","publisher":{"@id":"https:\/\/www.hoteltermebologna.com\/it\/#organization"},"potentialAction":[{"@type":"SearchAction","target":{"@type":"EntryPoint","urlTemplate":"https:\/\/www.hoteltermebologna.com\/it\/?s={search_term_string}"},"query-input":{"@type":"PropertyValueSpecification","valueRequired":true,"valueName":"search_term_string"}}],"inLanguage":"it-IT"},{"@type":"Organization","@id":"https:\/\/www.hoteltermebologna.com\/it\/#organization","name":"Hotel Terme Bologna","url":"https:\/\/www.hoteltermebologna.com\/it\/","logo":{"@type":"ImageObject","inLanguage":"it-IT","@id":"https:\/\/www.hoteltermebologna.com\/it\/#\/schema\/logo\/image\/","url":"https:\/\/www.hoteltermebologna.com\/wp-content\/uploads\/2021\/12\/logo-terme-bologna.png","contentUrl":"https:\/\/www.hoteltermebologna.com\/wp-content\/uploads\/2021\/12\/logo-terme-bologna.png","width":205,"height":147,"caption":"Hotel Terme Bologna"},"image":{"@id":"https:\/\/www.hoteltermebologna.com\/it\/#\/schema\/logo\/image\/"}}]}},"coauthors":[],"author_meta":{"author_link":"https:\/\/www.hoteltermebologna.com\/it\/author\/h0t3-m1l\/","display_name":"h0t3-m1l"},"relative_dates":{"created":"Pubblicato 4 anni fa","modified":"Aggiornato 4 anni fa"},"absolute_dates":{"created":"Pubblicato il Dicembre 9, 2021","modified":"Aggiornato il Dicembre 20, 2021"},"absolute_dates_time":{"created":"Pubblicato il Dicembre 9, 2021 1:58 pm","modified":"Aggiornato il Dicembre 20, 2021 5:27 pm"},"featured_img_caption":"","featured_img":"https:\/\/www.hoteltermebologna.com\/wp-content\/uploads\/2021\/11\/banner-home-piscine.png","series_order":"","_links":{"self":[{"href":"https:\/\/www.hoteltermebologna.com\/it\/wp-json\/wp\/v2\/pages\/3466","targetHints":{"allow":["GET"]}}],"collection":[{"href":"https:\/\/www.hoteltermebologna.com\/it\/wp-json\/wp\/v2\/pages"}],"about":[{"href":"https:\/\/www.hoteltermebologna.com\/it\/wp-json\/wp\/v2\/types\/page"}],"author":[{"embeddable":true,"href":"https:\/\/www.hoteltermebologna.com\/it\/wp-json\/wp\/v2\/users\/1"}],"replies":[{"embeddable":true,"href":"https:\/\/www.hoteltermebologna.com\/it\/wp-json\/wp\/v2\/comments?post=3466"}],"version-history":[{"count":9,"href":"https:\/\/www.hoteltermebologna.com\/it\/wp-json\/wp\/v2\/pages\/3466\/revisions"}],"predecessor-version":[{"id":4628,"href":"https:\/\/www.hoteltermebologna.com\/it\/wp-json\/wp\/v2\/pages\/3466\/revisions\/4628"}],"wp:featuredmedia":[{"embeddable":true,"href":"https:\/\/www.hoteltermebologna.com\/it\/wp-json\/wp\/v2\/media\/3123"}],"wp:attachment":[{"href":"https:\/\/www.hoteltermebologna.com\/it\/wp-json\/wp\/v2\/media?parent=3466"}],"curies":[{"name":"wp","href":"https:\/\/api.w.org\/{rel}","templated":true}]}}