{"id":3643,"date":"2021-12-09T16:23:55","date_gmt":"2021-12-09T15:23:55","guid":{"rendered":"https:\/\/www.hoteltermebologna.com\/?page_id=3643"},"modified":"2021-12-21T16:17:32","modified_gmt":"2021-12-21T15:17:32","slug":"hotel-abano-per-famiglie","status":"publish","type":"page","link":"https:\/\/www.hoteltermebologna.com\/it\/hotel-abano-per-famiglie\/","title":{"rendered":"Hotel Abano per famiglie"},"content":{"rendered":"<div  class=\"grids-section grids-is-advanced alignfull\" style=\"--_gs-gap-desktop:0px 0px;--_gs-m-desktop:0 0 0 0;--_gs-p-desktop:0 0 0 0;--_gs-bg-desktop:transparent none;--_gs-bg-xp-desktop:0px;--_gs-zi-desktop:auto;--_gs-d-desktop:block;--_gs-mw-desktop:calc(100% - 0 - 0);--_gs-gap-tablet:0px 0px;--_gs-m-tablet:0 0 0 0;--_gs-p-tablet:0 0 0 0;--_gs-bg-tablet:transparent none;--_gs-bg-xp-tablet:0px;--_gs-zi-tablet:auto;--_gs-d-tablet:block;--_gs-mw-tablet:calc(100% - 0 - 0);--_gs-gap-mobile:0px 0px;--_gs-m-mobile:0 0 0 0;--_gs-p-mobile:0 0 0 0;--_gs-bg-mobile:transparent none;--_gs-bg-xp-mobile:0px;--_gs-zi-mobile:auto;--_gs-d-mobile:block;--_gs-mw-mobile:calc(100% - 0 - 0);--_gs-columns:12;--_gs-rows:6\"><div class=\"grids-s-w_i\">\n<div class=\"grids-area\" style=\"--_ga-column:2\/12;--_ga-row:1\/7;--_ga-m-desktop:0 0 0 0;--_ga-p-desktop:0 0 0 0;--_ga-bg-desktop:transparent none;--_ga-zi-desktop:auto;--_ga-d-desktop:flex;--_ga-mw-desktop:calc(100% - 0 - 0);--_ga-m-tablet:0 0 0 0;--_ga-p-tablet:0 0 0 0;--_ga-bg-tablet:transparent none;--_ga-zi-tablet:auto;--_ga-d-tablet:flex;--_ga-mw-tablet:calc(100% - 0 - 0);--_ga-m-mobile:0 0 0 0;--_ga-p-mobile:0 0 0 0;--_ga-bg-mobile:transparent none;--_ga-zi-mobile:auto;--_ga-d-mobile:flex;--_ga-mw-mobile:calc(100% - 0 - 0)\">\n\n<h3 class=\"wp-block-heading\">Hotel ad Abano per famiglie con bambini<\/h3>\n\n\n\n<p>Se cercate un Hotel ad Abano per famiglie, l\u2019Hotel Terme Bologna \u00e8 adatto alle vostre esigenze. <br>Circondato da un <strong>bellissimo giardino alberato,<\/strong> l\u2019hotel<\/p>\n\n\n\n<ul class=\"wp-block-list\"><li>\u00e8 situato<strong> a due passi dalla zona pedonale di <a href=\"\/it\/abano-terme\/\">Abano Terme<\/a><\/strong>, ed \u00e8 quindi comodo a tutti i servizi;<\/li><li>\u00e8 <strong>immerso nel verde di un parco di quasi 15.000 metri quadrati<\/strong>, dove i vostri figli potranno giocare in tutta libert\u00e0 e sicurezza;<\/li><li>ha una bellissima<strong> <a href=\"\/it\/piscina-termale-esterna\/\">piscina termale<\/a><\/strong>, comunicante con quella interna, dove potrete trascorrere ore di relax e svago tutti insieme.<\/li><\/ul>\n\n\n\r\n    <div class=\"custom-gallery-wrapper custom-gallery-wrapper-column-1\">\r\n                <span class=\"enable-fullscreen\" onclick=\"showHideFotorama('custom-gallery_1', 0);\">\r\n            <i class=\"far fa-expand\"><\/i>\r\n        <\/span>\r\n                                        <figure class=\"full-width gallery-wrapper-image gallery-wrapper-image-0\" onclick=\"showHideFotorama('custom-gallery_1', 0);\">\r\n                <img decoding=\"async\" class=\"gallery-wrapper-image-small\" src=\"https:\/\/www.hoteltermebologna.com\/wp-content\/uploads\/2021\/12\/piscina-scoperta-1.jpg\">\r\n            <\/figure>\r\n                        <\/div>\r\n\r\n    <div style=\"width:1px;height:1px;position:absolute;\" name=\"fotorama\" id=\"custom-gallery_1\" class=\"fotorama\" data-width=\"100%\"  data-nav=\"thumbs\"  data-allowfullscreen=\"true\" >\r\n                    <img decoding=\"async\" src=\"https:\/\/www.hoteltermebologna.com\/wp-content\/uploads\/2021\/12\/piscina-scoperta-1.jpg\" class=\"attachment-full skip-lazy\" \/>\r\n            <\/div>\r\n\r\n\n\n<\/div>\n<\/div><\/div>\n\n<div  class=\"grids-section grids-is-advanced alignfull\" style=\"--_gs-gap-desktop:0px 0px;--_gs-m-desktop:0 0 0 0;--_gs-p-desktop:0 0 0 0;--_gs-bg-desktop:transparent none;--_gs-bg-xp-desktop:0px;--_gs-zi-desktop:auto;--_gs-d-desktop:block;--_gs-mw-desktop:calc(100% - 0 - 0);--_gs-gap-tablet:0px 0px;--_gs-m-tablet:0 0 0 0;--_gs-p-tablet:0 0 0 0;--_gs-bg-tablet:transparent none;--_gs-bg-xp-tablet:0px;--_gs-zi-tablet:auto;--_gs-d-tablet:block;--_gs-mw-tablet:calc(100% - 0 - 0);--_gs-gap-mobile:0px 0px;--_gs-m-mobile:0 0 0 0;--_gs-p-mobile:0 0 0 0;--_gs-bg-mobile:transparent none;--_gs-bg-xp-mobile:0px;--_gs-zi-mobile:auto;--_gs-d-mobile:block;--_gs-mw-mobile:calc(100% - 0 - 0);--_gs-columns:12;--_gs-rows:6\"><div class=\"grids-s-w_i\">\n<div class=\"grids-area\" style=\"--_ga-column:2\/12;--_ga-row:1\/7;--_ga-m-desktop:0 0 0 0;--_ga-p-desktop:0 0 0 0;--_ga-bg-desktop:transparent none;--_ga-zi-desktop:auto;--_ga-d-desktop:flex;--_ga-mw-desktop:calc(100% - 0 - 0);--_ga-m-tablet:0 0 0 0;--_ga-p-tablet:0 0 0 0;--_ga-bg-tablet:transparent none;--_ga-zi-tablet:auto;--_ga-d-tablet:flex;--_ga-mw-tablet:calc(100% - 0 - 0);--_ga-m-mobile:0 0 0 0;--_ga-p-mobile:0 0 0 0;--_ga-bg-mobile:transparent none;--_ga-zi-mobile:auto;--_ga-d-mobile:flex;--_ga-mw-mobile:calc(100% - 0 - 0)\">\n\n<p>Il nostro\u00a0albergo Terme Euganee\u00a0hotel <strong>non dispone di animazione<\/strong> per bambini, ma se ci avvisate prima, possiamo organizzare un\u00a0<strong>servizio di baby-sitting,\u00a0<\/strong>per tenere compagnia ai vostri figli mentre voi vi rilassate alle terme o vi godete una cenetta romantica.<br>E per la felicit\u00e0 dei genitori, l\u2019Hotel Terme Bologna offre inoltre:<\/p>\n\n\n\n<ul class=\"wp-block-list\"><li><strong><a href=\"\/it\/benessere\/\">beauty Center<\/a><\/strong>\u00a0per trattamenti estetici e curativi, come massaggi rilassanti, massaggi al balsamo caldo, linfodrenaggio, riflessologia, manicure e pedicure;<\/li><li><strong><a href=\"\/it\/trattamenti-termali\/\">centro termale<\/a><\/strong>\u00a0dove effettuare fangoterapia, inalazioni e aerosol, sfruttando tutte le propriet\u00e0 benefiche riconosciute delle acque termali e dei fanghi di Abano;<\/li><li><a href=\"\/it\/sport-e-fitness\/\"><strong>palestra<\/strong>\u00a0interna<\/a>;<\/li><li><strong>biciclette\u00a0<\/strong>per poter fare piacevoli escursioni nei dintorni con tutta la famiglia e vivere momenti da ricordare;<\/li><li><a href=\"\/it\/camere\/\">camere<\/a> ampie e luminose dove potrete avere tutta la\u00a0<strong>comodit\u00e0\u00a0<\/strong>e lo spazio di cui una famiglia ha bisogno, specialmente in vacanza;<\/li><li><strong>ristorante\u00a0<\/strong>con piatti della tradizione italiana preparati esclusivamente con materie prime di qualit\u00e0, in grado di proporre\u00a0<strong>menu specifici<\/strong>\u00a0per le esigenze dei piccoli, o di chi dovesse seguire particolari regimi alimentari.<\/li><\/ul>\n\n\n\n<p>Nelle vicinanze di Abano \u00e8 inoltre possibile visitare alcune&nbsp;<strong>attrazioni&nbsp;<\/strong>particolarmente amate dai bimbi: oltre al&nbsp;<strong>Minigolf<\/strong>, ci sono la&nbsp;<strong>Casa delle Farfalle&nbsp;<\/strong>di Montegrotto Terme, il&nbsp;<strong>Parco Avventura<\/strong>&nbsp;Fiorine a Teolo per arrampicarsi e fare acrobazie tra gli alberi, il&nbsp;<strong>Museo degli Insetti<\/strong>&nbsp;Esapolis e il&nbsp;<strong>Planetario&nbsp;<\/strong>di Padova, il&nbsp;<strong>Parco Valcorba<\/strong>&nbsp;dove si possono ammirare lemuri, leopardi, canguri, giraffe, iene e tanti altri animali e naturalmente non dimentichiamo il parco divertimenti pi\u00f9 famoso d\u2019Italia,&nbsp;<strong>Gardaland<\/strong>.<\/p>\n\n\n\n<p>Molti sono gli\u00a0alberghi termali Padova, ma se cercate la qualit\u00e0 delle terapie termali, l&#8217;accoglienza e l&#8217;attenzione verso i pi\u00f9 piccoli, allora quello che pu\u00f2 soddisfare le vostre esigenze \u00e8 il nostro\u00a0hotel Abano Terme centro! Un mix di comodit\u00e0, atmosfera famigliare, ospitalit\u00e0, piscine stupende, ottima cucina e un territorio da scoprire: in bici, a piedi, con la mountain bike o con il nordic walking.<\/p>\n\n<\/div>\n<\/div><\/div>\n\n<div  class=\"grids-section grids-is-advanced\" style=\"--_gs-gap-desktop:0px 0px;--_gs-m-desktop:0 0 0 0;--_gs-p-desktop:0 0 0 0;--_gs-bg-desktop:transparent none;--_gs-bg-xp-desktop:0px;--_gs-zi-desktop:auto;--_gs-d-desktop:block;--_gs-mw-desktop:calc(100% - 0 - 0);--_gs-gap-tablet:0px 0px;--_gs-m-tablet:0 0 0 0;--_gs-p-tablet:0 0 0 0;--_gs-bg-tablet:transparent none;--_gs-bg-xp-tablet:0px;--_gs-zi-tablet:auto;--_gs-d-tablet:block;--_gs-mw-tablet:calc(100% - 0 - 0);--_gs-gap-mobile:0px 0px;--_gs-m-mobile:0 0 0 0;--_gs-p-mobile:0 0 0 0;--_gs-bg-mobile:transparent none;--_gs-bg-xp-mobile:0px;--_gs-zi-mobile:auto;--_gs-d-mobile:block;--_gs-mw-mobile:calc(100% - 0 - 0);--_gs-columns:12;--_gs-rows:6\"><div class=\"grids-s-w_i\">\n<div class=\"grids-area\" style=\"--_ga-column:2\/12;--_ga-row:1\/7;--_ga-m-desktop:0 0 0 0;--_ga-p-desktop:0 0 0 0;--_ga-bg-desktop:transparent none;--_ga-zi-desktop:auto;--_ga-d-desktop:flex;--_ga-mw-desktop:calc(100% - 0 - 0);--_ga-m-tablet:0 0 0 0;--_ga-p-tablet:0 0 0 0;--_ga-bg-tablet:transparent none;--_ga-zi-tablet:auto;--_ga-d-tablet:flex;--_ga-mw-tablet:calc(100% - 0 - 0);--_ga-m-mobile:0 0 0 0;--_ga-p-mobile:0 0 0 0;--_ga-bg-mobile:transparent none;--_ga-zi-mobile:auto;--_ga-d-mobile:flex;--_ga-mw-mobile:calc(100% - 0 - 0)\">\n\n<h2 class=\"wp-block-heading\">Ti potrebbe interessare anche&#8230;<\/h2>\n\n\n\r\n    <div class=\"related-pages-container\">\r\n                                 <div class=\"single-related-page-container\">\r\n                <a href=\"https:\/\/www.hoteltermebologna.com\/it\/galleria-fotografica\/\">\r\n                    <figure class=\"full-width\">\r\n                        <img decoding=\"async\" src=\"https:\/\/www.hoteltermebologna.com\/wp-content\/uploads\/2021\/12\/hotel-terme-bologna-colazione-3.jpg\" \/>\r\n                    <\/figure>\r\n                <\/a>\r\n                <a href=\"https:\/\/www.hoteltermebologna.com\/it\/galleria-fotografica\/\">\r\n                    <h3 class=\"related-page-title\">\r\n                        Galleria fotografica                    <\/h3>\r\n                <\/a>\r\n                <a href=\"https:\/\/www.hoteltermebologna.com\/it\/galleria-fotografica\/\" class=\"btn btn-center\">\r\n                    Scopri di pi\u00f9                <\/a>\r\n            <\/div>\r\n                                 <div class=\"single-related-page-container\">\r\n                <a href=\"https:\/\/www.hoteltermebologna.com\/it\/benessere\/\">\r\n                    <figure class=\"full-width\">\r\n                        <img decoding=\"async\" src=\"https:\/\/www.hoteltermebologna.com\/wp-content\/uploads\/2021\/12\/massaggio-a-due.jpg\" \/>\r\n                    <\/figure>\r\n                <\/a>\r\n                <a href=\"https:\/\/www.hoteltermebologna.com\/it\/benessere\/\">\r\n                    <h3 class=\"related-page-title\">\r\n                        Benessere                    <\/h3>\r\n                <\/a>\r\n                <a href=\"https:\/\/www.hoteltermebologna.com\/it\/benessere\/\" class=\"btn btn-center\">\r\n                    Scopri di pi\u00f9                <\/a>\r\n            <\/div>\r\n                                 <div class=\"single-related-page-container\">\r\n                <a href=\"https:\/\/www.hoteltermebologna.com\/it\/camere\/\">\r\n                    <figure class=\"full-width\">\r\n                        <img decoding=\"async\" src=\"https:\/\/www.hoteltermebologna.com\/wp-content\/uploads\/2021\/12\/hotel-terme-bologna-camera-doppia-K.jpg\" \/>\r\n                    <\/figure>\r\n                <\/a>\r\n                <a href=\"https:\/\/www.hoteltermebologna.com\/it\/camere\/\">\r\n                    <h3 class=\"related-page-title\">\r\n                        Camere                    <\/h3>\r\n                <\/a>\r\n                <a href=\"https:\/\/www.hoteltermebologna.com\/it\/camere\/\" class=\"btn btn-center\">\r\n                    Scopri di pi\u00f9                <\/a>\r\n            <\/div>\r\n            <\/div>\r\n\n\n<\/div>\n<\/div><\/div>\n\n<div  class=\"grids-section logos-list-container grids-is-advanced alignfull\" style=\"--_gs-gap-desktop:0px 0px;--_gs-m-desktop:0 0 0 0;--_gs-p-desktop:0 0 0 0;--_gs-bg-desktop:transparent none;--_gs-bg-xp-desktop:0px;--_gs-zi-desktop:auto;--_gs-d-desktop:block;--_gs-mw-desktop:calc(100% - 0 - 0);--_gs-gap-tablet:0px 0px;--_gs-m-tablet:0 0 0 0;--_gs-p-tablet:0 0 0 0;--_gs-bg-tablet:transparent none;--_gs-bg-xp-tablet:0px;--_gs-zi-tablet:auto;--_gs-d-tablet:block;--_gs-mw-tablet:calc(100% - 0 - 0);--_gs-gap-mobile:0px 0px;--_gs-m-mobile:0 0 0 0;--_gs-p-mobile:0 0 0 0;--_gs-bg-mobile:transparent none;--_gs-bg-xp-mobile:0px;--_gs-zi-mobile:auto;--_gs-d-mobile:block;--_gs-mw-mobile:calc(100% - 0 - 0);--_gs-columns:12;--_gs-rows:6\"><div class=\"grids-s-w_i\">\n<div class=\"grids-area\" style=\"--_ga-column:2\/12;--_ga-row:1\/7;--_ga-m-desktop:0 0 0 0;--_ga-p-desktop:0 0 0 0;--_ga-bg-desktop:transparent none;--_ga-zi-desktop:auto;--_ga-d-desktop:flex;--_ga-mw-desktop:calc(100% - 0 - 0);--_ga-m-tablet:0 0 0 0;--_ga-p-tablet:0 0 0 0;--_ga-bg-tablet:transparent none;--_ga-zi-tablet:auto;--_ga-d-tablet:flex;--_ga-mw-tablet:calc(100% - 0 - 0);--_ga-m-mobile:0 0 0 0;--_ga-p-mobile:0 0 0 0;--_ga-bg-mobile:transparent none;--_ga-zi-mobile:auto;--_ga-d-mobile:flex;--_ga-mw-mobile:calc(100% - 0 - 0)\">\n\n<figure class=\"wp-block-image size-full\"><a href=\"https:\/\/www.hoteltermemilano.com\/\" target=\"_blank\" rel=\"noopener\"><img loading=\"lazy\" decoding=\"async\" width=\"85\" height=\"50\" src=\"https:\/\/www.hoteltermebologna.com\/wp-content\/uploads\/2021\/12\/logo-milano.png\" alt=\"\" class=\"wp-image-3188\"\/><\/a><\/figure>\n\n\n\n<figure class=\"wp-block-image size-full\"><a href=\"https:\/\/www.hotelveniceresort.com\/\" target=\"_blank\" rel=\"noopener\"><img loading=\"lazy\" decoding=\"async\" width=\"76\" height=\"49\" src=\"https:\/\/www.hoteltermebologna.com\/wp-content\/uploads\/2021\/10\/veniceresort.png\" alt=\"\" class=\"wp-image-795\"\/><\/a><\/figure>\n\n\n\n<figure class=\"wp-block-image size-full\"><img loading=\"lazy\" decoding=\"async\" width=\"70\" height=\"51\" src=\"https:\/\/www.hoteltermebologna.com\/wp-content\/uploads\/2021\/12\/ospitalita-lnk.jpg\" alt=\"\" class=\"wp-image-3191\"\/><\/figure>\n\n\n\n<figure class=\"wp-block-image size-full\"><img loading=\"lazy\" decoding=\"async\" width=\"73\" height=\"61\" src=\"https:\/\/www.hoteltermebologna.com\/wp-content\/uploads\/2021\/10\/teatro-lnk-1.jpg\" alt=\"\" class=\"wp-image-399\"\/><\/figure>\n\n\n\n<figure class=\"wp-block-image size-full\"><img loading=\"lazy\" decoding=\"async\" width=\"130\" height=\"60\" src=\"https:\/\/www.hoteltermebologna.com\/wp-content\/uploads\/2021\/10\/veneto-golf-hill-1.png\" alt=\"\" class=\"wp-image-397\"\/><\/figure>\n\n<\/div>\n<\/div><\/div>","protected":false},"excerpt":{"rendered":"","protected":false},"author":1,"featured_media":3494,"parent":0,"menu_order":0,"comment_status":"closed","ping_status":"closed","template":"","meta":{"_acf_changed":false,"advgb_blocks_editor_width":"","advgb_blocks_columns_visual_guide":"","footnotes":""},"class_list":["post-3643","page","type-page","status-publish","has-post-thumbnail","hentry","entry"],"acf":[],"yoast_head":"<!-- This site is optimized with the Yoast SEO plugin v25.7 - https:\/\/yoast.com\/wordpress\/plugins\/seo\/ -->\n<title>Hotel Abano per famiglie - Hotel Terme Bologna<\/title>\n<meta name=\"description\" content=\"Se cercate un Hotel ad Abano per famiglie, l\u2019Hotel Terme Bologna \u00e8 adatto alle vostre esigenze. Scopri le piscine, l&#039;immenso giardino e il centro benessere!\" \/>\n<meta name=\"robots\" content=\"index, follow, max-snippet:-1, max-image-preview:large, max-video-preview:-1\" \/>\n<link rel=\"canonical\" href=\"https:\/\/www.hoteltermebologna.com\/it\/hotel-abano-per-famiglie\/\" \/>\n<meta property=\"og:locale\" content=\"it_IT\" \/>\n<meta property=\"og:type\" content=\"article\" \/>\n<meta property=\"og:title\" content=\"Hotel Abano per famiglie - Hotel Terme Bologna\" \/>\n<meta property=\"og:description\" content=\"Se cercate un Hotel ad Abano per famiglie, l\u2019Hotel Terme Bologna \u00e8 adatto alle vostre esigenze. Scopri le piscine, l&#039;immenso giardino e il centro benessere!\" \/>\n<meta property=\"og:url\" content=\"https:\/\/www.hoteltermebologna.com\/it\/hotel-abano-per-famiglie\/\" \/>\n<meta property=\"og:site_name\" content=\"Hotel Terme Bologna\" \/>\n<meta property=\"article:modified_time\" content=\"2021-12-21T15:17:32+00:00\" \/>\n<meta property=\"og:image\" content=\"https:\/\/www.hoteltermebologna.com\/wp-content\/uploads\/2021\/12\/hotel-terme-bologna-bike-giardino.jpg\" \/>\n\t<meta property=\"og:image:width\" content=\"1200\" \/>\n\t<meta property=\"og:image:height\" content=\"754\" \/>\n\t<meta property=\"og:image:type\" content=\"image\/jpeg\" \/>\n<meta name=\"twitter:card\" content=\"summary_large_image\" \/>\n<meta name=\"twitter:label1\" content=\"Tempo di lettura stimato\" \/>\n\t<meta name=\"twitter:data1\" content=\"3 minuti\" \/>\n<script type=\"application\/ld+json\" class=\"yoast-schema-graph\">{\"@context\":\"https:\/\/schema.org\",\"@graph\":[{\"@type\":\"WebPage\",\"@id\":\"https:\/\/www.hoteltermebologna.com\/it\/hotel-abano-per-famiglie\/\",\"url\":\"https:\/\/www.hoteltermebologna.com\/it\/hotel-abano-per-famiglie\/\",\"name\":\"Hotel Abano per famiglie - Hotel Terme Bologna\",\"isPartOf\":{\"@id\":\"https:\/\/www.hoteltermebologna.com\/it\/#website\"},\"primaryImageOfPage\":{\"@id\":\"https:\/\/www.hoteltermebologna.com\/it\/hotel-abano-per-famiglie\/#primaryimage\"},\"image\":{\"@id\":\"https:\/\/www.hoteltermebologna.com\/it\/hotel-abano-per-famiglie\/#primaryimage\"},\"thumbnailUrl\":\"https:\/\/www.hoteltermebologna.com\/wp-content\/uploads\/2021\/12\/hotel-terme-bologna-bike-giardino.jpg\",\"datePublished\":\"2021-12-09T15:23:55+00:00\",\"dateModified\":\"2021-12-21T15:17:32+00:00\",\"description\":\"Se cercate un Hotel ad Abano per famiglie, l\u2019Hotel Terme Bologna \u00e8 adatto alle vostre esigenze. Scopri le piscine, l'immenso giardino e il centro benessere!\",\"breadcrumb\":{\"@id\":\"https:\/\/www.hoteltermebologna.com\/it\/hotel-abano-per-famiglie\/#breadcrumb\"},\"inLanguage\":\"it-IT\",\"potentialAction\":[{\"@type\":\"ReadAction\",\"target\":[\"https:\/\/www.hoteltermebologna.com\/it\/hotel-abano-per-famiglie\/\"]}]},{\"@type\":\"ImageObject\",\"inLanguage\":\"it-IT\",\"@id\":\"https:\/\/www.hoteltermebologna.com\/it\/hotel-abano-per-famiglie\/#primaryimage\",\"url\":\"https:\/\/www.hoteltermebologna.com\/wp-content\/uploads\/2021\/12\/hotel-terme-bologna-bike-giardino.jpg\",\"contentUrl\":\"https:\/\/www.hoteltermebologna.com\/wp-content\/uploads\/2021\/12\/hotel-terme-bologna-bike-giardino.jpg\",\"width\":1200,\"height\":754},{\"@type\":\"BreadcrumbList\",\"@id\":\"https:\/\/www.hoteltermebologna.com\/it\/hotel-abano-per-famiglie\/#breadcrumb\",\"itemListElement\":[{\"@type\":\"ListItem\",\"position\":1,\"name\":\"Home\",\"item\":\"https:\/\/www.hoteltermebologna.com\/it\/\"},{\"@type\":\"ListItem\",\"position\":2,\"name\":\"Hotel Abano per famiglie\"}]},{\"@type\":\"WebSite\",\"@id\":\"https:\/\/www.hoteltermebologna.com\/it\/#website\",\"url\":\"https:\/\/www.hoteltermebologna.com\/it\/\",\"name\":\"Hotel Terme Bologna\",\"description\":\"Abano Terme\",\"publisher\":{\"@id\":\"https:\/\/www.hoteltermebologna.com\/it\/#organization\"},\"potentialAction\":[{\"@type\":\"SearchAction\",\"target\":{\"@type\":\"EntryPoint\",\"urlTemplate\":\"https:\/\/www.hoteltermebologna.com\/it\/?s={search_term_string}\"},\"query-input\":{\"@type\":\"PropertyValueSpecification\",\"valueRequired\":true,\"valueName\":\"search_term_string\"}}],\"inLanguage\":\"it-IT\"},{\"@type\":\"Organization\",\"@id\":\"https:\/\/www.hoteltermebologna.com\/it\/#organization\",\"name\":\"Hotel Terme Bologna\",\"url\":\"https:\/\/www.hoteltermebologna.com\/it\/\",\"logo\":{\"@type\":\"ImageObject\",\"inLanguage\":\"it-IT\",\"@id\":\"https:\/\/www.hoteltermebologna.com\/it\/#\/schema\/logo\/image\/\",\"url\":\"https:\/\/www.hoteltermebologna.com\/wp-content\/uploads\/2021\/12\/logo-terme-bologna.png\",\"contentUrl\":\"https:\/\/www.hoteltermebologna.com\/wp-content\/uploads\/2021\/12\/logo-terme-bologna.png\",\"width\":205,\"height\":147,\"caption\":\"Hotel Terme Bologna\"},\"image\":{\"@id\":\"https:\/\/www.hoteltermebologna.com\/it\/#\/schema\/logo\/image\/\"}}]}<\/script>\n<!-- \/ Yoast SEO plugin. -->","yoast_head_json":{"title":"Hotel Abano per famiglie - Hotel Terme Bologna","description":"Se cercate un Hotel ad Abano per famiglie, l\u2019Hotel Terme Bologna \u00e8 adatto alle vostre esigenze. Scopri le piscine, l'immenso giardino e il centro benessere!","robots":{"index":"index","follow":"follow","max-snippet":"max-snippet:-1","max-image-preview":"max-image-preview:large","max-video-preview":"max-video-preview:-1"},"canonical":"https:\/\/www.hoteltermebologna.com\/it\/hotel-abano-per-famiglie\/","og_locale":"it_IT","og_type":"article","og_title":"Hotel Abano per famiglie - Hotel Terme Bologna","og_description":"Se cercate un Hotel ad Abano per famiglie, l\u2019Hotel Terme Bologna \u00e8 adatto alle vostre esigenze. Scopri le piscine, l'immenso giardino e il centro benessere!","og_url":"https:\/\/www.hoteltermebologna.com\/it\/hotel-abano-per-famiglie\/","og_site_name":"Hotel Terme Bologna","article_modified_time":"2021-12-21T15:17:32+00:00","og_image":[{"width":1200,"height":754,"url":"https:\/\/www.hoteltermebologna.com\/wp-content\/uploads\/2021\/12\/hotel-terme-bologna-bike-giardino.jpg","type":"image\/jpeg"}],"twitter_card":"summary_large_image","twitter_misc":{"Tempo di lettura stimato":"3 minuti"},"schema":{"@context":"https:\/\/schema.org","@graph":[{"@type":"WebPage","@id":"https:\/\/www.hoteltermebologna.com\/it\/hotel-abano-per-famiglie\/","url":"https:\/\/www.hoteltermebologna.com\/it\/hotel-abano-per-famiglie\/","name":"Hotel Abano per famiglie - Hotel Terme Bologna","isPartOf":{"@id":"https:\/\/www.hoteltermebologna.com\/it\/#website"},"primaryImageOfPage":{"@id":"https:\/\/www.hoteltermebologna.com\/it\/hotel-abano-per-famiglie\/#primaryimage"},"image":{"@id":"https:\/\/www.hoteltermebologna.com\/it\/hotel-abano-per-famiglie\/#primaryimage"},"thumbnailUrl":"https:\/\/www.hoteltermebologna.com\/wp-content\/uploads\/2021\/12\/hotel-terme-bologna-bike-giardino.jpg","datePublished":"2021-12-09T15:23:55+00:00","dateModified":"2021-12-21T15:17:32+00:00","description":"Se cercate un Hotel ad Abano per famiglie, l\u2019Hotel Terme Bologna \u00e8 adatto alle vostre esigenze. Scopri le piscine, l'immenso giardino e il centro benessere!","breadcrumb":{"@id":"https:\/\/www.hoteltermebologna.com\/it\/hotel-abano-per-famiglie\/#breadcrumb"},"inLanguage":"it-IT","potentialAction":[{"@type":"ReadAction","target":["https:\/\/www.hoteltermebologna.com\/it\/hotel-abano-per-famiglie\/"]}]},{"@type":"ImageObject","inLanguage":"it-IT","@id":"https:\/\/www.hoteltermebologna.com\/it\/hotel-abano-per-famiglie\/#primaryimage","url":"https:\/\/www.hoteltermebologna.com\/wp-content\/uploads\/2021\/12\/hotel-terme-bologna-bike-giardino.jpg","contentUrl":"https:\/\/www.hoteltermebologna.com\/wp-content\/uploads\/2021\/12\/hotel-terme-bologna-bike-giardino.jpg","width":1200,"height":754},{"@type":"BreadcrumbList","@id":"https:\/\/www.hoteltermebologna.com\/it\/hotel-abano-per-famiglie\/#breadcrumb","itemListElement":[{"@type":"ListItem","position":1,"name":"Home","item":"https:\/\/www.hoteltermebologna.com\/it\/"},{"@type":"ListItem","position":2,"name":"Hotel Abano per famiglie"}]},{"@type":"WebSite","@id":"https:\/\/www.hoteltermebologna.com\/it\/#website","url":"https:\/\/www.hoteltermebologna.com\/it\/","name":"Hotel Terme Bologna","description":"Abano Terme","publisher":{"@id":"https:\/\/www.hoteltermebologna.com\/it\/#organization"},"potentialAction":[{"@type":"SearchAction","target":{"@type":"EntryPoint","urlTemplate":"https:\/\/www.hoteltermebologna.com\/it\/?s={search_term_string}"},"query-input":{"@type":"PropertyValueSpecification","valueRequired":true,"valueName":"search_term_string"}}],"inLanguage":"it-IT"},{"@type":"Organization","@id":"https:\/\/www.hoteltermebologna.com\/it\/#organization","name":"Hotel Terme Bologna","url":"https:\/\/www.hoteltermebologna.com\/it\/","logo":{"@type":"ImageObject","inLanguage":"it-IT","@id":"https:\/\/www.hoteltermebologna.com\/it\/#\/schema\/logo\/image\/","url":"https:\/\/www.hoteltermebologna.com\/wp-content\/uploads\/2021\/12\/logo-terme-bologna.png","contentUrl":"https:\/\/www.hoteltermebologna.com\/wp-content\/uploads\/2021\/12\/logo-terme-bologna.png","width":205,"height":147,"caption":"Hotel Terme Bologna"},"image":{"@id":"https:\/\/www.hoteltermebologna.com\/it\/#\/schema\/logo\/image\/"}}]}},"coauthors":[],"author_meta":{"author_link":"https:\/\/www.hoteltermebologna.com\/it\/author\/h0t3-m1l\/","display_name":"h0t3-m1l"},"relative_dates":{"created":"Pubblicato 4 anni fa","modified":"Aggiornato 4 anni fa"},"absolute_dates":{"created":"Pubblicato il Dicembre 9, 2021","modified":"Aggiornato il Dicembre 21, 2021"},"absolute_dates_time":{"created":"Pubblicato il Dicembre 9, 2021 4:23 pm","modified":"Aggiornato il Dicembre 21, 2021 4:17 pm"},"featured_img_caption":"","featured_img":"https:\/\/www.hoteltermebologna.com\/wp-content\/uploads\/2021\/12\/hotel-terme-bologna-bike-giardino.jpg","series_order":"","_links":{"self":[{"href":"https:\/\/www.hoteltermebologna.com\/it\/wp-json\/wp\/v2\/pages\/3643","targetHints":{"allow":["GET"]}}],"collection":[{"href":"https:\/\/www.hoteltermebologna.com\/it\/wp-json\/wp\/v2\/pages"}],"about":[{"href":"https:\/\/www.hoteltermebologna.com\/it\/wp-json\/wp\/v2\/types\/page"}],"author":[{"embeddable":true,"href":"https:\/\/www.hoteltermebologna.com\/it\/wp-json\/wp\/v2\/users\/1"}],"replies":[{"embeddable":true,"href":"https:\/\/www.hoteltermebologna.com\/it\/wp-json\/wp\/v2\/comments?post=3643"}],"version-history":[{"count":6,"href":"https:\/\/www.hoteltermebologna.com\/it\/wp-json\/wp\/v2\/pages\/3643\/revisions"}],"predecessor-version":[{"id":4665,"href":"https:\/\/www.hoteltermebologna.com\/it\/wp-json\/wp\/v2\/pages\/3643\/revisions\/4665"}],"wp:featuredmedia":[{"embeddable":true,"href":"https:\/\/www.hoteltermebologna.com\/it\/wp-json\/wp\/v2\/media\/3494"}],"wp:attachment":[{"href":"https:\/\/www.hoteltermebologna.com\/it\/wp-json\/wp\/v2\/media?parent=3643"}],"curies":[{"name":"wp","href":"https:\/\/api.w.org\/{rel}","templated":true}]}}