{"id":3655,"date":"2021-12-09T16:35:54","date_gmt":"2021-12-09T15:35:54","guid":{"rendered":"https:\/\/www.hoteltermebologna.com\/?page_id=3655"},"modified":"2021-12-21T16:13:07","modified_gmt":"2021-12-21T15:13:07","slug":"hotel-abano-con-wi-fi","status":"publish","type":"page","link":"https:\/\/www.hoteltermebologna.com\/it\/hotel-abano-con-wi-fi\/","title":{"rendered":"Hotel Abano con Wi-Fi"},"content":{"rendered":"<div  class=\"grids-section grids-is-advanced alignfull\" style=\"--_gs-gap-desktop:0px 0px;--_gs-m-desktop:0 0 0 0;--_gs-p-desktop:0 0 0 0;--_gs-bg-desktop:transparent none;--_gs-bg-xp-desktop:0px;--_gs-zi-desktop:auto;--_gs-d-desktop:block;--_gs-mw-desktop:calc(100% - 0 - 0);--_gs-gap-tablet:0px 0px;--_gs-m-tablet:0 0 0 0;--_gs-p-tablet:0 0 0 0;--_gs-bg-tablet:transparent none;--_gs-bg-xp-tablet:0px;--_gs-zi-tablet:auto;--_gs-d-tablet:block;--_gs-mw-tablet:calc(100% - 0 - 0);--_gs-gap-mobile:0px 0px;--_gs-m-mobile:0 0 0 0;--_gs-p-mobile:0 0 0 0;--_gs-bg-mobile:transparent none;--_gs-bg-xp-mobile:0px;--_gs-zi-mobile:auto;--_gs-d-mobile:block;--_gs-mw-mobile:calc(100% - 0 - 0);--_gs-columns:12;--_gs-rows:6\"><div class=\"grids-s-w_i\">\n<div class=\"grids-area\" style=\"--_ga-column:2\/12;--_ga-row:1\/7;--_ga-m-desktop:0 0 0 0;--_ga-p-desktop:0 0 0 0;--_ga-bg-desktop:transparent none;--_ga-zi-desktop:auto;--_ga-d-desktop:flex;--_ga-mw-desktop:calc(100% - 0 - 0);--_ga-m-tablet:0 0 0 0;--_ga-p-tablet:0 0 0 0;--_ga-bg-tablet:transparent none;--_ga-zi-tablet:auto;--_ga-d-tablet:flex;--_ga-mw-tablet:calc(100% - 0 - 0);--_ga-m-mobile:0 0 0 0;--_ga-p-mobile:0 0 0 0;--_ga-bg-mobile:transparent none;--_ga-zi-mobile:auto;--_ga-d-mobile:flex;--_ga-mw-mobile:calc(100% - 0 - 0)\">\n\n<h3 class=\"wp-block-heading\">Centro principale, insieme a Montegrotto, dell\u2019antico comprensorio delle Terme Euganee,\u00a0Abano Terme<strong>\u00a0<\/strong>\u00e8 una localit\u00e0 in provincia di Padova conosciuta in tutto il mondo, in particolare per:<\/h3>\n\n\n\n<ul class=\"wp-block-list\"><li>la qualit\u00e0 delle\u00a0cure termali, che qui sfruttano gli straordinari\u00a0benefici del fango e dell&#8217;acqua termale;<\/li><li>la variet\u00e0 dei servizi e dei comfort offerti;<\/li><li>la bellezza del territorio;<\/li><li>e l&#8217;alto livello della gastronomia e dei vini.<\/li><\/ul>\n\n\n\n<p>Il <strong>clima sempre mite<\/strong>, i tantissimi hotel (alcuni dei quali aperti tutto l&#8217;anno), l&#8217;<strong>alto livello delle cure termali<\/strong>, la vicinanza con citt\u00e0 meravigliose come Venezia, il calore e l&#8217;ospitalit\u00e0 degli albergatori e di tutti gli esercenti delle attivit\u00e0 commerciali, rendono Abano Terme meta di vacanze e soggiorni curativi tutto l\u2019anno.<\/p>\n\n\n\n<p>Per avere il massimo comfort, il Terme Bologna \u00e8 un&nbsp;<strong>hotel Abano Terme con Wi&nbsp;Fi<\/strong>&nbsp;gratuito; sappiamo che non sempre \u00e8 possibile &#8220;staccarsi&#8221; completamente dalle proprie abitudini e dal lavoro e per questo ci siamo dotati di linea wi-fi in tutto l&#8217;hotel.<\/p>\n\n\n\r\n    <div class=\"custom-gallery-wrapper custom-gallery-wrapper-column-1\">\r\n                <span class=\"enable-fullscreen\" onclick=\"showHideFotorama('custom-gallery_1', 0);\">\r\n            <i class=\"far fa-expand\"><\/i>\r\n        <\/span>\r\n                                        <figure class=\"full-width gallery-wrapper-image gallery-wrapper-image-0\" onclick=\"showHideFotorama('custom-gallery_1', 0);\">\r\n                <img decoding=\"async\" class=\"gallery-wrapper-image-small\" src=\"https:\/\/www.hoteltermebologna.com\/wp-content\/uploads\/2021\/12\/hotel-terme-bologna-giugno2019-44.jpg\">\r\n            <\/figure>\r\n                        <\/div>\r\n\r\n    <div style=\"width:1px;height:1px;position:absolute;\" name=\"fotorama\" id=\"custom-gallery_1\" class=\"fotorama\" data-width=\"100%\"  data-nav=\"thumbs\"  data-allowfullscreen=\"true\" >\r\n                    <img decoding=\"async\" src=\"https:\/\/www.hoteltermebologna.com\/wp-content\/uploads\/2021\/12\/hotel-terme-bologna-giugno2019-44.jpg\" class=\"attachment-full skip-lazy\" \/>\r\n            <\/div>\r\n\r\n\n\n<\/div>\n<\/div><\/div>\n\n<div  class=\"grids-section grids-is-advanced alignfull\" style=\"--_gs-gap-desktop:0px 0px;--_gs-m-desktop:0 0 0 0;--_gs-p-desktop:0 0 0 0;--_gs-bg-desktop:transparent none;--_gs-bg-xp-desktop:0px;--_gs-zi-desktop:auto;--_gs-d-desktop:block;--_gs-mw-desktop:calc(100% - 0 - 0);--_gs-gap-tablet:0px 0px;--_gs-m-tablet:0 0 0 0;--_gs-p-tablet:0 0 0 0;--_gs-bg-tablet:transparent none;--_gs-bg-xp-tablet:0px;--_gs-zi-tablet:auto;--_gs-d-tablet:block;--_gs-mw-tablet:calc(100% - 0 - 0);--_gs-gap-mobile:0px 0px;--_gs-m-mobile:0 0 0 0;--_gs-p-mobile:0 0 0 0;--_gs-bg-mobile:transparent none;--_gs-bg-xp-mobile:0px;--_gs-zi-mobile:auto;--_gs-d-mobile:block;--_gs-mw-mobile:calc(100% - 0 - 0);--_gs-columns:12;--_gs-rows:6\"><div class=\"grids-s-w_i\">\n<div class=\"grids-area\" style=\"--_ga-column:2\/12;--_ga-row:1\/7;--_ga-m-desktop:0 0 0 0;--_ga-p-desktop:0 0 0 0;--_ga-bg-desktop:transparent none;--_ga-zi-desktop:auto;--_ga-d-desktop:flex;--_ga-mw-desktop:calc(100% - 0 - 0);--_ga-m-tablet:0 0 0 0;--_ga-p-tablet:0 0 0 0;--_ga-bg-tablet:transparent none;--_ga-zi-tablet:auto;--_ga-d-tablet:flex;--_ga-mw-tablet:calc(100% - 0 - 0);--_ga-m-mobile:0 0 0 0;--_ga-p-mobile:0 0 0 0;--_ga-bg-mobile:transparent none;--_ga-zi-mobile:auto;--_ga-d-mobile:flex;--_ga-mw-mobile:calc(100% - 0 - 0)\">\n\n<p>Da parte nostra faremo in modo che possiate aver bisogno della connessione il meno possibile, offrendovi:<\/p>\n\n\n\n<ul class=\"wp-block-list\"><li>un <strong><a href=\"\/it\/benessere\/\">centro benessere<\/a><\/strong> dove lasciarsi coccolare con massaggi, maschere e trattamenti viso e corpo;<\/li><li>una <strong><a href=\"\/it\/piscina-termale-interna\/\">piscina interna<\/a> <\/strong>e una <strong><a href=\"\/it\/piscina-termale-esterna\/\">esterna<\/a><\/strong>, termali e comunicanti;<\/li><li>un<strong> <a href=\"\/it\/cure-e-trattamenti-personalizzati\/\">centro termale<\/a><\/strong> per le cure per l&#8217;artrosi, l&#8217;artrite, i reumatismi e le infiammazioni respiratorie;<\/li><li><strong>tanto verde<\/strong> da godere soprattutto nella bella stagione;<\/li><li>e <strong>biciclette<\/strong> riservate per escursioni e passeggiate in mezzo alle colline e ai boschi.<\/li><\/ul>\n\n\n\n<p>Tra un trattamento termale e l\u2019altro, nel nostro\u00a0hotel Abano Terme mezza pensione\u00a0e pensione completa,\u00a0che sia curativo o di relax, ci si pu\u00f2 svagare <strong>con le numerose opportunit\u00e0 che offre la zona<\/strong>.\u00a0<\/p>\n\n\n\n<p>I motivi per andare in vacanza ad Abano Terme, oltre a quelli legati alle<strong>&nbsp;cure termali<\/strong>, sono moltissimi.<br>Ve ne citiamo solo alcuni perch\u00e8 vorremmo incuriosirvi a venire a trovarci:<\/p>\n\n\n\n<ul class=\"wp-block-list\"><li>citt\u00e0 d\u2019arte a poca distanza, come Venezia, <a href=\"\/it\/padova\/\">Padova<\/a> e Verona;<\/li><li>borghi medievali, cittadine murate, ville e castelli da visitare;<\/li><li>un clima favorevole tutto l&#8217;anno;<\/li><li>specialit\u00e0 enogastronomiche da gustare in linea con la stagione e la territorialit\u00e0;<\/li><li>accoglienza rivolta a persone di tutte le et\u00e0, famiglie con bambini, coppie, gruppi di amici e<strong>\u00a0<a href=\"\/it\/hotel-abano-con-il-cane\/\">ospiti che viaggiano con il cane<\/a><\/strong>.<\/li><\/ul>\n\n\n\n<p>Siamo ai piedi dei\u00a0<a href=\"\/it\/colli-euganei\/\">Colli Euganei<\/a>, <strong>territorio tutelato per la sua bellezza<\/strong>, per le specie animali e vegetali che lo caratterizzano, per la ricchezza di luoghi da visitare (Arqu\u00e0 Petrarca, Villa Vescovi, il Castello del Catajo, Villa Barbarigo), per l&#8217;unicit\u00e0 di alcuni prodotti della terra, come le <strong>primizie in primavera <\/strong>(erbette di campo e\u00a0asparagi), le carni degli animali allevati nella corte, i vini dei Colli Euganei e i distillati, come il famoso Brodo di Giuggiole.\u00a0<\/p>\n\n\n\n<p>Cominciate dunque a pensare serenamente ad una vacanza in<strong>&nbsp;hotel con wi-fi gratis<\/strong>: scoprirete allo stesso modo che ad Abano Terme ci sono molte altre cose da fare, a contatto con la natura, con il benessere, con le persone.<\/p>\n\n<\/div>\n<\/div><\/div>\n\n<div  class=\"grids-section logos-list-container grids-is-advanced alignfull\" style=\"--_gs-gap-desktop:0px 0px;--_gs-m-desktop:0 0 0 0;--_gs-p-desktop:0 0 0 0;--_gs-bg-desktop:transparent none;--_gs-bg-xp-desktop:0px;--_gs-zi-desktop:auto;--_gs-d-desktop:block;--_gs-mw-desktop:calc(100% - 0 - 0);--_gs-gap-tablet:0px 0px;--_gs-m-tablet:0 0 0 0;--_gs-p-tablet:0 0 0 0;--_gs-bg-tablet:transparent none;--_gs-bg-xp-tablet:0px;--_gs-zi-tablet:auto;--_gs-d-tablet:block;--_gs-mw-tablet:calc(100% - 0 - 0);--_gs-gap-mobile:0px 0px;--_gs-m-mobile:0 0 0 0;--_gs-p-mobile:0 0 0 0;--_gs-bg-mobile:transparent none;--_gs-bg-xp-mobile:0px;--_gs-zi-mobile:auto;--_gs-d-mobile:block;--_gs-mw-mobile:calc(100% - 0 - 0);--_gs-columns:12;--_gs-rows:6\"><div class=\"grids-s-w_i\">\n<div class=\"grids-area\" style=\"--_ga-column:2\/12;--_ga-row:1\/7;--_ga-m-desktop:0 0 0 0;--_ga-p-desktop:0 0 0 0;--_ga-bg-desktop:transparent none;--_ga-zi-desktop:auto;--_ga-d-desktop:flex;--_ga-mw-desktop:calc(100% - 0 - 0);--_ga-m-tablet:0 0 0 0;--_ga-p-tablet:0 0 0 0;--_ga-bg-tablet:transparent none;--_ga-zi-tablet:auto;--_ga-d-tablet:flex;--_ga-mw-tablet:calc(100% - 0 - 0);--_ga-m-mobile:0 0 0 0;--_ga-p-mobile:0 0 0 0;--_ga-bg-mobile:transparent none;--_ga-zi-mobile:auto;--_ga-d-mobile:flex;--_ga-mw-mobile:calc(100% - 0 - 0)\">\n\n<figure class=\"wp-block-image size-full\"><a href=\"https:\/\/www.hoteltermemilano.com\/\" target=\"_blank\" rel=\"noopener\"><img loading=\"lazy\" decoding=\"async\" width=\"85\" height=\"50\" src=\"https:\/\/www.hoteltermebologna.com\/wp-content\/uploads\/2021\/12\/logo-milano.png\" alt=\"\" class=\"wp-image-3188\"\/><\/a><\/figure>\n\n\n\n<figure class=\"wp-block-image size-full\"><a href=\"https:\/\/www.hotelveniceresort.com\/\" target=\"_blank\" rel=\"noopener\"><img loading=\"lazy\" decoding=\"async\" width=\"76\" height=\"49\" src=\"https:\/\/www.hoteltermebologna.com\/wp-content\/uploads\/2021\/10\/veniceresort.png\" alt=\"\" class=\"wp-image-795\"\/><\/a><\/figure>\n\n\n\n<figure class=\"wp-block-image size-full\"><img loading=\"lazy\" decoding=\"async\" width=\"70\" height=\"51\" src=\"https:\/\/www.hoteltermebologna.com\/wp-content\/uploads\/2021\/12\/ospitalita-lnk.jpg\" alt=\"\" class=\"wp-image-3191\"\/><\/figure>\n\n\n\n<figure class=\"wp-block-image size-full\"><img loading=\"lazy\" decoding=\"async\" width=\"73\" height=\"61\" src=\"https:\/\/www.hoteltermebologna.com\/wp-content\/uploads\/2021\/10\/teatro-lnk-1.jpg\" alt=\"\" class=\"wp-image-399\"\/><\/figure>\n\n\n\n<figure class=\"wp-block-image size-full\"><img loading=\"lazy\" decoding=\"async\" width=\"130\" height=\"60\" src=\"https:\/\/www.hoteltermebologna.com\/wp-content\/uploads\/2021\/10\/veneto-golf-hill-1.png\" alt=\"\" class=\"wp-image-397\"\/><\/figure>\n\n<\/div>\n<\/div><\/div>","protected":false},"excerpt":{"rendered":"","protected":false},"author":1,"featured_media":3656,"parent":0,"menu_order":0,"comment_status":"closed","ping_status":"closed","template":"","meta":{"_acf_changed":false,"advgb_blocks_editor_width":"","advgb_blocks_columns_visual_guide":"","footnotes":""},"class_list":["post-3655","page","type-page","status-publish","has-post-thumbnail","hentry","entry"],"acf":[],"yoast_head":"<!-- This site is optimized with the Yoast SEO plugin v25.7 - https:\/\/yoast.com\/wordpress\/plugins\/seo\/ -->\n<title>Hotel Abano con Wi-Fi - Hotel Terme Bologna<\/title>\n<meta name=\"description\" content=\"Se cercate un Hotel ad Abano che abbia Wi-Fi gratuito, l\u2019Hotel Terme Bologna \u00e8 adatto alle vostre esigenze. Scopri le piscine, l&#039;immenso giardino e il centro benessere!\" \/>\n<meta name=\"robots\" content=\"index, follow, max-snippet:-1, max-image-preview:large, max-video-preview:-1\" \/>\n<link rel=\"canonical\" href=\"https:\/\/www.hoteltermebologna.com\/it\/hotel-abano-con-wi-fi\/\" \/>\n<meta property=\"og:locale\" content=\"it_IT\" \/>\n<meta property=\"og:type\" content=\"article\" \/>\n<meta property=\"og:title\" content=\"Hotel Abano con Wi-Fi - Hotel Terme Bologna\" \/>\n<meta property=\"og:description\" content=\"Se cercate un Hotel ad Abano che abbia Wi-Fi gratuito, l\u2019Hotel Terme Bologna \u00e8 adatto alle vostre esigenze. Scopri le piscine, l&#039;immenso giardino e il centro benessere!\" \/>\n<meta property=\"og:url\" content=\"https:\/\/www.hoteltermebologna.com\/it\/hotel-abano-con-wi-fi\/\" \/>\n<meta property=\"og:site_name\" content=\"Hotel Terme Bologna\" \/>\n<meta property=\"article:modified_time\" content=\"2021-12-21T15:13:07+00:00\" \/>\n<meta property=\"og:image\" content=\"https:\/\/www.hoteltermebologna.com\/wp-content\/uploads\/2021\/12\/hotel-terme-bologna-giugno2019-47.jpg\" \/>\n\t<meta property=\"og:image:width\" content=\"1200\" \/>\n\t<meta property=\"og:image:height\" content=\"800\" \/>\n\t<meta property=\"og:image:type\" content=\"image\/jpeg\" \/>\n<meta name=\"twitter:card\" content=\"summary_large_image\" \/>\n<meta name=\"twitter:label1\" content=\"Tempo di lettura stimato\" \/>\n\t<meta name=\"twitter:data1\" content=\"4 minuti\" \/>\n<script type=\"application\/ld+json\" class=\"yoast-schema-graph\">{\"@context\":\"https:\/\/schema.org\",\"@graph\":[{\"@type\":\"WebPage\",\"@id\":\"https:\/\/www.hoteltermebologna.com\/it\/hotel-abano-con-wi-fi\/\",\"url\":\"https:\/\/www.hoteltermebologna.com\/it\/hotel-abano-con-wi-fi\/\",\"name\":\"Hotel Abano con Wi-Fi - Hotel Terme Bologna\",\"isPartOf\":{\"@id\":\"https:\/\/www.hoteltermebologna.com\/it\/#website\"},\"primaryImageOfPage\":{\"@id\":\"https:\/\/www.hoteltermebologna.com\/it\/hotel-abano-con-wi-fi\/#primaryimage\"},\"image\":{\"@id\":\"https:\/\/www.hoteltermebologna.com\/it\/hotel-abano-con-wi-fi\/#primaryimage\"},\"thumbnailUrl\":\"https:\/\/www.hoteltermebologna.com\/wp-content\/uploads\/2021\/12\/hotel-terme-bologna-giugno2019-47.jpg\",\"datePublished\":\"2021-12-09T15:35:54+00:00\",\"dateModified\":\"2021-12-21T15:13:07+00:00\",\"description\":\"Se cercate un Hotel ad Abano che abbia Wi-Fi gratuito, l\u2019Hotel Terme Bologna \u00e8 adatto alle vostre esigenze. Scopri le piscine, l'immenso giardino e il centro benessere!\",\"breadcrumb\":{\"@id\":\"https:\/\/www.hoteltermebologna.com\/it\/hotel-abano-con-wi-fi\/#breadcrumb\"},\"inLanguage\":\"it-IT\",\"potentialAction\":[{\"@type\":\"ReadAction\",\"target\":[\"https:\/\/www.hoteltermebologna.com\/it\/hotel-abano-con-wi-fi\/\"]}]},{\"@type\":\"ImageObject\",\"inLanguage\":\"it-IT\",\"@id\":\"https:\/\/www.hoteltermebologna.com\/it\/hotel-abano-con-wi-fi\/#primaryimage\",\"url\":\"https:\/\/www.hoteltermebologna.com\/wp-content\/uploads\/2021\/12\/hotel-terme-bologna-giugno2019-47.jpg\",\"contentUrl\":\"https:\/\/www.hoteltermebologna.com\/wp-content\/uploads\/2021\/12\/hotel-terme-bologna-giugno2019-47.jpg\",\"width\":1200,\"height\":800},{\"@type\":\"BreadcrumbList\",\"@id\":\"https:\/\/www.hoteltermebologna.com\/it\/hotel-abano-con-wi-fi\/#breadcrumb\",\"itemListElement\":[{\"@type\":\"ListItem\",\"position\":1,\"name\":\"Home\",\"item\":\"https:\/\/www.hoteltermebologna.com\/it\/\"},{\"@type\":\"ListItem\",\"position\":2,\"name\":\"Hotel Abano con Wi-Fi\"}]},{\"@type\":\"WebSite\",\"@id\":\"https:\/\/www.hoteltermebologna.com\/it\/#website\",\"url\":\"https:\/\/www.hoteltermebologna.com\/it\/\",\"name\":\"Hotel Terme Bologna\",\"description\":\"Abano Terme\",\"publisher\":{\"@id\":\"https:\/\/www.hoteltermebologna.com\/it\/#organization\"},\"potentialAction\":[{\"@type\":\"SearchAction\",\"target\":{\"@type\":\"EntryPoint\",\"urlTemplate\":\"https:\/\/www.hoteltermebologna.com\/it\/?s={search_term_string}\"},\"query-input\":{\"@type\":\"PropertyValueSpecification\",\"valueRequired\":true,\"valueName\":\"search_term_string\"}}],\"inLanguage\":\"it-IT\"},{\"@type\":\"Organization\",\"@id\":\"https:\/\/www.hoteltermebologna.com\/it\/#organization\",\"name\":\"Hotel Terme Bologna\",\"url\":\"https:\/\/www.hoteltermebologna.com\/it\/\",\"logo\":{\"@type\":\"ImageObject\",\"inLanguage\":\"it-IT\",\"@id\":\"https:\/\/www.hoteltermebologna.com\/it\/#\/schema\/logo\/image\/\",\"url\":\"https:\/\/www.hoteltermebologna.com\/wp-content\/uploads\/2021\/12\/logo-terme-bologna.png\",\"contentUrl\":\"https:\/\/www.hoteltermebologna.com\/wp-content\/uploads\/2021\/12\/logo-terme-bologna.png\",\"width\":205,\"height\":147,\"caption\":\"Hotel Terme Bologna\"},\"image\":{\"@id\":\"https:\/\/www.hoteltermebologna.com\/it\/#\/schema\/logo\/image\/\"}}]}<\/script>\n<!-- \/ Yoast SEO plugin. -->","yoast_head_json":{"title":"Hotel Abano con Wi-Fi - Hotel Terme Bologna","description":"Se cercate un Hotel ad Abano che abbia Wi-Fi gratuito, l\u2019Hotel Terme Bologna \u00e8 adatto alle vostre esigenze. Scopri le piscine, l'immenso giardino e il centro benessere!","robots":{"index":"index","follow":"follow","max-snippet":"max-snippet:-1","max-image-preview":"max-image-preview:large","max-video-preview":"max-video-preview:-1"},"canonical":"https:\/\/www.hoteltermebologna.com\/it\/hotel-abano-con-wi-fi\/","og_locale":"it_IT","og_type":"article","og_title":"Hotel Abano con Wi-Fi - Hotel Terme Bologna","og_description":"Se cercate un Hotel ad Abano che abbia Wi-Fi gratuito, l\u2019Hotel Terme Bologna \u00e8 adatto alle vostre esigenze. Scopri le piscine, l'immenso giardino e il centro benessere!","og_url":"https:\/\/www.hoteltermebologna.com\/it\/hotel-abano-con-wi-fi\/","og_site_name":"Hotel Terme Bologna","article_modified_time":"2021-12-21T15:13:07+00:00","og_image":[{"width":1200,"height":800,"url":"https:\/\/www.hoteltermebologna.com\/wp-content\/uploads\/2021\/12\/hotel-terme-bologna-giugno2019-47.jpg","type":"image\/jpeg"}],"twitter_card":"summary_large_image","twitter_misc":{"Tempo di lettura stimato":"4 minuti"},"schema":{"@context":"https:\/\/schema.org","@graph":[{"@type":"WebPage","@id":"https:\/\/www.hoteltermebologna.com\/it\/hotel-abano-con-wi-fi\/","url":"https:\/\/www.hoteltermebologna.com\/it\/hotel-abano-con-wi-fi\/","name":"Hotel Abano con Wi-Fi - Hotel Terme Bologna","isPartOf":{"@id":"https:\/\/www.hoteltermebologna.com\/it\/#website"},"primaryImageOfPage":{"@id":"https:\/\/www.hoteltermebologna.com\/it\/hotel-abano-con-wi-fi\/#primaryimage"},"image":{"@id":"https:\/\/www.hoteltermebologna.com\/it\/hotel-abano-con-wi-fi\/#primaryimage"},"thumbnailUrl":"https:\/\/www.hoteltermebologna.com\/wp-content\/uploads\/2021\/12\/hotel-terme-bologna-giugno2019-47.jpg","datePublished":"2021-12-09T15:35:54+00:00","dateModified":"2021-12-21T15:13:07+00:00","description":"Se cercate un Hotel ad Abano che abbia Wi-Fi gratuito, l\u2019Hotel Terme Bologna \u00e8 adatto alle vostre esigenze. Scopri le piscine, l'immenso giardino e il centro benessere!","breadcrumb":{"@id":"https:\/\/www.hoteltermebologna.com\/it\/hotel-abano-con-wi-fi\/#breadcrumb"},"inLanguage":"it-IT","potentialAction":[{"@type":"ReadAction","target":["https:\/\/www.hoteltermebologna.com\/it\/hotel-abano-con-wi-fi\/"]}]},{"@type":"ImageObject","inLanguage":"it-IT","@id":"https:\/\/www.hoteltermebologna.com\/it\/hotel-abano-con-wi-fi\/#primaryimage","url":"https:\/\/www.hoteltermebologna.com\/wp-content\/uploads\/2021\/12\/hotel-terme-bologna-giugno2019-47.jpg","contentUrl":"https:\/\/www.hoteltermebologna.com\/wp-content\/uploads\/2021\/12\/hotel-terme-bologna-giugno2019-47.jpg","width":1200,"height":800},{"@type":"BreadcrumbList","@id":"https:\/\/www.hoteltermebologna.com\/it\/hotel-abano-con-wi-fi\/#breadcrumb","itemListElement":[{"@type":"ListItem","position":1,"name":"Home","item":"https:\/\/www.hoteltermebologna.com\/it\/"},{"@type":"ListItem","position":2,"name":"Hotel Abano con Wi-Fi"}]},{"@type":"WebSite","@id":"https:\/\/www.hoteltermebologna.com\/it\/#website","url":"https:\/\/www.hoteltermebologna.com\/it\/","name":"Hotel Terme Bologna","description":"Abano Terme","publisher":{"@id":"https:\/\/www.hoteltermebologna.com\/it\/#organization"},"potentialAction":[{"@type":"SearchAction","target":{"@type":"EntryPoint","urlTemplate":"https:\/\/www.hoteltermebologna.com\/it\/?s={search_term_string}"},"query-input":{"@type":"PropertyValueSpecification","valueRequired":true,"valueName":"search_term_string"}}],"inLanguage":"it-IT"},{"@type":"Organization","@id":"https:\/\/www.hoteltermebologna.com\/it\/#organization","name":"Hotel Terme Bologna","url":"https:\/\/www.hoteltermebologna.com\/it\/","logo":{"@type":"ImageObject","inLanguage":"it-IT","@id":"https:\/\/www.hoteltermebologna.com\/it\/#\/schema\/logo\/image\/","url":"https:\/\/www.hoteltermebologna.com\/wp-content\/uploads\/2021\/12\/logo-terme-bologna.png","contentUrl":"https:\/\/www.hoteltermebologna.com\/wp-content\/uploads\/2021\/12\/logo-terme-bologna.png","width":205,"height":147,"caption":"Hotel Terme Bologna"},"image":{"@id":"https:\/\/www.hoteltermebologna.com\/it\/#\/schema\/logo\/image\/"}}]}},"coauthors":[],"author_meta":{"author_link":"https:\/\/www.hoteltermebologna.com\/it\/author\/h0t3-m1l\/","display_name":"h0t3-m1l"},"relative_dates":{"created":"Pubblicato 4 anni fa","modified":"Aggiornato 4 anni fa"},"absolute_dates":{"created":"Pubblicato il Dicembre 9, 2021","modified":"Aggiornato il Dicembre 21, 2021"},"absolute_dates_time":{"created":"Pubblicato il Dicembre 9, 2021 4:35 pm","modified":"Aggiornato il Dicembre 21, 2021 4:13 pm"},"featured_img_caption":"","featured_img":"https:\/\/www.hoteltermebologna.com\/wp-content\/uploads\/2021\/12\/hotel-terme-bologna-giugno2019-47.jpg","series_order":"","_links":{"self":[{"href":"https:\/\/www.hoteltermebologna.com\/it\/wp-json\/wp\/v2\/pages\/3655","targetHints":{"allow":["GET"]}}],"collection":[{"href":"https:\/\/www.hoteltermebologna.com\/it\/wp-json\/wp\/v2\/pages"}],"about":[{"href":"https:\/\/www.hoteltermebologna.com\/it\/wp-json\/wp\/v2\/types\/page"}],"author":[{"embeddable":true,"href":"https:\/\/www.hoteltermebologna.com\/it\/wp-json\/wp\/v2\/users\/1"}],"replies":[{"embeddable":true,"href":"https:\/\/www.hoteltermebologna.com\/it\/wp-json\/wp\/v2\/comments?post=3655"}],"version-history":[{"count":6,"href":"https:\/\/www.hoteltermebologna.com\/it\/wp-json\/wp\/v2\/pages\/3655\/revisions"}],"predecessor-version":[{"id":4867,"href":"https:\/\/www.hoteltermebologna.com\/it\/wp-json\/wp\/v2\/pages\/3655\/revisions\/4867"}],"wp:featuredmedia":[{"embeddable":true,"href":"https:\/\/www.hoteltermebologna.com\/it\/wp-json\/wp\/v2\/media\/3656"}],"wp:attachment":[{"href":"https:\/\/www.hoteltermebologna.com\/it\/wp-json\/wp\/v2\/media?parent=3655"}],"curies":[{"name":"wp","href":"https:\/\/api.w.org\/{rel}","templated":true}]}}