{"id":4298,"date":"2021-12-10T12:53:30","date_gmt":"2021-12-10T11:53:30","guid":{"rendered":"https:\/\/www.hoteltermebologna.com\/?page_id=4298"},"modified":"2021-12-10T12:53:32","modified_gmt":"2021-12-10T11:53:32","slug":"orari-bus-e-treni","status":"publish","type":"page","link":"https:\/\/www.hoteltermebologna.com\/it\/orari-bus-e-treni\/","title":{"rendered":"Orari bus e treni"},"content":{"rendered":"<div  class=\"grids-section grids-is-advanced alignfull\" style=\"--_gs-gap-desktop:0px 0px;--_gs-m-desktop:0 0 0 0;--_gs-p-desktop:0 0 0 0;--_gs-bg-desktop:transparent none;--_gs-bg-xp-desktop:0px;--_gs-zi-desktop:auto;--_gs-d-desktop:block;--_gs-mw-desktop:calc(100% - 0 - 0);--_gs-gap-tablet:0px 0px;--_gs-m-tablet:0 0 0 0;--_gs-p-tablet:0 0 0 0;--_gs-bg-tablet:transparent none;--_gs-bg-xp-tablet:0px;--_gs-zi-tablet:auto;--_gs-d-tablet:block;--_gs-mw-tablet:calc(100% - 0 - 0);--_gs-gap-mobile:0px 0px;--_gs-m-mobile:0 0 0 0;--_gs-p-mobile:0 0 0 0;--_gs-bg-mobile:transparent none;--_gs-bg-xp-mobile:0px;--_gs-zi-mobile:auto;--_gs-d-mobile:block;--_gs-mw-mobile:calc(100% - 0 - 0);--_gs-columns:12;--_gs-rows:6\"><div class=\"grids-s-w_i\">\n<div class=\"grids-area\" style=\"--_ga-column:2\/12;--_ga-row:1\/7;--_ga-m-desktop:0 0 0 0;--_ga-p-desktop:0 0 0 0;--_ga-bg-desktop:transparent none;--_ga-zi-desktop:auto;--_ga-d-desktop:flex;--_ga-mw-desktop:calc(100% - 0 - 0);--_ga-m-tablet:0 0 0 0;--_ga-p-tablet:0 0 0 0;--_ga-bg-tablet:transparent none;--_ga-zi-tablet:auto;--_ga-d-tablet:flex;--_ga-mw-tablet:calc(100% - 0 - 0);--_ga-m-mobile:0 0 0 0;--_ga-p-mobile:0 0 0 0;--_ga-bg-mobile:transparent none;--_ga-zi-mobile:auto;--_ga-d-mobile:flex;--_ga-mw-mobile:calc(100% - 0 - 0)\">\n\n<h2 class=\"wp-block-heading\"><strong>ORARI BUS<\/strong><\/h2>\n\n\n\n<p>Le\u00a0<strong>partenze da Abano per Padova\/Ferrovia\u00a0 e viceversa<\/strong>, avvengono\u00a0<strong>dal luned\u00ec al sabato<\/strong>, con autobus di linea A-M-T-AT-TL,\u00a0<strong>ogni 15 minuti<\/strong>, fino alle ore 12.00. Il pomeriggio, la domenica e i Festivi, ogni 30 minuti.<br>Le linee\u00a0<strong>A-M-T-AT-TL\u00a0<\/strong>passano per Padova.\u00a0La linea\u00a0<strong>M\u00a0<\/strong>passa per Montegrotto.\u00a0Le linee\u00a0<strong>AT e T\u00a0<\/strong>per Torreglia.\u00a0La la linea\u00a0<strong>A<\/strong>\u00a0per Monteortone.<br>La strada che porta all&#8217;hotel \u00e8 a senso unico, pertanto la fermata dell&#8217;autobus per Padova \u00e8 proprio davanti, mentre quella dell&#8217;autobus che torna da Padova \u00e8 dietro l&#8217;hotel.<br><strong>Da Montegrotto partono i bus diretti a Venezia<\/strong>\u00a0Piazzale Roma e Tessera\/Aeroporto Marco Polo.\u00a0<strong>Dal luned\u00ec al sabato<\/strong>, indicativamente<strong>\u00a0alle 8.57, 9.57 e 13.57<\/strong>.<br>Per maggiori info vi consigliamo comunque di consultare il sito dell&#8217;azienda di trasporti:\u00a0<br><a href=\"https:\/\/www.fsbusitaliaveneto.it\/images\/pdf\/urbani_estate_2020\/COLLI.pdf\">https:\/\/www.fsbusitaliaveneto.it\/images\/pdf\/urbani_estate_2020\/COLLI.pdf<\/a><\/p>\n\n\n\n<h2 class=\"wp-block-heading\"><strong>ORARI TRENI<\/strong><\/h2>\n\n\n\n<p>Il primo treno\u00a0<strong>da Montegrotto verso Venezia<\/strong>,\u00a0<strong>parte\u00a0<\/strong>intorno\u00a0<strong>alle 5.00, 5.30<\/strong>; l&#8217;<strong>ultimo treno<\/strong>\u00a0verso<strong>\u00a0le 22.30<\/strong>.\u00a0\u00a0<br>Il primo treno\u00a0<strong>da Venezia verso Montegrotto<\/strong>,\u00a0<strong>parte\u00a0<\/strong>intorno\u00a0<strong>alle 5.00, 5.30<\/strong>; l&#8217;<strong>ultimo treno<\/strong>\u00a0verso<strong>\u00a0le 21.30<\/strong>.<br>La domenica e i festivi, la frequenza varia leggermente.<br>Il prezzo di ogni tratta \u00e8 di circa 5 \u20ac.<br>La stazione ferroviaria di Montegrotto dista circa 6 km, e si raggiunge con la linea M del bus. Da qui partono i treni per Venezia, in media ogni 30\/40 minuti.\u00a0<\/p>\n\n<\/div>\n<\/div><\/div>\n\n<div  class=\"grids-section grids-is-advanced alignfull\" style=\"--_gs-gap-desktop:0px 0px;--_gs-m-desktop:0 0 0 0;--_gs-p-desktop:0 0 0 0;--_gs-bg-desktop:transparent none;--_gs-bg-xp-desktop:0px;--_gs-zi-desktop:auto;--_gs-d-desktop:block;--_gs-mw-desktop:calc(100% - 0 - 0);--_gs-gap-tablet:0px 0px;--_gs-m-tablet:0 0 0 0;--_gs-p-tablet:0 0 0 0;--_gs-bg-tablet:transparent none;--_gs-bg-xp-tablet:0px;--_gs-zi-tablet:auto;--_gs-d-tablet:block;--_gs-mw-tablet:calc(100% - 0 - 0);--_gs-gap-mobile:0px 0px;--_gs-m-mobile:0 0 0 0;--_gs-p-mobile:0 0 0 0;--_gs-bg-mobile:transparent none;--_gs-bg-xp-mobile:0px;--_gs-zi-mobile:auto;--_gs-d-mobile:block;--_gs-mw-mobile:calc(100% - 0 - 0);--_gs-columns:12;--_gs-rows:6\"><div class=\"grids-s-w_i\">\n<div class=\"grids-area\" style=\"--_ga-column:1\/14;--_ga-row:1\/8;--_ga-m-desktop:0 0 0 0;--_ga-p-desktop:0 0 0 0;--_ga-bg-desktop:transparent none;--_ga-zi-desktop:auto;--_ga-d-desktop:flex;--_ga-mw-desktop:calc(100% - 0 - 0);--_ga-m-tablet:0 0 0 0;--_ga-p-tablet:0 0 0 0;--_ga-bg-tablet:transparent none;--_ga-zi-tablet:auto;--_ga-d-tablet:flex;--_ga-mw-tablet:calc(100% - 0 - 0);--_ga-m-mobile:0 0 0 0;--_ga-p-mobile:0 0 0 0;--_ga-bg-mobile:transparent none;--_ga-zi-mobile:auto;--_ga-d-mobile:flex;--_ga-mw-mobile:calc(100% - 0 - 0)\"><\/div>\n<\/div><\/div>\n\n<div  class=\"grids-section grids-is-advanced\" style=\"--_gs-gap-desktop:0px 0px;--_gs-m-desktop:0 0 0 0;--_gs-p-desktop:0 0 0 0;--_gs-bg-desktop:transparent none;--_gs-bg-xp-desktop:0px;--_gs-zi-desktop:auto;--_gs-d-desktop:block;--_gs-mw-desktop:calc(100% - 0 - 0);--_gs-gap-tablet:0px 0px;--_gs-m-tablet:0 0 0 0;--_gs-p-tablet:0 0 0 0;--_gs-bg-tablet:transparent none;--_gs-bg-xp-tablet:0px;--_gs-zi-tablet:auto;--_gs-d-tablet:block;--_gs-mw-tablet:calc(100% - 0 - 0);--_gs-gap-mobile:0px 0px;--_gs-m-mobile:0 0 0 0;--_gs-p-mobile:0 0 0 0;--_gs-bg-mobile:transparent none;--_gs-bg-xp-mobile:0px;--_gs-zi-mobile:auto;--_gs-d-mobile:block;--_gs-mw-mobile:calc(100% - 0 - 0);--_gs-columns:12;--_gs-rows:6\"><div class=\"grids-s-w_i\">\n<div class=\"grids-area\" style=\"--_ga-column:2\/12;--_ga-row:1\/7;--_ga-m-desktop:0 0 0 0;--_ga-p-desktop:0 0 0 0;--_ga-bg-desktop:transparent none;--_ga-zi-desktop:auto;--_ga-d-desktop:flex;--_ga-mw-desktop:calc(100% - 0 - 0);--_ga-m-tablet:0 0 0 0;--_ga-p-tablet:0 0 0 0;--_ga-bg-tablet:transparent none;--_ga-zi-tablet:auto;--_ga-d-tablet:flex;--_ga-mw-tablet:calc(100% - 0 - 0);--_ga-m-mobile:0 0 0 0;--_ga-p-mobile:0 0 0 0;--_ga-bg-mobile:transparent none;--_ga-zi-mobile:auto;--_ga-d-mobile:flex;--_ga-mw-mobile:calc(100% - 0 - 0)\">\n<div  class=\"grids-section grids-is-advanced\" style=\"--_gs-gap-desktop:0px 0px;--_gs-m-desktop:0 0 0 0;--_gs-p-desktop:0 0 0 0;--_gs-bg-desktop:transparent none;--_gs-bg-xp-desktop:0px;--_gs-zi-desktop:auto;--_gs-d-desktop:block;--_gs-mw-desktop:calc(100% - 0 - 0);--_gs-gap-tablet:0px 0px;--_gs-m-tablet:0 0 0 0;--_gs-p-tablet:0 0 0 0;--_gs-bg-tablet:transparent none;--_gs-bg-xp-tablet:0px;--_gs-zi-tablet:auto;--_gs-d-tablet:block;--_gs-mw-tablet:calc(100% - 0 - 0);--_gs-gap-mobile:0px 0px;--_gs-m-mobile:0 0 0 0;--_gs-p-mobile:0 0 0 0;--_gs-bg-mobile:transparent none;--_gs-bg-xp-mobile:0px;--_gs-zi-mobile:auto;--_gs-d-mobile:block;--_gs-mw-mobile:calc(100% - 0 - 0);--_gs-columns:12;--_gs-rows:6\"><div class=\"grids-s-w_i\">\n<div class=\"grids-area\" style=\"--_ga-column:1\/14;--_ga-row:1\/8;--_ga-m-desktop:0 0 0 0;--_ga-p-desktop:0 0 0 0;--_ga-bg-desktop:transparent none;--_ga-zi-desktop:auto;--_ga-d-desktop:flex;--_ga-mw-desktop:calc(100% - 0 - 0);--_ga-m-tablet:0 0 0 0;--_ga-p-tablet:0 0 0 0;--_ga-bg-tablet:transparent none;--_ga-zi-tablet:auto;--_ga-d-tablet:flex;--_ga-mw-tablet:calc(100% - 0 - 0);--_ga-m-mobile:0 0 0 0;--_ga-p-mobile:0 0 0 0;--_ga-bg-mobile:transparent none;--_ga-zi-mobile:auto;--_ga-d-mobile:flex;--_ga-mw-mobile:calc(100% - 0 - 0)\"><\/div>\n<\/div><\/div>\n\n\n<h2 class=\"wp-block-heading\">Ti potrebbe intressare anche&#8230;<\/h2>\n\n\n\r\n    <div class=\"related-pages-container\">\r\n                                 <div class=\"single-related-page-container\">\r\n                <a href=\"https:\/\/www.hoteltermebologna.com\/it\/abano-terme\/\">\r\n                    <figure class=\"full-width\">\r\n                        <img decoding=\"async\" src=\"https:\/\/www.hoteltermebologna.com\/wp-content\/uploads\/2021\/12\/abano-parco.jpg\" \/>\r\n                    <\/figure>\r\n                <\/a>\r\n                <a href=\"https:\/\/www.hoteltermebologna.com\/it\/abano-terme\/\">\r\n                    <h3 class=\"related-page-title\">\r\n                        Abano Terme                    <\/h3>\r\n                <\/a>\r\n                <a href=\"https:\/\/www.hoteltermebologna.com\/it\/abano-terme\/\" class=\"btn btn-center\">\r\n                    Scopri di pi\u00f9                <\/a>\r\n            <\/div>\r\n                                 <div class=\"single-related-page-container\">\r\n                <a href=\"https:\/\/www.hoteltermebologna.com\/it\/padova\/\">\r\n                    <figure class=\"full-width\">\r\n                        <img decoding=\"async\" src=\"https:\/\/www.hoteltermebologna.com\/wp-content\/uploads\/2021\/12\/padua.jpg\" \/>\r\n                    <\/figure>\r\n                <\/a>\r\n                <a href=\"https:\/\/www.hoteltermebologna.com\/it\/padova\/\">\r\n                    <h3 class=\"related-page-title\">\r\n                        Padova                    <\/h3>\r\n                <\/a>\r\n                <a href=\"https:\/\/www.hoteltermebologna.com\/it\/padova\/\" class=\"btn btn-center\">\r\n                    Scopri di pi\u00f9                <\/a>\r\n            <\/div>\r\n                                 <div class=\"single-related-page-container\">\r\n                <a href=\"https:\/\/www.hoteltermebologna.com\/it\/offerte\/\">\r\n                    <figure class=\"full-width\">\r\n                        <img decoding=\"async\" src=\"https:\/\/www.hoteltermebologna.com\/wp-content\/uploads\/2021\/12\/hotel-terme-bologna-ristorante-facciata_e.jpg\" \/>\r\n                    <\/figure>\r\n                <\/a>\r\n                <a href=\"https:\/\/www.hoteltermebologna.com\/it\/offerte\/\">\r\n                    <h3 class=\"related-page-title\">\r\n                        Offerte                    <\/h3>\r\n                <\/a>\r\n                <a href=\"https:\/\/www.hoteltermebologna.com\/it\/offerte\/\" class=\"btn btn-center\">\r\n                    Scopri di pi\u00f9                <\/a>\r\n            <\/div>\r\n            <\/div>\r\n\n\n<\/div>\n<\/div><\/div>\n\n<div  class=\"grids-section logos-list-container grids-is-advanced alignfull\" style=\"--_gs-gap-desktop:0px 0px;--_gs-m-desktop:0 0 0 0;--_gs-p-desktop:0 0 0 0;--_gs-bg-desktop:transparent none;--_gs-bg-xp-desktop:0px;--_gs-zi-desktop:auto;--_gs-d-desktop:block;--_gs-mw-desktop:calc(100% - 0 - 0);--_gs-gap-tablet:0px 0px;--_gs-m-tablet:0 0 0 0;--_gs-p-tablet:0 0 0 0;--_gs-bg-tablet:transparent none;--_gs-bg-xp-tablet:0px;--_gs-zi-tablet:auto;--_gs-d-tablet:block;--_gs-mw-tablet:calc(100% - 0 - 0);--_gs-gap-mobile:0px 0px;--_gs-m-mobile:0 0 0 0;--_gs-p-mobile:0 0 0 0;--_gs-bg-mobile:transparent none;--_gs-bg-xp-mobile:0px;--_gs-zi-mobile:auto;--_gs-d-mobile:block;--_gs-mw-mobile:calc(100% - 0 - 0);--_gs-columns:12;--_gs-rows:6\"><div class=\"grids-s-w_i\">\n<div class=\"grids-area\" style=\"--_ga-column:2\/12;--_ga-row:1\/7;--_ga-m-desktop:0 0 0 0;--_ga-p-desktop:0 0 0 0;--_ga-bg-desktop:transparent none;--_ga-zi-desktop:auto;--_ga-d-desktop:flex;--_ga-mw-desktop:calc(100% - 0 - 0);--_ga-m-tablet:0 0 0 0;--_ga-p-tablet:0 0 0 0;--_ga-bg-tablet:transparent none;--_ga-zi-tablet:auto;--_ga-d-tablet:flex;--_ga-mw-tablet:calc(100% - 0 - 0);--_ga-m-mobile:0 0 0 0;--_ga-p-mobile:0 0 0 0;--_ga-bg-mobile:transparent none;--_ga-zi-mobile:auto;--_ga-d-mobile:flex;--_ga-mw-mobile:calc(100% - 0 - 0)\">\n\n<figure class=\"wp-block-image size-full\"><a href=\"https:\/\/www.hoteltermemilano.com\/\" target=\"_blank\" rel=\"noopener\"><img loading=\"lazy\" decoding=\"async\" width=\"85\" height=\"50\" src=\"https:\/\/www.hoteltermebologna.com\/wp-content\/uploads\/2021\/12\/logo-milano.png\" alt=\"\" class=\"wp-image-3188\"\/><\/a><\/figure>\n\n\n\n<figure class=\"wp-block-image size-full\"><a href=\"https:\/\/www.hotelveniceresort.com\/\" target=\"_blank\" rel=\"noopener\"><img loading=\"lazy\" decoding=\"async\" width=\"76\" height=\"49\" src=\"https:\/\/www.hoteltermebologna.com\/wp-content\/uploads\/2021\/10\/veniceresort.png\" alt=\"\" class=\"wp-image-795\"\/><\/a><\/figure>\n\n\n\n<figure class=\"wp-block-image size-full\"><img loading=\"lazy\" decoding=\"async\" width=\"70\" height=\"51\" src=\"https:\/\/www.hoteltermebologna.com\/wp-content\/uploads\/2021\/12\/ospitalita-lnk.jpg\" alt=\"\" class=\"wp-image-3191\"\/><\/figure>\n\n\n\n<figure class=\"wp-block-image size-full\"><img loading=\"lazy\" decoding=\"async\" width=\"73\" height=\"61\" src=\"https:\/\/www.hoteltermebologna.com\/wp-content\/uploads\/2021\/10\/teatro-lnk-1.jpg\" alt=\"\" class=\"wp-image-399\"\/><\/figure>\n\n\n\n<figure class=\"wp-block-image size-full\"><img loading=\"lazy\" decoding=\"async\" width=\"130\" height=\"60\" src=\"https:\/\/www.hoteltermebologna.com\/wp-content\/uploads\/2021\/10\/veneto-golf-hill-1.png\" alt=\"\" class=\"wp-image-397\"\/><\/figure>\n\n<\/div>\n<\/div><\/div>","protected":false},"excerpt":{"rendered":"","protected":false},"author":1,"featured_media":4301,"parent":0,"menu_order":0,"comment_status":"closed","ping_status":"closed","template":"","meta":{"_acf_changed":false,"advgb_blocks_editor_width":"","advgb_blocks_columns_visual_guide":"","footnotes":""},"class_list":["post-4298","page","type-page","status-publish","has-post-thumbnail","hentry","entry"],"acf":[],"yoast_head":"<!-- This site is optimized with the Yoast SEO plugin v25.7 - https:\/\/yoast.com\/wordpress\/plugins\/seo\/ -->\n<title>Orari bus e treni - Hotel Terme Bologna<\/title>\n<meta name=\"description\" content=\"Le\u00a0partenze da Abano per Padova\/Ferrovia\u00a0 e viceversa, avvengono\u00a0dal luned\u00ec al sabato, con autobus di linea A-M-T-AT-TL,\u00a0ogni 15 minuti, fino alle ore 12.00. Il pomeriggio, la domenica e i Festivi, ogni 30 minuti.\" \/>\n<meta name=\"robots\" content=\"index, follow, max-snippet:-1, max-image-preview:large, max-video-preview:-1\" \/>\n<link rel=\"canonical\" href=\"https:\/\/www.hoteltermebologna.com\/it\/orari-bus-e-treni\/\" \/>\n<meta property=\"og:locale\" content=\"it_IT\" \/>\n<meta property=\"og:type\" content=\"article\" \/>\n<meta property=\"og:title\" content=\"Orari bus e treni - Hotel Terme Bologna\" \/>\n<meta property=\"og:description\" content=\"Le\u00a0partenze da Abano per Padova\/Ferrovia\u00a0 e viceversa, avvengono\u00a0dal luned\u00ec al sabato, con autobus di linea A-M-T-AT-TL,\u00a0ogni 15 minuti, fino alle ore 12.00. Il pomeriggio, la domenica e i Festivi, ogni 30 minuti.\" \/>\n<meta property=\"og:url\" content=\"https:\/\/www.hoteltermebologna.com\/it\/orari-bus-e-treni\/\" \/>\n<meta property=\"og:site_name\" content=\"Hotel Terme Bologna\" \/>\n<meta property=\"article:modified_time\" content=\"2021-12-10T11:53:32+00:00\" \/>\n<meta property=\"og:image\" content=\"https:\/\/www.hoteltermebologna.com\/wp-content\/uploads\/2021\/12\/orari-bus.jpg\" \/>\n\t<meta property=\"og:image:width\" content=\"1200\" \/>\n\t<meta property=\"og:image:height\" content=\"800\" \/>\n\t<meta property=\"og:image:type\" content=\"image\/jpeg\" \/>\n<meta name=\"twitter:card\" content=\"summary_large_image\" \/>\n<meta name=\"twitter:label1\" content=\"Tempo di lettura stimato\" \/>\n\t<meta name=\"twitter:data1\" content=\"2 minuti\" \/>\n<script type=\"application\/ld+json\" class=\"yoast-schema-graph\">{\"@context\":\"https:\/\/schema.org\",\"@graph\":[{\"@type\":\"WebPage\",\"@id\":\"https:\/\/www.hoteltermebologna.com\/it\/orari-bus-e-treni\/\",\"url\":\"https:\/\/www.hoteltermebologna.com\/it\/orari-bus-e-treni\/\",\"name\":\"Orari bus e treni - Hotel Terme Bologna\",\"isPartOf\":{\"@id\":\"https:\/\/www.hoteltermebologna.com\/it\/#website\"},\"primaryImageOfPage\":{\"@id\":\"https:\/\/www.hoteltermebologna.com\/it\/orari-bus-e-treni\/#primaryimage\"},\"image\":{\"@id\":\"https:\/\/www.hoteltermebologna.com\/it\/orari-bus-e-treni\/#primaryimage\"},\"thumbnailUrl\":\"https:\/\/www.hoteltermebologna.com\/wp-content\/uploads\/2021\/12\/orari-bus.jpg\",\"datePublished\":\"2021-12-10T11:53:30+00:00\",\"dateModified\":\"2021-12-10T11:53:32+00:00\",\"description\":\"Le\u00a0partenze da Abano per Padova\/Ferrovia\u00a0 e viceversa, avvengono\u00a0dal luned\u00ec al sabato, con autobus di linea A-M-T-AT-TL,\u00a0ogni 15 minuti, fino alle ore 12.00. Il pomeriggio, la domenica e i Festivi, ogni 30 minuti.\",\"breadcrumb\":{\"@id\":\"https:\/\/www.hoteltermebologna.com\/it\/orari-bus-e-treni\/#breadcrumb\"},\"inLanguage\":\"it-IT\",\"potentialAction\":[{\"@type\":\"ReadAction\",\"target\":[\"https:\/\/www.hoteltermebologna.com\/it\/orari-bus-e-treni\/\"]}]},{\"@type\":\"ImageObject\",\"inLanguage\":\"it-IT\",\"@id\":\"https:\/\/www.hoteltermebologna.com\/it\/orari-bus-e-treni\/#primaryimage\",\"url\":\"https:\/\/www.hoteltermebologna.com\/wp-content\/uploads\/2021\/12\/orari-bus.jpg\",\"contentUrl\":\"https:\/\/www.hoteltermebologna.com\/wp-content\/uploads\/2021\/12\/orari-bus.jpg\",\"width\":1200,\"height\":800,\"caption\":\"New autobuses standing on the territory of airport, being ready for transportation of passengers\"},{\"@type\":\"BreadcrumbList\",\"@id\":\"https:\/\/www.hoteltermebologna.com\/it\/orari-bus-e-treni\/#breadcrumb\",\"itemListElement\":[{\"@type\":\"ListItem\",\"position\":1,\"name\":\"Home\",\"item\":\"https:\/\/www.hoteltermebologna.com\/it\/\"},{\"@type\":\"ListItem\",\"position\":2,\"name\":\"Orari bus e treni\"}]},{\"@type\":\"WebSite\",\"@id\":\"https:\/\/www.hoteltermebologna.com\/it\/#website\",\"url\":\"https:\/\/www.hoteltermebologna.com\/it\/\",\"name\":\"Hotel Terme Bologna\",\"description\":\"Abano Terme\",\"publisher\":{\"@id\":\"https:\/\/www.hoteltermebologna.com\/it\/#organization\"},\"potentialAction\":[{\"@type\":\"SearchAction\",\"target\":{\"@type\":\"EntryPoint\",\"urlTemplate\":\"https:\/\/www.hoteltermebologna.com\/it\/?s={search_term_string}\"},\"query-input\":{\"@type\":\"PropertyValueSpecification\",\"valueRequired\":true,\"valueName\":\"search_term_string\"}}],\"inLanguage\":\"it-IT\"},{\"@type\":\"Organization\",\"@id\":\"https:\/\/www.hoteltermebologna.com\/it\/#organization\",\"name\":\"Hotel Terme Bologna\",\"url\":\"https:\/\/www.hoteltermebologna.com\/it\/\",\"logo\":{\"@type\":\"ImageObject\",\"inLanguage\":\"it-IT\",\"@id\":\"https:\/\/www.hoteltermebologna.com\/it\/#\/schema\/logo\/image\/\",\"url\":\"https:\/\/www.hoteltermebologna.com\/wp-content\/uploads\/2021\/12\/logo-terme-bologna.png\",\"contentUrl\":\"https:\/\/www.hoteltermebologna.com\/wp-content\/uploads\/2021\/12\/logo-terme-bologna.png\",\"width\":205,\"height\":147,\"caption\":\"Hotel Terme Bologna\"},\"image\":{\"@id\":\"https:\/\/www.hoteltermebologna.com\/it\/#\/schema\/logo\/image\/\"}}]}<\/script>\n<!-- \/ Yoast SEO plugin. -->","yoast_head_json":{"title":"Orari bus e treni - Hotel Terme Bologna","description":"Le\u00a0partenze da Abano per Padova\/Ferrovia\u00a0 e viceversa, avvengono\u00a0dal luned\u00ec al sabato, con autobus di linea A-M-T-AT-TL,\u00a0ogni 15 minuti, fino alle ore 12.00. Il pomeriggio, la domenica e i Festivi, ogni 30 minuti.","robots":{"index":"index","follow":"follow","max-snippet":"max-snippet:-1","max-image-preview":"max-image-preview:large","max-video-preview":"max-video-preview:-1"},"canonical":"https:\/\/www.hoteltermebologna.com\/it\/orari-bus-e-treni\/","og_locale":"it_IT","og_type":"article","og_title":"Orari bus e treni - Hotel Terme Bologna","og_description":"Le\u00a0partenze da Abano per Padova\/Ferrovia\u00a0 e viceversa, avvengono\u00a0dal luned\u00ec al sabato, con autobus di linea A-M-T-AT-TL,\u00a0ogni 15 minuti, fino alle ore 12.00. Il pomeriggio, la domenica e i Festivi, ogni 30 minuti.","og_url":"https:\/\/www.hoteltermebologna.com\/it\/orari-bus-e-treni\/","og_site_name":"Hotel Terme Bologna","article_modified_time":"2021-12-10T11:53:32+00:00","og_image":[{"width":1200,"height":800,"url":"https:\/\/www.hoteltermebologna.com\/wp-content\/uploads\/2021\/12\/orari-bus.jpg","type":"image\/jpeg"}],"twitter_card":"summary_large_image","twitter_misc":{"Tempo di lettura stimato":"2 minuti"},"schema":{"@context":"https:\/\/schema.org","@graph":[{"@type":"WebPage","@id":"https:\/\/www.hoteltermebologna.com\/it\/orari-bus-e-treni\/","url":"https:\/\/www.hoteltermebologna.com\/it\/orari-bus-e-treni\/","name":"Orari bus e treni - Hotel Terme Bologna","isPartOf":{"@id":"https:\/\/www.hoteltermebologna.com\/it\/#website"},"primaryImageOfPage":{"@id":"https:\/\/www.hoteltermebologna.com\/it\/orari-bus-e-treni\/#primaryimage"},"image":{"@id":"https:\/\/www.hoteltermebologna.com\/it\/orari-bus-e-treni\/#primaryimage"},"thumbnailUrl":"https:\/\/www.hoteltermebologna.com\/wp-content\/uploads\/2021\/12\/orari-bus.jpg","datePublished":"2021-12-10T11:53:30+00:00","dateModified":"2021-12-10T11:53:32+00:00","description":"Le\u00a0partenze da Abano per Padova\/Ferrovia\u00a0 e viceversa, avvengono\u00a0dal luned\u00ec al sabato, con autobus di linea A-M-T-AT-TL,\u00a0ogni 15 minuti, fino alle ore 12.00. Il pomeriggio, la domenica e i Festivi, ogni 30 minuti.","breadcrumb":{"@id":"https:\/\/www.hoteltermebologna.com\/it\/orari-bus-e-treni\/#breadcrumb"},"inLanguage":"it-IT","potentialAction":[{"@type":"ReadAction","target":["https:\/\/www.hoteltermebologna.com\/it\/orari-bus-e-treni\/"]}]},{"@type":"ImageObject","inLanguage":"it-IT","@id":"https:\/\/www.hoteltermebologna.com\/it\/orari-bus-e-treni\/#primaryimage","url":"https:\/\/www.hoteltermebologna.com\/wp-content\/uploads\/2021\/12\/orari-bus.jpg","contentUrl":"https:\/\/www.hoteltermebologna.com\/wp-content\/uploads\/2021\/12\/orari-bus.jpg","width":1200,"height":800,"caption":"New autobuses standing on the territory of airport, being ready for transportation of passengers"},{"@type":"BreadcrumbList","@id":"https:\/\/www.hoteltermebologna.com\/it\/orari-bus-e-treni\/#breadcrumb","itemListElement":[{"@type":"ListItem","position":1,"name":"Home","item":"https:\/\/www.hoteltermebologna.com\/it\/"},{"@type":"ListItem","position":2,"name":"Orari bus e treni"}]},{"@type":"WebSite","@id":"https:\/\/www.hoteltermebologna.com\/it\/#website","url":"https:\/\/www.hoteltermebologna.com\/it\/","name":"Hotel Terme Bologna","description":"Abano Terme","publisher":{"@id":"https:\/\/www.hoteltermebologna.com\/it\/#organization"},"potentialAction":[{"@type":"SearchAction","target":{"@type":"EntryPoint","urlTemplate":"https:\/\/www.hoteltermebologna.com\/it\/?s={search_term_string}"},"query-input":{"@type":"PropertyValueSpecification","valueRequired":true,"valueName":"search_term_string"}}],"inLanguage":"it-IT"},{"@type":"Organization","@id":"https:\/\/www.hoteltermebologna.com\/it\/#organization","name":"Hotel Terme Bologna","url":"https:\/\/www.hoteltermebologna.com\/it\/","logo":{"@type":"ImageObject","inLanguage":"it-IT","@id":"https:\/\/www.hoteltermebologna.com\/it\/#\/schema\/logo\/image\/","url":"https:\/\/www.hoteltermebologna.com\/wp-content\/uploads\/2021\/12\/logo-terme-bologna.png","contentUrl":"https:\/\/www.hoteltermebologna.com\/wp-content\/uploads\/2021\/12\/logo-terme-bologna.png","width":205,"height":147,"caption":"Hotel Terme Bologna"},"image":{"@id":"https:\/\/www.hoteltermebologna.com\/it\/#\/schema\/logo\/image\/"}}]}},"coauthors":[],"author_meta":{"author_link":"https:\/\/www.hoteltermebologna.com\/it\/author\/h0t3-m1l\/","display_name":"h0t3-m1l"},"relative_dates":{"created":"Pubblicato 4 anni fa","modified":"Aggiornato 4 anni fa"},"absolute_dates":{"created":"Pubblicato il Dicembre 10, 2021","modified":"Aggiornato il Dicembre 10, 2021"},"absolute_dates_time":{"created":"Pubblicato il Dicembre 10, 2021 12:53 pm","modified":"Aggiornato il Dicembre 10, 2021 12:53 pm"},"featured_img_caption":"New autobuses standing on the territory of airport, being ready for transportation of passengers","featured_img":"https:\/\/www.hoteltermebologna.com\/wp-content\/uploads\/2021\/12\/orari-bus.jpg","series_order":"","_links":{"self":[{"href":"https:\/\/www.hoteltermebologna.com\/it\/wp-json\/wp\/v2\/pages\/4298","targetHints":{"allow":["GET"]}}],"collection":[{"href":"https:\/\/www.hoteltermebologna.com\/it\/wp-json\/wp\/v2\/pages"}],"about":[{"href":"https:\/\/www.hoteltermebologna.com\/it\/wp-json\/wp\/v2\/types\/page"}],"author":[{"embeddable":true,"href":"https:\/\/www.hoteltermebologna.com\/it\/wp-json\/wp\/v2\/users\/1"}],"replies":[{"embeddable":true,"href":"https:\/\/www.hoteltermebologna.com\/it\/wp-json\/wp\/v2\/comments?post=4298"}],"version-history":[{"count":3,"href":"https:\/\/www.hoteltermebologna.com\/it\/wp-json\/wp\/v2\/pages\/4298\/revisions"}],"predecessor-version":[{"id":4310,"href":"https:\/\/www.hoteltermebologna.com\/it\/wp-json\/wp\/v2\/pages\/4298\/revisions\/4310"}],"wp:featuredmedia":[{"embeddable":true,"href":"https:\/\/www.hoteltermebologna.com\/it\/wp-json\/wp\/v2\/media\/4301"}],"wp:attachment":[{"href":"https:\/\/www.hoteltermebologna.com\/it\/wp-json\/wp\/v2\/media?parent=4298"}],"curies":[{"name":"wp","href":"https:\/\/api.w.org\/{rel}","templated":true}]}}