{"id":4389,"date":"2021-12-10T14:58:25","date_gmt":"2021-12-10T13:58:25","guid":{"rendered":"https:\/\/www.hoteltermebologna.com\/?page_id=4389"},"modified":"2021-12-14T10:36:14","modified_gmt":"2021-12-14T09:36:14","slug":"riabilitazione-in-acqua-termale","status":"publish","type":"page","link":"https:\/\/www.hoteltermebologna.com\/it\/riabilitazione-in-acqua-termale\/","title":{"rendered":"Riabilitazione in acqua termale"},"content":{"rendered":"<div  class=\"grids-section grids-is-advanced alignfull\" style=\"--_gs-gap-desktop:0px 0px;--_gs-m-desktop:0 0 0 0;--_gs-p-desktop:0 0 0 0;--_gs-bg-desktop:transparent none;--_gs-bg-xp-desktop:0px;--_gs-zi-desktop:auto;--_gs-d-desktop:block;--_gs-mw-desktop:calc(100% - 0 - 0);--_gs-gap-tablet:0px 0px;--_gs-m-tablet:0 0 0 0;--_gs-p-tablet:0 0 0 0;--_gs-bg-tablet:transparent none;--_gs-bg-xp-tablet:0px;--_gs-zi-tablet:auto;--_gs-d-tablet:block;--_gs-mw-tablet:calc(100% - 0 - 0);--_gs-gap-mobile:0px 0px;--_gs-m-mobile:0 0 0 0;--_gs-p-mobile:0 0 0 0;--_gs-bg-mobile:transparent none;--_gs-bg-xp-mobile:0px;--_gs-zi-mobile:auto;--_gs-d-mobile:block;--_gs-mw-mobile:calc(100% - 0 - 0);--_gs-columns:12;--_gs-rows:6\"><div class=\"grids-s-w_i\">\n<div class=\"grids-area\" style=\"--_ga-column:2\/12;--_ga-row:1\/2;--_ga-m-desktop:0 0 0 0;--_ga-p-desktop:0 0 0 0;--_ga-bg-desktop:transparent none;--_ga-zi-desktop:auto;--_ga-d-desktop:flex;--_ga-mw-desktop:calc(100% - 0 - 0);--_ga-m-tablet:0 0 0 0;--_ga-p-tablet:0 0 0 0;--_ga-bg-tablet:transparent none;--_ga-zi-tablet:auto;--_ga-d-tablet:flex;--_ga-mw-tablet:calc(100% - 0 - 0);--_ga-m-mobile:0 0 0 0;--_ga-p-mobile:0 0 0 0;--_ga-bg-mobile:transparent none;--_ga-zi-mobile:auto;--_ga-d-mobile:flex;--_ga-mw-mobile:calc(100% - 0 - 0)\">\n\n<h2 class=\"wp-block-heading\">Indicazioni, benefici e strutture per la riabilitazione in acqua termale ad Abano<\/h2>\n\n<\/div>\n\n<div class=\"grids-area\" style=\"--_ga-column:2\/12;--_ga-row:2\/7;--_ga-m-desktop:0 0 0 0;--_ga-p-desktop:0 0 0 0;--_ga-bg-desktop:transparent none;--_ga-zi-desktop:auto;--_ga-d-desktop:flex;--_ga-mw-desktop:calc(100% - 0 - 0);--_ga-m-tablet:0 0 0 0;--_ga-p-tablet:0 0 0 0;--_ga-bg-tablet:transparent none;--_ga-zi-tablet:auto;--_ga-d-tablet:flex;--_ga-mw-tablet:calc(100% - 0 - 0);--_ga-m-mobile:0 0 0 0;--_ga-p-mobile:0 0 0 0;--_ga-bg-mobile:transparent none;--_ga-zi-mobile:auto;--_ga-d-mobile:flex;--_ga-mw-mobile:calc(100% - 0 - 0)\">\n\n<p>L\u2019idrokinesiterapia, pi\u00f9 comunemente conosciuta come&nbsp;<strong>fisioterapia in acqua termale<\/strong>, \u00e8 una terapia di riabilitazione che sfrutta l\u2019unione dei benefici dell\u2019acqua termale a quelli dell\u2019esercizio fisico.<\/p>\n\n\n\n<p>La&nbsp;<strong>riabilitazione in acqua termale ad Abano<\/strong>&nbsp;\u00e8 particolarmente indicata per i soggetti che provano difficolt\u00e0 o dolore nel muoversi a terra a causa di disturbi articolari o neurologici, per chi presenta un ridotto tono e trofismo muscolare in seguito a traumi o interventi, per il recupero funzionale e articolare in presenza di patologie croniche e acute. Viene praticata, inoltre, per la prevenzione di infortuni.<\/p>\n\n<\/div>\n<\/div><\/div>\n\n<div  class=\"grids-section grids-is-advanced\" style=\"--_gs-gap-desktop:0px 0px;--_gs-m-desktop:0 0 0 0;--_gs-p-desktop:0 0 0 0;--_gs-bg-desktop:transparent none;--_gs-bg-xp-desktop:0px;--_gs-zi-desktop:auto;--_gs-d-desktop:block;--_gs-mw-desktop:calc(100% - 0 - 0);--_gs-gap-tablet:0px 0px;--_gs-m-tablet:0 0 0 0;--_gs-p-tablet:0 0 0 0;--_gs-bg-tablet:transparent none;--_gs-bg-xp-tablet:0px;--_gs-zi-tablet:auto;--_gs-d-tablet:block;--_gs-mw-tablet:calc(100% - 0 - 0);--_gs-gap-mobile:0px 0px;--_gs-m-mobile:0 0 0 0;--_gs-p-mobile:0 0 0 0;--_gs-bg-mobile:transparent none;--_gs-bg-xp-mobile:0px;--_gs-zi-mobile:auto;--_gs-d-mobile:block;--_gs-mw-mobile:calc(100% - 0 - 0);--_gs-columns:12;--_gs-rows:6\"><div class=\"grids-s-w_i\">\n<div class=\"grids-area\" style=\"--_ga-column:2\/12;--_ga-row:1\/6;--_ga-m-desktop:0 0 0 0;--_ga-p-desktop:0 0 0 0;--_ga-bg-desktop:transparent none;--_ga-zi-desktop:auto;--_ga-d-desktop:flex;--_ga-mw-desktop:calc(100% - 0 - 0);--_ga-m-tablet:0 0 0 0;--_ga-p-tablet:0 0 0 0;--_ga-bg-tablet:transparent none;--_ga-zi-tablet:auto;--_ga-d-tablet:flex;--_ga-mw-tablet:calc(100% - 0 - 0);--_ga-m-mobile:0 0 0 0;--_ga-p-mobile:0 0 0 0;--_ga-bg-mobile:transparent none;--_ga-zi-mobile:auto;--_ga-d-mobile:flex;--_ga-mw-mobile:calc(100% - 0 - 0)\">\n\r\n    <div class=\"custom-gallery-wrapper custom-gallery-wrapper-column-1\">\r\n                <span class=\"enable-fullscreen\" onclick=\"showHideFotorama('custom-gallery_1', 0);\">\r\n            <i class=\"far fa-expand\"><\/i>\r\n        <\/span>\r\n                                        <figure class=\"full-width gallery-wrapper-image gallery-wrapper-image-0\" onclick=\"showHideFotorama('custom-gallery_1', 0);\">\r\n                <img decoding=\"async\" class=\"gallery-wrapper-image-small\" src=\"https:\/\/www.hoteltermebologna.com\/wp-content\/uploads\/2021\/12\/hotel-terme-bologna-piscina-2.jpg\">\r\n            <\/figure>\r\n                        <\/div>\r\n\r\n    <div style=\"width:1px;height:1px;position:absolute;\" name=\"fotorama\" id=\"custom-gallery_1\" class=\"fotorama\" data-width=\"100%\"  data-nav=\"thumbs\"  data-allowfullscreen=\"true\" >\r\n                    <img decoding=\"async\" src=\"https:\/\/www.hoteltermebologna.com\/wp-content\/uploads\/2021\/12\/hotel-terme-bologna-piscina-2.jpg\" class=\"attachment-full skip-lazy\" \/>\r\n            <\/div>\r\n\r\n\n\n<\/div>\n<\/div><\/div>\n\n<div  class=\"grids-section grids-is-advanced alignfull\" style=\"--_gs-gap-desktop:0px 0px;--_gs-m-desktop:0 0 0 0;--_gs-p-desktop:0 0 0 0;--_gs-bg-desktop:transparent none;--_gs-bg-xp-desktop:0px;--_gs-zi-desktop:auto;--_gs-d-desktop:block;--_gs-mw-desktop:calc(100% - 0 - 0);--_gs-gap-tablet:0px 0px;--_gs-m-tablet:0 0 0 0;--_gs-p-tablet:0 0 0 0;--_gs-bg-tablet:transparent none;--_gs-bg-xp-tablet:0px;--_gs-zi-tablet:auto;--_gs-d-tablet:block;--_gs-mw-tablet:calc(100% - 0 - 0);--_gs-gap-mobile:0px 0px;--_gs-m-mobile:0 0 0 0;--_gs-p-mobile:0 0 0 0;--_gs-bg-mobile:transparent none;--_gs-bg-xp-mobile:0px;--_gs-zi-mobile:auto;--_gs-d-mobile:block;--_gs-mw-mobile:calc(100% - 0 - 0);--_gs-columns:12;--_gs-rows:6\"><div class=\"grids-s-w_i\">\n<div class=\"grids-area\" style=\"--_ga-column:2\/12;--_ga-row:1\/7;--_ga-m-desktop:0 0 0 0;--_ga-p-desktop:0 0 0 0;--_ga-bg-desktop:transparent none;--_ga-zi-desktop:auto;--_ga-d-desktop:flex;--_ga-mw-desktop:calc(100% - 0 - 0);--_ga-m-tablet:0 0 0 0;--_ga-p-tablet:0 0 0 0;--_ga-bg-tablet:transparent none;--_ga-zi-tablet:auto;--_ga-d-tablet:flex;--_ga-mw-tablet:calc(100% - 0 - 0);--_ga-m-mobile:0 0 0 0;--_ga-p-mobile:0 0 0 0;--_ga-bg-mobile:transparent none;--_ga-zi-mobile:auto;--_ga-d-mobile:flex;--_ga-mw-mobile:calc(100% - 0 - 0)\">\n\n<p>La durata della seduta pu\u00f2 variare dai 40 ai 60 minuti, a seconda delle condizioni del paziente e degli obiettivi da raggiungere, nonch\u00e9 del programma terapeutico definito. In breve tempo \u00e8 possibile ottenere ottimi risultati; grazie alle propriet\u00e0 intrinseche dell\u2019acqua termale come pressione idrostatica, temperatura tra i 32\u00b0 e i 35\u00b0 C e spinta idrostatica, il corpo del paziente \u00e8 sostenuto in posizione eretta e viene rieducato alla deambulazione con uno sforzo ridotto.<\/p>\n\n\n\n<p>La&nbsp;<strong>riabilitazione nell\u2019acqua termale di Abano<\/strong>&nbsp;si differenzia dalla ginnastica in acqua poich\u00e9 quest\u2019ultima sfrutta lo spostamento della massa d\u2019acqua per potenziare i muscoli, mentre nell\u2019<strong>idrokinesiterapia<\/strong>&nbsp;l\u2019acqua termale rende pi\u00f9 fluido il movimento, alleggerendo il corpo di quasi il 90% e consentendo di affrontare gli esercizi con un minore affaticamento.<\/p>\n\n\n\n<p>I principali&nbsp;<strong>scopi della riabilitazione in acqua termale<\/strong>&nbsp;sono:<\/p>\n\n\n\n<ul class=\"wp-block-list\"><li>la riduzione del dolore<\/li><li>la riduzione dell\u2019ipertono muscolare<\/li><li>il miglioramento della coordinazione motoria<\/li><li>la stimolazione dell\u2019equilibrio<\/li><\/ul>\n\n\n\n<p>Se hai necessit\u00e0 di praticare l\u2019<strong>idrokinesiterapia ad Abano<\/strong>, o hai necessit\u00e0 di svolgere un qualsiasi altro&nbsp;programma di fisioterapia, puoi rivolgerti all\u2019hotel Terme Bologna. La struttura dispone di un&nbsp;<strong>reparto cure termali interno<\/strong>&nbsp;e di&nbsp;<strong>2 piscine termali<\/strong>, una interna e una esterna, e collabora con operatori del settore delle cure termali, medici e specialisti. Potrai, perci\u00f2, unire le tue sedute di riabilitazione in acqua termale ad un soggiorno rilassante in un albergo a pochi metri dal centro di&nbsp;<strong>Abano<\/strong>.<\/p>\n\n<\/div>\n<\/div><\/div>\n\n<div  class=\"grids-section grids-is-advanced\" style=\"--_gs-gap-desktop:0px 0px;--_gs-m-desktop:0 0 0 0;--_gs-p-desktop:0 0 0 0;--_gs-bg-desktop:transparent none;--_gs-bg-xp-desktop:0px;--_gs-zi-desktop:auto;--_gs-d-desktop:block;--_gs-mw-desktop:calc(100% - 0 - 0);--_gs-gap-tablet:0px 0px;--_gs-m-tablet:0 0 0 0;--_gs-p-tablet:0 0 0 0;--_gs-bg-tablet:transparent none;--_gs-bg-xp-tablet:0px;--_gs-zi-tablet:auto;--_gs-d-tablet:block;--_gs-mw-tablet:calc(100% - 0 - 0);--_gs-gap-mobile:0px 0px;--_gs-m-mobile:0 0 0 0;--_gs-p-mobile:0 0 0 0;--_gs-bg-mobile:transparent none;--_gs-bg-xp-mobile:0px;--_gs-zi-mobile:auto;--_gs-d-mobile:block;--_gs-mw-mobile:calc(100% - 0 - 0);--_gs-columns:12;--_gs-rows:6\"><div class=\"grids-s-w_i\">\n<div class=\"grids-area\" style=\"--_ga-column:2\/12;--_ga-row:1\/7;--_ga-m-desktop:0 0 0 0;--_ga-p-desktop:0 0 0 0;--_ga-bg-desktop:transparent none;--_ga-zi-desktop:auto;--_ga-d-desktop:flex;--_ga-mw-desktop:calc(100% - 0 - 0);--_ga-m-tablet:0 0 0 0;--_ga-p-tablet:0 0 0 0;--_ga-bg-tablet:transparent none;--_ga-zi-tablet:auto;--_ga-d-tablet:flex;--_ga-mw-tablet:calc(100% - 0 - 0);--_ga-m-mobile:0 0 0 0;--_ga-p-mobile:0 0 0 0;--_ga-bg-mobile:transparent none;--_ga-zi-mobile:auto;--_ga-d-mobile:flex;--_ga-mw-mobile:calc(100% - 0 - 0)\">\n\n<h2 class=\"wp-block-heading\">Ti potrebbe interessare anche&#8230;<\/h2>\n\n\n\r\n    <div class=\"related-pages-container\">\r\n                                 <div class=\"single-related-page-container\">\r\n                <a href=\"https:\/\/www.hoteltermebologna.com\/it\/cure-e-trattamenti-convenzionati-asl\/\">\r\n                    <figure class=\"full-width\">\r\n                        <img decoding=\"async\" src=\"https:\/\/www.hoteltermebologna.com\/wp-content\/uploads\/2021\/12\/hotel-terme-bologna-giugno2019-9.jpg\" \/>\r\n                    <\/figure>\r\n                <\/a>\r\n                <a href=\"https:\/\/www.hoteltermebologna.com\/it\/cure-e-trattamenti-convenzionati-asl\/\">\r\n                    <h3 class=\"related-page-title\">\r\n                        Cure e trattamenti convenzionati ASL                    <\/h3>\r\n                <\/a>\r\n                <a href=\"https:\/\/www.hoteltermebologna.com\/it\/cure-e-trattamenti-convenzionati-asl\/\" class=\"btn btn-center\">\r\n                    Scopri di pi\u00f9                <\/a>\r\n            <\/div>\r\n                                 <div class=\"single-related-page-container\">\r\n                <a href=\"https:\/\/www.hoteltermebologna.com\/it\/cure-e-trattamenti-personalizzati\/\">\r\n                    <figure class=\"full-width\">\r\n                        <img decoding=\"async\" src=\"https:\/\/www.hoteltermebologna.com\/wp-content\/uploads\/2021\/12\/trattamenti-termali-curativi-banner.png\" \/>\r\n                    <\/figure>\r\n                <\/a>\r\n                <a href=\"https:\/\/www.hoteltermebologna.com\/it\/cure-e-trattamenti-personalizzati\/\">\r\n                    <h3 class=\"related-page-title\">\r\n                        Cure e trattamenti personalizzati                    <\/h3>\r\n                <\/a>\r\n                <a href=\"https:\/\/www.hoteltermebologna.com\/it\/cure-e-trattamenti-personalizzati\/\" class=\"btn btn-center\">\r\n                    Scopri di pi\u00f9                <\/a>\r\n            <\/div>\r\n                                 <div class=\"single-related-page-container\">\r\n                <a href=\"https:\/\/www.hoteltermebologna.com\/it\/offerte\/\">\r\n                    <figure class=\"full-width\">\r\n                        <img decoding=\"async\" src=\"https:\/\/www.hoteltermebologna.com\/wp-content\/uploads\/2021\/12\/hotel-terme-bologna-ristorante-facciata_e.jpg\" \/>\r\n                    <\/figure>\r\n                <\/a>\r\n                <a href=\"https:\/\/www.hoteltermebologna.com\/it\/offerte\/\">\r\n                    <h3 class=\"related-page-title\">\r\n                        Offerte                    <\/h3>\r\n                <\/a>\r\n                <a href=\"https:\/\/www.hoteltermebologna.com\/it\/offerte\/\" class=\"btn btn-center\">\r\n                    Scopri di pi\u00f9                <\/a>\r\n            <\/div>\r\n            <\/div>\r\n\n\n<\/div>\n<\/div><\/div>\n\n<div  class=\"grids-section logos-list-container grids-is-advanced alignfull\" style=\"--_gs-gap-desktop:0px 0px;--_gs-m-desktop:0 0 0 0;--_gs-p-desktop:0 0 0 0;--_gs-bg-desktop:transparent none;--_gs-bg-xp-desktop:0px;--_gs-zi-desktop:auto;--_gs-d-desktop:block;--_gs-mw-desktop:calc(100% - 0 - 0);--_gs-gap-tablet:0px 0px;--_gs-m-tablet:0 0 0 0;--_gs-p-tablet:0 0 0 0;--_gs-bg-tablet:transparent none;--_gs-bg-xp-tablet:0px;--_gs-zi-tablet:auto;--_gs-d-tablet:block;--_gs-mw-tablet:calc(100% - 0 - 0);--_gs-gap-mobile:0px 0px;--_gs-m-mobile:0 0 0 0;--_gs-p-mobile:0 0 0 0;--_gs-bg-mobile:transparent none;--_gs-bg-xp-mobile:0px;--_gs-zi-mobile:auto;--_gs-d-mobile:block;--_gs-mw-mobile:calc(100% - 0 - 0);--_gs-columns:12;--_gs-rows:6\"><div class=\"grids-s-w_i\">\n<div class=\"grids-area\" style=\"--_ga-column:2\/12;--_ga-row:1\/7;--_ga-m-desktop:0 0 0 0;--_ga-p-desktop:0 0 0 0;--_ga-bg-desktop:transparent none;--_ga-zi-desktop:auto;--_ga-d-desktop:flex;--_ga-mw-desktop:calc(100% - 0 - 0);--_ga-m-tablet:0 0 0 0;--_ga-p-tablet:0 0 0 0;--_ga-bg-tablet:transparent none;--_ga-zi-tablet:auto;--_ga-d-tablet:flex;--_ga-mw-tablet:calc(100% - 0 - 0);--_ga-m-mobile:0 0 0 0;--_ga-p-mobile:0 0 0 0;--_ga-bg-mobile:transparent none;--_ga-zi-mobile:auto;--_ga-d-mobile:flex;--_ga-mw-mobile:calc(100% - 0 - 0)\">\n\n<figure class=\"wp-block-image size-full\"><a href=\"https:\/\/www.hoteltermemilano.com\/\" target=\"_blank\" rel=\"noopener\"><img loading=\"lazy\" decoding=\"async\" width=\"85\" height=\"50\" src=\"https:\/\/www.hoteltermebologna.com\/wp-content\/uploads\/2021\/12\/logo-milano.png\" alt=\"\" class=\"wp-image-3188\"\/><\/a><\/figure>\n\n\n\n<figure class=\"wp-block-image size-full\"><a href=\"https:\/\/www.hotelveniceresort.com\/\" target=\"_blank\" rel=\"noopener\"><img loading=\"lazy\" decoding=\"async\" width=\"76\" height=\"49\" src=\"https:\/\/www.hoteltermebologna.com\/wp-content\/uploads\/2021\/10\/veniceresort.png\" alt=\"\" class=\"wp-image-795\"\/><\/a><\/figure>\n\n\n\n<figure class=\"wp-block-image size-full\"><img loading=\"lazy\" decoding=\"async\" width=\"70\" height=\"51\" src=\"https:\/\/www.hoteltermebologna.com\/wp-content\/uploads\/2021\/12\/ospitalita-lnk.jpg\" alt=\"\" class=\"wp-image-3191\"\/><\/figure>\n\n\n\n<figure class=\"wp-block-image size-full\"><img loading=\"lazy\" decoding=\"async\" width=\"73\" height=\"61\" src=\"https:\/\/www.hoteltermebologna.com\/wp-content\/uploads\/2021\/10\/teatro-lnk-1.jpg\" alt=\"\" class=\"wp-image-399\"\/><\/figure>\n\n\n\n<figure class=\"wp-block-image size-full\"><img loading=\"lazy\" decoding=\"async\" width=\"130\" height=\"60\" src=\"https:\/\/www.hoteltermebologna.com\/wp-content\/uploads\/2021\/10\/veneto-golf-hill-1.png\" alt=\"\" class=\"wp-image-397\"\/><\/figure>\n\n<\/div>\n<\/div><\/div>","protected":false},"excerpt":{"rendered":"","protected":false},"author":1,"featured_media":3587,"parent":0,"menu_order":0,"comment_status":"closed","ping_status":"closed","template":"","meta":{"_acf_changed":false,"advgb_blocks_editor_width":"","advgb_blocks_columns_visual_guide":"","footnotes":""},"class_list":["post-4389","page","type-page","status-publish","has-post-thumbnail","hentry","entry"],"acf":[],"yoast_head":"<!-- This site is optimized with the Yoast SEO plugin v25.7 - https:\/\/yoast.com\/wordpress\/plugins\/seo\/ -->\n<title>Riabilitazione in acqua termale - Hotel Terme Bologna<\/title>\n<meta name=\"description\" content=\"Le terme di Abano sono il posto ideale per tornare in forma\u00a0e pieni di energia. Prenditi cura di te e del tuo benessere all&#039;Hotel Terme Bologna!\" \/>\n<meta name=\"robots\" content=\"index, follow, max-snippet:-1, max-image-preview:large, max-video-preview:-1\" \/>\n<link rel=\"canonical\" href=\"https:\/\/www.hoteltermebologna.com\/it\/riabilitazione-in-acqua-termale\/\" \/>\n<meta property=\"og:locale\" content=\"it_IT\" \/>\n<meta property=\"og:type\" content=\"article\" \/>\n<meta property=\"og:title\" content=\"Riabilitazione in acqua termale - Hotel Terme Bologna\" \/>\n<meta property=\"og:description\" content=\"Le terme di Abano sono il posto ideale per tornare in forma\u00a0e pieni di energia. Prenditi cura di te e del tuo benessere all&#039;Hotel Terme Bologna!\" \/>\n<meta property=\"og:url\" content=\"https:\/\/www.hoteltermebologna.com\/it\/riabilitazione-in-acqua-termale\/\" \/>\n<meta property=\"og:site_name\" content=\"Hotel Terme Bologna\" \/>\n<meta property=\"article:modified_time\" content=\"2021-12-14T09:36:14+00:00\" \/>\n<meta property=\"og:image\" content=\"https:\/\/www.hoteltermebologna.com\/wp-content\/uploads\/2021\/12\/hotel-terme-bologna-piscina3.jpg\" \/>\n\t<meta property=\"og:image:width\" content=\"1200\" \/>\n\t<meta property=\"og:image:height\" content=\"800\" \/>\n\t<meta property=\"og:image:type\" content=\"image\/jpeg\" \/>\n<meta name=\"twitter:card\" content=\"summary_large_image\" \/>\n<meta name=\"twitter:label1\" content=\"Tempo di lettura stimato\" \/>\n\t<meta name=\"twitter:data1\" content=\"3 minuti\" \/>\n<script type=\"application\/ld+json\" class=\"yoast-schema-graph\">{\"@context\":\"https:\/\/schema.org\",\"@graph\":[{\"@type\":\"WebPage\",\"@id\":\"https:\/\/www.hoteltermebologna.com\/it\/riabilitazione-in-acqua-termale\/\",\"url\":\"https:\/\/www.hoteltermebologna.com\/it\/riabilitazione-in-acqua-termale\/\",\"name\":\"Riabilitazione in acqua termale - Hotel Terme Bologna\",\"isPartOf\":{\"@id\":\"https:\/\/www.hoteltermebologna.com\/it\/#website\"},\"primaryImageOfPage\":{\"@id\":\"https:\/\/www.hoteltermebologna.com\/it\/riabilitazione-in-acqua-termale\/#primaryimage\"},\"image\":{\"@id\":\"https:\/\/www.hoteltermebologna.com\/it\/riabilitazione-in-acqua-termale\/#primaryimage\"},\"thumbnailUrl\":\"https:\/\/www.hoteltermebologna.com\/wp-content\/uploads\/2021\/12\/hotel-terme-bologna-piscina3.jpg\",\"datePublished\":\"2021-12-10T13:58:25+00:00\",\"dateModified\":\"2021-12-14T09:36:14+00:00\",\"description\":\"Le terme di Abano sono il posto ideale per tornare in forma\u00a0e pieni di energia. Prenditi cura di te e del tuo benessere all'Hotel Terme Bologna!\",\"breadcrumb\":{\"@id\":\"https:\/\/www.hoteltermebologna.com\/it\/riabilitazione-in-acqua-termale\/#breadcrumb\"},\"inLanguage\":\"it-IT\",\"potentialAction\":[{\"@type\":\"ReadAction\",\"target\":[\"https:\/\/www.hoteltermebologna.com\/it\/riabilitazione-in-acqua-termale\/\"]}]},{\"@type\":\"ImageObject\",\"inLanguage\":\"it-IT\",\"@id\":\"https:\/\/www.hoteltermebologna.com\/it\/riabilitazione-in-acqua-termale\/#primaryimage\",\"url\":\"https:\/\/www.hoteltermebologna.com\/wp-content\/uploads\/2021\/12\/hotel-terme-bologna-piscina3.jpg\",\"contentUrl\":\"https:\/\/www.hoteltermebologna.com\/wp-content\/uploads\/2021\/12\/hotel-terme-bologna-piscina3.jpg\",\"width\":1200,\"height\":800},{\"@type\":\"BreadcrumbList\",\"@id\":\"https:\/\/www.hoteltermebologna.com\/it\/riabilitazione-in-acqua-termale\/#breadcrumb\",\"itemListElement\":[{\"@type\":\"ListItem\",\"position\":1,\"name\":\"Home\",\"item\":\"https:\/\/www.hoteltermebologna.com\/it\/\"},{\"@type\":\"ListItem\",\"position\":2,\"name\":\"Riabilitazione in acqua termale\"}]},{\"@type\":\"WebSite\",\"@id\":\"https:\/\/www.hoteltermebologna.com\/it\/#website\",\"url\":\"https:\/\/www.hoteltermebologna.com\/it\/\",\"name\":\"Hotel Terme Bologna\",\"description\":\"Abano Terme\",\"publisher\":{\"@id\":\"https:\/\/www.hoteltermebologna.com\/it\/#organization\"},\"potentialAction\":[{\"@type\":\"SearchAction\",\"target\":{\"@type\":\"EntryPoint\",\"urlTemplate\":\"https:\/\/www.hoteltermebologna.com\/it\/?s={search_term_string}\"},\"query-input\":{\"@type\":\"PropertyValueSpecification\",\"valueRequired\":true,\"valueName\":\"search_term_string\"}}],\"inLanguage\":\"it-IT\"},{\"@type\":\"Organization\",\"@id\":\"https:\/\/www.hoteltermebologna.com\/it\/#organization\",\"name\":\"Hotel Terme Bologna\",\"url\":\"https:\/\/www.hoteltermebologna.com\/it\/\",\"logo\":{\"@type\":\"ImageObject\",\"inLanguage\":\"it-IT\",\"@id\":\"https:\/\/www.hoteltermebologna.com\/it\/#\/schema\/logo\/image\/\",\"url\":\"https:\/\/www.hoteltermebologna.com\/wp-content\/uploads\/2021\/12\/logo-terme-bologna.png\",\"contentUrl\":\"https:\/\/www.hoteltermebologna.com\/wp-content\/uploads\/2021\/12\/logo-terme-bologna.png\",\"width\":205,\"height\":147,\"caption\":\"Hotel Terme Bologna\"},\"image\":{\"@id\":\"https:\/\/www.hoteltermebologna.com\/it\/#\/schema\/logo\/image\/\"}}]}<\/script>\n<!-- \/ Yoast SEO plugin. -->","yoast_head_json":{"title":"Riabilitazione in acqua termale - Hotel Terme Bologna","description":"Le terme di Abano sono il posto ideale per tornare in forma\u00a0e pieni di energia. Prenditi cura di te e del tuo benessere all'Hotel Terme Bologna!","robots":{"index":"index","follow":"follow","max-snippet":"max-snippet:-1","max-image-preview":"max-image-preview:large","max-video-preview":"max-video-preview:-1"},"canonical":"https:\/\/www.hoteltermebologna.com\/it\/riabilitazione-in-acqua-termale\/","og_locale":"it_IT","og_type":"article","og_title":"Riabilitazione in acqua termale - Hotel Terme Bologna","og_description":"Le terme di Abano sono il posto ideale per tornare in forma\u00a0e pieni di energia. Prenditi cura di te e del tuo benessere all'Hotel Terme Bologna!","og_url":"https:\/\/www.hoteltermebologna.com\/it\/riabilitazione-in-acqua-termale\/","og_site_name":"Hotel Terme Bologna","article_modified_time":"2021-12-14T09:36:14+00:00","og_image":[{"width":1200,"height":800,"url":"https:\/\/www.hoteltermebologna.com\/wp-content\/uploads\/2021\/12\/hotel-terme-bologna-piscina3.jpg","type":"image\/jpeg"}],"twitter_card":"summary_large_image","twitter_misc":{"Tempo di lettura stimato":"3 minuti"},"schema":{"@context":"https:\/\/schema.org","@graph":[{"@type":"WebPage","@id":"https:\/\/www.hoteltermebologna.com\/it\/riabilitazione-in-acqua-termale\/","url":"https:\/\/www.hoteltermebologna.com\/it\/riabilitazione-in-acqua-termale\/","name":"Riabilitazione in acqua termale - Hotel Terme Bologna","isPartOf":{"@id":"https:\/\/www.hoteltermebologna.com\/it\/#website"},"primaryImageOfPage":{"@id":"https:\/\/www.hoteltermebologna.com\/it\/riabilitazione-in-acqua-termale\/#primaryimage"},"image":{"@id":"https:\/\/www.hoteltermebologna.com\/it\/riabilitazione-in-acqua-termale\/#primaryimage"},"thumbnailUrl":"https:\/\/www.hoteltermebologna.com\/wp-content\/uploads\/2021\/12\/hotel-terme-bologna-piscina3.jpg","datePublished":"2021-12-10T13:58:25+00:00","dateModified":"2021-12-14T09:36:14+00:00","description":"Le terme di Abano sono il posto ideale per tornare in forma\u00a0e pieni di energia. Prenditi cura di te e del tuo benessere all'Hotel Terme Bologna!","breadcrumb":{"@id":"https:\/\/www.hoteltermebologna.com\/it\/riabilitazione-in-acqua-termale\/#breadcrumb"},"inLanguage":"it-IT","potentialAction":[{"@type":"ReadAction","target":["https:\/\/www.hoteltermebologna.com\/it\/riabilitazione-in-acqua-termale\/"]}]},{"@type":"ImageObject","inLanguage":"it-IT","@id":"https:\/\/www.hoteltermebologna.com\/it\/riabilitazione-in-acqua-termale\/#primaryimage","url":"https:\/\/www.hoteltermebologna.com\/wp-content\/uploads\/2021\/12\/hotel-terme-bologna-piscina3.jpg","contentUrl":"https:\/\/www.hoteltermebologna.com\/wp-content\/uploads\/2021\/12\/hotel-terme-bologna-piscina3.jpg","width":1200,"height":800},{"@type":"BreadcrumbList","@id":"https:\/\/www.hoteltermebologna.com\/it\/riabilitazione-in-acqua-termale\/#breadcrumb","itemListElement":[{"@type":"ListItem","position":1,"name":"Home","item":"https:\/\/www.hoteltermebologna.com\/it\/"},{"@type":"ListItem","position":2,"name":"Riabilitazione in acqua termale"}]},{"@type":"WebSite","@id":"https:\/\/www.hoteltermebologna.com\/it\/#website","url":"https:\/\/www.hoteltermebologna.com\/it\/","name":"Hotel Terme Bologna","description":"Abano Terme","publisher":{"@id":"https:\/\/www.hoteltermebologna.com\/it\/#organization"},"potentialAction":[{"@type":"SearchAction","target":{"@type":"EntryPoint","urlTemplate":"https:\/\/www.hoteltermebologna.com\/it\/?s={search_term_string}"},"query-input":{"@type":"PropertyValueSpecification","valueRequired":true,"valueName":"search_term_string"}}],"inLanguage":"it-IT"},{"@type":"Organization","@id":"https:\/\/www.hoteltermebologna.com\/it\/#organization","name":"Hotel Terme Bologna","url":"https:\/\/www.hoteltermebologna.com\/it\/","logo":{"@type":"ImageObject","inLanguage":"it-IT","@id":"https:\/\/www.hoteltermebologna.com\/it\/#\/schema\/logo\/image\/","url":"https:\/\/www.hoteltermebologna.com\/wp-content\/uploads\/2021\/12\/logo-terme-bologna.png","contentUrl":"https:\/\/www.hoteltermebologna.com\/wp-content\/uploads\/2021\/12\/logo-terme-bologna.png","width":205,"height":147,"caption":"Hotel Terme Bologna"},"image":{"@id":"https:\/\/www.hoteltermebologna.com\/it\/#\/schema\/logo\/image\/"}}]}},"coauthors":[],"author_meta":{"author_link":"https:\/\/www.hoteltermebologna.com\/it\/author\/h0t3-m1l\/","display_name":"h0t3-m1l"},"relative_dates":{"created":"Pubblicato 4 anni fa","modified":"Aggiornato 4 anni fa"},"absolute_dates":{"created":"Pubblicato il Dicembre 10, 2021","modified":"Aggiornato il Dicembre 14, 2021"},"absolute_dates_time":{"created":"Pubblicato il Dicembre 10, 2021 2:58 pm","modified":"Aggiornato il Dicembre 14, 2021 10:36 am"},"featured_img_caption":"","featured_img":"https:\/\/www.hoteltermebologna.com\/wp-content\/uploads\/2021\/12\/hotel-terme-bologna-piscina3.jpg","series_order":"","_links":{"self":[{"href":"https:\/\/www.hoteltermebologna.com\/it\/wp-json\/wp\/v2\/pages\/4389","targetHints":{"allow":["GET"]}}],"collection":[{"href":"https:\/\/www.hoteltermebologna.com\/it\/wp-json\/wp\/v2\/pages"}],"about":[{"href":"https:\/\/www.hoteltermebologna.com\/it\/wp-json\/wp\/v2\/types\/page"}],"author":[{"embeddable":true,"href":"https:\/\/www.hoteltermebologna.com\/it\/wp-json\/wp\/v2\/users\/1"}],"replies":[{"embeddable":true,"href":"https:\/\/www.hoteltermebologna.com\/it\/wp-json\/wp\/v2\/comments?post=4389"}],"version-history":[{"count":2,"href":"https:\/\/www.hoteltermebologna.com\/it\/wp-json\/wp\/v2\/pages\/4389\/revisions"}],"predecessor-version":[{"id":4477,"href":"https:\/\/www.hoteltermebologna.com\/it\/wp-json\/wp\/v2\/pages\/4389\/revisions\/4477"}],"wp:featuredmedia":[{"embeddable":true,"href":"https:\/\/www.hoteltermebologna.com\/it\/wp-json\/wp\/v2\/media\/3587"}],"wp:attachment":[{"href":"https:\/\/www.hoteltermebologna.com\/it\/wp-json\/wp\/v2\/media?parent=4389"}],"curies":[{"name":"wp","href":"https:\/\/api.w.org\/{rel}","templated":true}]}}